{"id":1149,"date":"2021-02-22T08:30:31","date_gmt":"2021-02-22T07:30:31","guid":{"rendered":"http:\/\/localhost:8888\/?page_id=1149"},"modified":"2021-03-31T12:21:57","modified_gmt":"2021-03-31T10:21:57","slug":"sal","status":"publish","type":"page","link":"https:\/\/designbuero-zabel.de\/?page_id=1149","title":{"rendered":"Saisonales"},"content":{"rendered":"<p><section class=\"fw-main-row  sal-1\" style=\"background-color:#ffffff;\" >\n\t<div class=\"fw-container\">\n\t\t<div class=\"fw-row\">\n\t<div class=\"fw-col-xs-12\">\n\t<img decoding=\"async\" src=\"\/\/designbuero-zabel.de\/wp-content\/uploads\/2021\/02\/01_titel_saisonales.png\" alt=\"\/\/designbuero-zabel.de\/wp-content\/uploads\/2021\/02\/01_titel_saisonales.png\" class=\"sal-1-img-1\" \/><\/div>\n<\/div>\n\n\t<\/div>\n<\/section>\n<section class=\"fw-main-row  sal-2\" style=\"background-color:#ffffff;\" >\n\t<div class=\"fw-container\">\n\t\t<div class=\"fw-row\">\n\t<div class=\"fw-col-xs-12 fw-col-sm-6\">\n\t<div class=\"sal-2-div-1\"><h1>Promotions, die was bewegen<\/h1><h3>Fix + klipp + klar Kaufimpulse setzen: f\u00fcr 1,7 Sekunden<\/h3><p>... denn dann l\u00e4sst zumindest bei den Digital-Natives die Aufmerksamkeitsspanne bereits wieder nach. Also hei\u00dft der beste Trick: \u201eLiebe auf den 1. Blick!\u201c<\/p><\/div><img decoding=\"async\" src=\"\/\/designbuero-zabel.de\/wp-content\/uploads\/2021\/02\/03_tasting_02.png\" alt=\"\/\/designbuero-zabel.de\/wp-content\/uploads\/2021\/02\/03_tasting_02.png\" class=\"sal-2-img-2\" \/><\/div>\n<div class=\"fw-col-xs-12 fw-col-sm-6\">\n\t<img decoding=\"async\" src=\"\/\/designbuero-zabel.de\/wp-content\/uploads\/2021\/02\/02_tasting_01.jpg\" alt=\"\/\/designbuero-zabel.de\/wp-content\/uploads\/2021\/02\/02_tasting_01.jpg\" class=\"sal-2-img-1\" \/><div class=\"sal-2-div-2\"><h1>Ein Gini-Streich:<\/h1><h3>gezielte Verkaufsf\u00f6rderung + Kundenbindung + Imagewerbung<\/h3><p>Dieser Cocktail ist perfekt abgeschmeckt: Man nehme und nutze den Trend zu feinem Wachholderbrand f\u00fcr den Abverkauf mit hochprozentiger Marge, f\u00fcge Kunden bindende Verkostungsaktionen hinzu und runde so den Markenkern \u201eFachmarktkompetenz\u201c Image f\u00f6rdernd ab. Wohl bekomm\u2019s!<\/p><\/div><img decoding=\"async\" src=\"\/\/designbuero-zabel.de\/wp-content\/uploads\/2021\/02\/04_05_tasting_03.png\" alt=\"\/\/designbuero-zabel.de\/wp-content\/uploads\/2021\/02\/04_05_tasting_03.png\" class=\"sal-2-img-3\" \/><\/div>\n<\/div>\n\n<div class=\"fw-row\">\n\t<div class=\"fw-col-xs-12 fw-col-sm-4\">\n\t<img decoding=\"async\" src=\"\/\/designbuero-zabel.de\/wp-content\/uploads\/2021\/02\/06_tasting_05-min.jpg\" alt=\"\/\/designbuero-zabel.de\/wp-content\/uploads\/2021\/02\/06_tasting_05-min.jpg\" class=\"sal-2-img-4\" \/><\/div>\n<div class=\"fw-col-xs-12 fw-col-sm-4\">\n\t<img decoding=\"async\" src=\"\/\/designbuero-zabel.de\/wp-content\/uploads\/2021\/02\/07_tasting_06-min.jpg\" alt=\"\/\/designbuero-zabel.de\/wp-content\/uploads\/2021\/02\/07_tasting_06-min.jpg\" class=\"sal-2-img-4 sal-2-img-5\" \/><\/div>\n<div class=\"fw-col-xs-12 fw-col-sm-4\">\n\t<img decoding=\"async\" src=\"\/\/designbuero-zabel.de\/wp-content\/uploads\/2021\/02\/08_tasting_07-min.jpg\" alt=\"\/\/designbuero-zabel.de\/wp-content\/uploads\/2021\/02\/08_tasting_07-min.jpg\" class=\"sal-2-img-4\" \/><\/div>\n<\/div>\n\n<div class=\"fw-row\">\n\t<div class=\"fw-col-xs-12 fw-col-sm-4\">\n\t<img decoding=\"async\" src=\"\/\/designbuero-zabel.de\/wp-content\/uploads\/2021\/02\/09_tasting_08-min.jpg\" alt=\"\/\/designbuero-zabel.de\/wp-content\/uploads\/2021\/02\/09_tasting_08-min.jpg\" class=\"sal-2-img-4\" \/><\/div>\n<div class=\"fw-col-xs-12 fw-col-sm-4\">\n\t<img decoding=\"async\" src=\"\/\/designbuero-zabel.de\/wp-content\/uploads\/2021\/02\/10_tasting_09-min.jpg\" alt=\"\/\/designbuero-zabel.de\/wp-content\/uploads\/2021\/02\/10_tasting_09-min.jpg\" class=\"sal-2-img-4 sal-2-img-5\" \/><\/div>\n<div class=\"fw-col-xs-12 fw-col-sm-4\">\n\t<img decoding=\"async\" src=\"\/\/designbuero-zabel.de\/wp-content\/uploads\/2021\/02\/11_tasting_10-min.jpg\" alt=\"\/\/designbuero-zabel.de\/wp-content\/uploads\/2021\/02\/11_tasting_10-min.jpg\" class=\"sal-2-img-4\" \/><\/div>\n<\/div>\n\n<div class=\"fw-row\">\n\t<div class=\"fw-col-xs-12 fw-col-sm-4\">\n\t<img decoding=\"async\" src=\"\/\/designbuero-zabel.de\/wp-content\/uploads\/2021\/02\/12_tasting_11-min.jpg\" alt=\"\/\/designbuero-zabel.de\/wp-content\/uploads\/2021\/02\/12_tasting_11-min.jpg\" class=\"sal-2-img-4\" \/><\/div>\n<div class=\"fw-col-xs-12 fw-col-sm-4\">\n\t<img decoding=\"async\" src=\"\/\/designbuero-zabel.de\/wp-content\/uploads\/2021\/02\/13_tasting_12-min.jpg\" alt=\"\/\/designbuero-zabel.de\/wp-content\/uploads\/2021\/02\/13_tasting_12-min.jpg\" class=\"sal-2-img-4 sal-2-img-5\" \/><\/div>\n<div class=\"fw-col-xs-12 fw-col-sm-4\">\n\t<img decoding=\"async\" src=\"\/\/designbuero-zabel.de\/wp-content\/uploads\/2021\/02\/14_tasting_13-min.jpg\" alt=\"\/\/designbuero-zabel.de\/wp-content\/uploads\/2021\/02\/14_tasting_13-min.jpg\" class=\"sal-2-img-4\" \/><\/div>\n<\/div>\n\n<div class=\"fw-row\">\n\t<div class=\"fw-col-xs-12\">\n\t\n\t<div class=\"fw-divider-space\" style=\"padding-top: 50px;\"><\/div>\n<\/div>\n<\/div>\n\n<div class=\"fw-row\">\n\t<div class=\"fw-col-xs-12 fw-col-sm-6\">\n\t<img decoding=\"async\" src=\"\/\/designbuero-zabel.de\/wp-content\/uploads\/2021\/02\/15_bierliste.png\" alt=\"\/\/designbuero-zabel.de\/wp-content\/uploads\/2021\/02\/15_bierliste.png\" class=\"sal-2-img-2\" \/><\/div>\n<div class=\"fw-col-xs-12 fw-col-sm-6\">\n\t<div class=\"sal-2-div-3\"><h1>Voll im Trend: DIES & DAS<\/h1><h3>... und das macht Spa\u00df!<\/h3><p>Plastikt\u00fcten sind out, langlebige, robuste Tragetaschen sind in. Nachhaltigkeit ist angesagt. Dabei d\u00fcrfen Ihre Kunden eine tragende Rolle \u00fcbernehmen: f\u00fcr laufende Werbung mit nachhaltiger Kontaktzeit.<\/p><\/div><img decoding=\"async\" src=\"\/\/designbuero-zabel.de\/wp-content\/uploads\/2021\/02\/16_tasche.png\" alt=\"\/\/designbuero-zabel.de\/wp-content\/uploads\/2021\/02\/16_tasche.png\" class=\"sal-2-img-6\" \/><img decoding=\"async\" src=\"\/\/designbuero-zabel.de\/wp-content\/uploads\/2021\/02\/17_tasche_02.png\" alt=\"\/\/designbuero-zabel.de\/wp-content\/uploads\/2021\/02\/17_tasche_02.png\" class=\"sal-2-img-7\" \/><\/div>\n<\/div>\n\n\t<\/div>\n<\/section>\n<section class=\"fw-main-row  sal-3\" style=\"background-color:#f0e0ef;\" >\n\t<div class=\"fw-container\">\n\t\t<div class=\"fw-row\">\n\t<div class=\"fw-col-xs-12 fw-col-sm-6\">\n\t<img decoding=\"async\" src=\"\/\/designbuero-zabel.de\/wp-content\/uploads\/2021\/02\/18_valentine_01.png\" alt=\"\/\/designbuero-zabel.de\/wp-content\/uploads\/2021\/02\/18_valentine_01.png\" class=\"sal-3-img-1\" \/><\/div>\n<div class=\"fw-col-xs-12 fw-col-sm-6\">\n\t<div class=\"sal-3-div-1\"><h1>Liebe auf den 1. Blick!<\/h1><h3>Wie schon gesagt: noch immer der beste Trick<\/h3><p>Springt ins Auge, geht zu Herzen: unsere Valentins-Promotion mit Gewinnspiel-Mechanik und liebevollen, ganz pers\u00f6nlichen Accessoires wie der Bottleneck Hanger und die Postkarte f\u00fcr die kleine Liebeserkl\u00e4rung zwischendurch.<\/p><\/div><\/div>\n<\/div>\n\n<div class=\"fw-row\">\n\t<div class=\"fw-col-xs-12\">\n\t<img decoding=\"async\" src=\"\/\/designbuero-zabel.de\/wp-content\/uploads\/2021\/02\/18_bild.png\" alt=\"\/\/designbuero-zabel.de\/wp-content\/uploads\/2021\/02\/18_bild.png\" class=\"sal-3-img-2\" \/><\/div>\n<\/div>\n\n\t<\/div>\n<\/section>\n<section class=\"fw-main-row  sal-4\" style=\"background-color:#ffffff;\" >\n\t<div class=\"fw-container\">\n\t\t<div class=\"fw-row\">\n\t<div class=\"fw-col-xs-12\">\n\t<img decoding=\"async\" src=\"\/\/designbuero-zabel.de\/wp-content\/uploads\/2021\/02\/26_karneval_01.png\" alt=\"\/\/designbuero-zabel.de\/wp-content\/uploads\/2021\/02\/26_karneval_01.png\" class=\"sal-4-img-1\" \/><\/div>\n<\/div>\n\n<div class=\"fw-row\">\n\t<div class=\"fw-col-xs-12 fw-col-sm-6\">\n\t<div class=\"sal-4-div-1\"><h1>I werd\u2018 narrisch!<\/h1><h3>Promotion-Kracher mit Gewinnspiel und Jubi-Logo<\/h3><p>Weil\u2018s zu dieser Mitmach-Promotion so gut passt wie der Spa\u00df an der Sache, haben wir auch gleich das Jubil\u00e4ums-Logo \u201e30 Jahre Trink & Spare\u201c integriert.<\/p><\/div><\/div>\n<\/div>\n\n<div class=\"fw-row\">\n\t<div class=\"fw-col-xs-12\">\n\t<img decoding=\"async\" src=\"\/\/designbuero-zabel.de\/wp-content\/uploads\/2021\/02\/27_bild.png\" alt=\"\/\/designbuero-zabel.de\/wp-content\/uploads\/2021\/02\/27_bild.png\" class=\"sal-4-img-2\" \/><\/div>\n<\/div>\n\n<div class=\"fw-row\">\n\t<div class=\"fw-col-xs-12\">\n\t<img decoding=\"async\" src=\"\/\/designbuero-zabel.de\/wp-content\/uploads\/2021\/02\/33_ostern_02.png\" alt=\"\/\/designbuero-zabel.de\/wp-content\/uploads\/2021\/02\/33_ostern_02.png\" class=\"sal-4-img-3\" \/><\/div>\n<\/div>\n\n\t<\/div>\n<\/section>\n<section class=\"fw-main-row  sal-5\" style=\"background-image:url(https:\/\/designbuero-zabel.de\/wp-content\/uploads\/2021\/02\/40_ostern_09-min-scaled.jpg);\" >\n\t<div class=\"fw-container\">\n\t\t<div class=\"fw-row\">\n\t<div class=\"fw-col-xs-12 fw-col-sm-6\">\n\t<img decoding=\"async\" src=\"\/\/designbuero-zabel.de\/wp-content\/uploads\/2021\/03\/32_ostern_01.png\" alt=\"\/\/designbuero-zabel.de\/wp-content\/uploads\/2021\/03\/32_ostern_01.png\" class=\"sal-5-img-1\" \/><\/div>\n<div class=\"fw-col-xs-12 fw-col-sm-6\">\n\t<img decoding=\"async\" src=\"\/\/designbuero-zabel.de\/wp-content\/uploads\/2021\/02\/34_ostern_03.png\" alt=\"\/\/designbuero-zabel.de\/wp-content\/uploads\/2021\/02\/34_ostern_03.png\" class=\"sal-5-img-2\" \/><div class=\"sal-5-div-1\"><h1>Immer eine Hasenl\u00e4nge voraus!<\/h1><h3>Diese Zugabe-Promotion l\u00e4sst aufhorchen<\/h3><p>Einfache Mechanik: Eier auf dem Kasten, nicht mehr l\u00e4nger fasten.<\/p><\/div><\/div>\n<\/div>\n\n<div class=\"fw-row\">\n\t<div class=\"fw-col-xs-12\">\n\t<img decoding=\"async\" src=\"\/\/designbuero-zabel.de\/wp-content\/uploads\/2021\/02\/40_bild-min.png\" alt=\"\/\/designbuero-zabel.de\/wp-content\/uploads\/2021\/02\/40_bild-min.png\" class=\"sal-5-img-3\" \/><\/div>\n<\/div>\n\n\t<\/div>\n<\/section>\n<section class=\"fw-main-row  sal-6\" style=\"background-color:#000000;\" >\n\t<div class=\"fw-container\">\n\t\t<div class=\"fw-row\">\n\t<div class=\"fw-col-xs-12\">\n\t<img decoding=\"async\" src=\"\/\/designbuero-zabel.de\/wp-content\/uploads\/2021\/02\/41_xmas_01-min.png\" alt=\"\/\/designbuero-zabel.de\/wp-content\/uploads\/2021\/02\/41_xmas_01-min.png\" class=\"sal-6-img-1\" \/><\/div>\n<\/div>\n\n<div class=\"fw-row\">\n\t<div class=\"fw-col-xs-12 fw-col-sm-6\">\n\t<div class=\"sal-6-div-1\"><h1>Das ist Gold!<\/h1><p>... weil es zur Weihnacht gern etwas mehr sein darf.<\/p><\/div><img decoding=\"async\" src=\"\/\/designbuero-zabel.de\/wp-content\/uploads\/2021\/02\/42_xmas_02-min.png\" alt=\"\/\/designbuero-zabel.de\/wp-content\/uploads\/2021\/02\/42_xmas_02-min.png\" class=\"sal-6-img-2\" \/><\/div>\n<div class=\"fw-col-xs-12 fw-col-sm-6\">\n\t<img decoding=\"async\" src=\"\/\/designbuero-zabel.de\/wp-content\/uploads\/2021\/02\/43_xmas_03-min.png\" alt=\"\/\/designbuero-zabel.de\/wp-content\/uploads\/2021\/02\/43_xmas_03-min.png\" class=\"sal-6-img-3\" \/><img decoding=\"async\" src=\"\/\/designbuero-zabel.de\/wp-content\/uploads\/2021\/02\/45_xmas_05-min.png\" alt=\"\/\/designbuero-zabel.de\/wp-content\/uploads\/2021\/02\/45_xmas_05-min.png\" class=\"sal-6-img-4\" \/><\/div>\n<\/div>\n\n<div class=\"fw-row\">\n\t<div class=\"fw-col-xs-12\">\n\t<img decoding=\"async\" src=\"\/\/designbuero-zabel.de\/wp-content\/uploads\/2021\/02\/44_xmas_04-min.png\" alt=\"\/\/designbuero-zabel.de\/wp-content\/uploads\/2021\/02\/44_xmas_04-min.png\" class=\"sal-6-img-5\" \/><\/div>\n<\/div>\n\n\t<\/div>\n<\/section>\n<section class=\"fw-main-row  sal-7\" style=\"background-color:#ffffff;\" >\n\t<div class=\"fw-container\">\n\t\t<div class=\"fw-row\">\n\t<div class=\"fw-col-xs-12\">\n\t<img decoding=\"async\" src=\"\/\/designbuero-zabel.de\/wp-content\/uploads\/2021\/02\/46_xmas_06-min.png\" alt=\"\/\/designbuero-zabel.de\/wp-content\/uploads\/2021\/02\/46_xmas_06-min.png\" class=\"sal-7-img-1\" \/><\/div>\n<\/div>\n\n<div class=\"fw-row\">\n\t<div class=\"fw-col-xs-12\">\n\t<img decoding=\"async\" src=\"\/\/designbuero-zabel.de\/wp-content\/uploads\/2021\/02\/47_xmas_07-min.png\" alt=\"\/\/designbuero-zabel.de\/wp-content\/uploads\/2021\/02\/47_xmas_07-min.png\" class=\"sal-7-img-2\" \/><div class=\"sal-7-div-1\"><div class=\"_df_book df-lite\" id=\"df_1209\"  data-title=\"saisonales\" _slug=\"saisonales\" wpoptions=\"true\" thumbtype=\"bg\" ><p class=\"df-raw-loading\">Please wait while flipbook is loading. For more related info, FAQs and issues please refer to <a href=\"https:\/\/wordpress.org\/plugins\/3d-flipbook-dflip-lite\/#installation\">DearFlip WordPress Flipbook Plugin Help<\/a> documentation.<\/p><\/div><script class=\"df-shortcode-script\" type=\"application\/javascript\">window.option_df_1209 = {\"outline\":[],\"backgroundColor\":\"none\",\"forceFit\":\"true\",\"autoEnableOutline\":\"false\",\"autoEnableThumbnail\":\"false\",\"overwritePDFOutline\":\"false\",\"enableDownload\":\"false\",\"direction\":\"1\",\"pageSize\":\"0\",\"pageMode\":\"2\",\"controlsPosition\":\"bottom\",\"soundEnable\":\"false\",\"source\":\"https:\\\/\\\/designbuero-zabel.de\\\/wp-content\\\/uploads\\\/2021\\\/02\\\/49_xmas_09-min.pdf\",\"wpOptions\":\"true\"}; if(window.DFLIP && window.DFLIP.parseBooks){window.DFLIP.parseBooks();}<\/script><\/div><img decoding=\"async\" src=\"\/\/designbuero-zabel.de\/wp-content\/uploads\/2021\/02\/48_xmas_08-min.png\" alt=\"\/\/designbuero-zabel.de\/wp-content\/uploads\/2021\/02\/48_xmas_08-min.png\" class=\"sal-7-img-3\" \/><img decoding=\"async\" src=\"\/\/designbuero-zabel.de\/wp-content\/uploads\/2021\/02\/50_xmas_10-min.png\" alt=\"\/\/designbuero-zabel.de\/wp-content\/uploads\/2021\/02\/50_xmas_10-min.png\" class=\"sal-7-img-4\" \/><\/div>\n<\/div>\n\n\t<\/div>\n<\/section>\n<\/p>\n","protected":false},"excerpt":{"rendered":"<p>Promotions, die was bewegenFix + klipp + klar Kaufimpulse setzen: f\u00fcr 1,7 Sekunden&#8230; denn dann l\u00e4sst zumindest bei den Digital-Natives die Aufmerksamkeitsspanne bereits wieder nach. Also hei\u00dft der beste Trick: \u201eLiebe auf den 1. Blick!\u201c Ein Gini-Streich:gezielte Verkaufsf\u00f6rderung + Kundenbindung + ImagewerbungDieser Cocktail ist perfekt abgeschmeckt: Man nehme und nutze den Trend zu feinem Wachholderbrand [&hellip;]<\/p>\n","protected":false},"author":1,"featured_media":0,"parent":0,"menu_order":0,"comment_status":"closed","ping_status":"closed","template":"","meta":{"footnotes":""},"class_list":["post-1149","page","type-page","status-publish","hentry"],"_links":{"self":[{"href":"https:\/\/designbuero-zabel.de\/index.php?rest_route=\/wp\/v2\/pages\/1149","targetHints":{"allow":["GET"]}}],"collection":[{"href":"https:\/\/designbuero-zabel.de\/index.php?rest_route=\/wp\/v2\/pages"}],"about":[{"href":"https:\/\/designbuero-zabel.de\/index.php?rest_route=\/wp\/v2\/types\/page"}],"author":[{"embeddable":true,"href":"https:\/\/designbuero-zabel.de\/index.php?rest_route=\/wp\/v2\/users\/1"}],"replies":[{"embeddable":true,"href":"https:\/\/designbuero-zabel.de\/index.php?rest_route=%2Fwp%2Fv2%2Fcomments&post=1149"}],"version-history":[{"count":29,"href":"https:\/\/designbuero-zabel.de\/index.php?rest_route=\/wp\/v2\/pages\/1149\/revisions"}],"predecessor-version":[{"id":2311,"href":"https:\/\/designbuero-zabel.de\/index.php?rest_route=\/wp\/v2\/pages\/1149\/revisions\/2311"}],"wp:attachment":[{"href":"https:\/\/designbuero-zabel.de\/index.php?rest_route=%2Fwp%2Fv2%2Fmedia&parent=1149"}],"curies":[{"name":"wp","href":"https:\/\/api.w.org\/{rel}","templated":true}]}}