{"id":1255,"date":"2021-03-01T09:52:04","date_gmt":"2021-03-01T08:52:04","guid":{"rendered":"http:\/\/localhost:8888\/?page_id=1255"},"modified":"2021-03-31T11:42:30","modified_gmt":"2021-03-31T09:42:30","slug":"aral","status":"publish","type":"page","link":"https:\/\/designbuero-zabel.de\/?page_id=1255","title":{"rendered":"Aral"},"content":{"rendered":"<p><section class=\"fw-main-row  aral-1\" style=\"background-color:#ffffff;\" >\n\t<div class=\"fw-container\">\n\t\t<div class=\"fw-row\">\n\t<div class=\"fw-col-xs-12\">\n\t<img decoding=\"async\" src=\"\/\/designbuero-zabel.de\/wp-content\/uploads\/2021\/03\/01_aral_titel.jpg\" alt=\"\/\/designbuero-zabel.de\/wp-content\/uploads\/2021\/03\/01_aral_titel.jpg\" class=\"\" \/><\/div>\n<\/div>\n\n\t<\/div>\n<\/section>\n<section class=\"fw-main-row  aral-2\" style=\"background-color:#ffffff;\" >\n\t<div class=\"fw-container\">\n\t\t<div class=\"fw-row\">\n\t<div class=\"fw-col-xs-12\">\n\t<div class=\"aral-2-div-1\"><h1>Der feine Snack vom blauen Diamanten!<\/h1><h2>Appetite Appeal an der Tanke<\/h2><p>Ja, wir waren dabei und haben mitgewirkt, als unterm coolen blauen Markendach die anziehend warme Submarke Petit Bistro f\u00fcr leckere Snacks entwickelt und aufgebaut wurde! Ab Ladent\u00fcr tritt man bis heute aus der Welt eher streng riechender Kraftstoffe gern ein in die duftende, genussverhei\u00dfende, warme Welt der Snacks.<\/p><\/div><\/div>\n<\/div>\n\n<div class=\"fw-row\">\n\t<div class=\"fw-col-xs-12 fw-col-sm-4\">\n\t<img decoding=\"async\" src=\"\/\/designbuero-zabel.de\/wp-content\/uploads\/2021\/03\/02_plakat_01.png\" alt=\"\/\/designbuero-zabel.de\/wp-content\/uploads\/2021\/03\/02_plakat_01.png\" class=\"aral-2-img-1\" \/><\/div>\n<div class=\"fw-col-xs-12 fw-col-sm-4\">\n\t<img decoding=\"async\" src=\"\/\/designbuero-zabel.de\/wp-content\/uploads\/2021\/03\/03_plakat_02.png\" alt=\"\/\/designbuero-zabel.de\/wp-content\/uploads\/2021\/03\/03_plakat_02.png\" class=\"aral-2-img-1\" \/><\/div>\n<div class=\"fw-col-xs-12 fw-col-sm-4\">\n\t<img decoding=\"async\" src=\"\/\/designbuero-zabel.de\/wp-content\/uploads\/2021\/03\/04_plakat_03.png\" alt=\"\/\/designbuero-zabel.de\/wp-content\/uploads\/2021\/03\/04_plakat_03.png\" class=\"aral-2-img-1\" \/><\/div>\n<\/div>\n\n\t<\/div>\n<\/section>\n<section class=\"fw-main-row  aral-3\" style=\"background-color:#ffffff;\" >\n\t<div class=\"fw-container\">\n\t\t<div class=\"fw-row\">\n\t<div class=\"fw-col-xs-12\">\n\t<img decoding=\"async\" src=\"\/\/designbuero-zabel.de\/wp-content\/uploads\/2021\/03\/05_shop.jpg\" alt=\"\/\/designbuero-zabel.de\/wp-content\/uploads\/2021\/03\/05_shop.jpg\" class=\"\" \/><\/div>\n<\/div>\n\n\t<\/div>\n<\/section>\n<section class=\"fw-main-row  aral-4\" style=\"background-color:#ffffff;\" >\n\t<div class=\"fw-container\">\n\t\t<div class=\"fw-row\">\n\t<div class=\"fw-col-xs-12 fw-col-sm-8\">\n\t<\/div>\n<div class=\"fw-col-xs-12 fw-col-sm-4\">\n\t<div class=\"aral-4-div-1\"><h2>Das Start-Sortiment der Super-Snacks<\/h2><p>Von der Gestaltung der Banderolen f\u00fcr die Baguette-Br\u00f6tchen \u00fcber die Tassen bis zu individualisierbaren Bechern gab es viel zu tun. So viel, dass es Gestaltungsrichtlinien brauchte ...<\/p><\/div><\/div>\n<\/div>\n\n<div class=\"fw-row\">\n\t<div class=\"fw-col-xs-12\">\n\t<img decoding=\"async\" src=\"\/\/designbuero-zabel.de\/wp-content\/uploads\/2021\/03\/06_tablett.png\" alt=\"\/\/designbuero-zabel.de\/wp-content\/uploads\/2021\/03\/06_tablett.png\" class=\"aral-4-img-1\" \/><\/div>\n<\/div>\n\n\t<\/div>\n<\/section>\n<section class=\"fw-main-row  aral-5\" style=\"background-color:#f0e9de;\" >\n\t<div class=\"fw-container\">\n\t\t<div class=\"fw-row\">\n\t<div class=\"fw-col-xs-12 fw-col-sm-6\">\n\t<div class=\"aral-5-div-1\"><h2>CD-Manual-Entwicklung:<\/h2><h1>Eine Einheit f\u00fcr die Vielfalt<\/h1><p>Backfrische Br\u00f6tchen auf der Hausfarbe Orange? Nicht ganz ohne, aber wir kriegen das gebacken. ... das und alles andere, was einen Markenauftritt stark und lecker macht.<\/p><\/div><\/div>\n<div class=\"fw-col-xs-12 fw-col-sm-6\">\n\t<img decoding=\"async\" src=\"\/\/designbuero-zabel.de\/wp-content\/uploads\/2021\/03\/07_cd_01.png\" alt=\"\/\/designbuero-zabel.de\/wp-content\/uploads\/2021\/03\/07_cd_01.png\" class=\"aral-5-img-1\" \/><\/div>\n<\/div>\n\n<div class=\"fw-row\">\n\t<div class=\"fw-col-xs-12 fw-col-sm-6\">\n\t<img decoding=\"async\" src=\"\/\/designbuero-zabel.de\/wp-content\/uploads\/2021\/03\/08_cd_02.png\" alt=\"\/\/designbuero-zabel.de\/wp-content\/uploads\/2021\/03\/08_cd_02.png\" class=\"aral-5-img-2\" \/><\/div>\n<div class=\"fw-col-xs-12 fw-col-sm-6\">\n\t<img decoding=\"async\" src=\"\/\/designbuero-zabel.de\/wp-content\/uploads\/2021\/03\/09_cd_03.png\" alt=\"\/\/designbuero-zabel.de\/wp-content\/uploads\/2021\/03\/09_cd_03.png\" class=\"aral-5-img-2\" \/><\/div>\n<\/div>\n\n<div class=\"fw-row\">\n\t<div class=\"fw-col-xs-12\">\n\t\n\t<div class=\"fw-divider-space\" style=\"padding-top: 50px;\"><\/div>\n<\/div>\n<\/div>\n\n\t<\/div>\n<\/section>\n<section class=\"fw-main-row  aral-6\" style=\"background-color:#ffffff;\" >\n\t<div class=\"fw-container\">\n\t\t<div class=\"fw-row\">\n\t<div class=\"fw-col-xs-12\">\n\t<div class=\"aral-6-div-1\"><h2>Interne Kommunikation:<\/h2><h1>Qualit\u00e4tsmanagement als Basis-Rezept<\/h1><p>Der Mensch macht die Marke. Nicht zuletzt diejenigen Menschen, die sie t\u00e4glich mit Leben f\u00fcllen. Ein Handbuch hilft dabei: als Leitfaden f\u00fcr die gleichbleibend hohe Qualit\u00e4t aller Snacks. Reich bebildert, verst\u00e4ndlich f\u00fcr jedermann\/frau \u2013 nat\u00fcrlich auch f\u00fcr Nichtmuttersprachler.<\/p><\/div><img decoding=\"async\" src=\"\/\/designbuero-zabel.de\/wp-content\/uploads\/2021\/03\/11_ordner.png\" alt=\"\/\/designbuero-zabel.de\/wp-content\/uploads\/2021\/03\/11_ordner.png\" class=\"aral-6-img-1\" \/><\/div>\n<\/div>\n\n\t<\/div>\n<\/section>\n<section class=\"fw-main-row  aral-7\" style=\"background-color:#f0e9de;\" >\n\t<div class=\"fw-container\">\n\t\t<div class=\"fw-row\">\n\t<div class=\"fw-col-xs-12\">\n\t\n\t<div class=\"fw-divider-space\" style=\"padding-top: 30px;\"><\/div>\n<\/div>\n<\/div>\n\n<div class=\"fw-row\">\n\t<div class=\"fw-col-xs-12\">\n\t<div class=\"aral-7-div-1\"><h2>Coffee-To-Go im Thermobecher:<\/h2><h1>Der hei\u00dfe Sch...<br \/>aus China!<\/h1><p>Bei diesem Thermobecher haben wir neben dem Design auch das Produktmanagement von der Beschaffung bis zur Auslieferung \u00fcbernommen. Den doppelwandigen, sicher verschlie\u00dfbaren, robusten Thermobecher wollte nat\u00fcrlich jeder. Deshalb haben wir gleich 550.000 St\u00fcck aus dem Reich der Mitte geordert: T\u00dcV-zertifiziert, passend f\u00fcr drei Kaffeemaschinen-Systeme und alle Becherhalter im Auto.<\/p><\/div><img decoding=\"async\" src=\"\/\/designbuero-zabel.de\/wp-content\/uploads\/2021\/03\/12_image.png\" alt=\"\/\/designbuero-zabel.de\/wp-content\/uploads\/2021\/03\/12_image.png\" class=\"aral-7-img-1\" \/><\/div>\n<\/div>\n\n<div class=\"fw-row\">\n\t<div class=\"fw-col-xs-12\">\n\t<div class=\"aral-7-div-2\"><h2>Hier wird nix geschlabbert:<\/h2><h1>Becher f\u00fcr wirklich jeden Geschmack<\/h1><p>Den genialen Thermobecher gab\u2019s nicht allein in einer vorgegebenen Designauswahl. Die Doppelwandigkeit macht\u2018s m\u00f6glich! Jedem Kaffeeliebhaber ganz individuell seine Coffee-To-Go-Wunschoptik!<\/p><p>Promotion-Teams in den Bistros erm\u00f6glichten am PoS die Individualisierung mit dem eigenen Konterfei.<\/p><\/div><img decoding=\"async\" src=\"\/\/designbuero-zabel.de\/wp-content\/uploads\/2021\/03\/13_image.png\" alt=\"\/\/designbuero-zabel.de\/wp-content\/uploads\/2021\/03\/13_image.png\" class=\"aral-7-img-2\" \/><\/div>\n<\/div>\n\n\t<\/div>\n<\/section>\n<section class=\"fw-main-row  aral-8\" style=\"background-color:#ffffff;\" >\n\t<div class=\"fw-container\">\n\t\t<div class=\"fw-row\">\n\t<div class=\"fw-col-xs-12\">\n\t<div class=\"aral-8-div-1\"><h2>Appetitanregend und verkaufsf\u00f6rdernd:<\/h2><h1>Super-Snacks mit Spiel-<br \/>und Rubbel-Spa\u00df<\/h1><p>Eine Produkteinf\u00fchrung soll Spa\u00df machen \u2013 vor allem dem K\u00e4ufer. Wir garnieren die Super-Snacks mit Knix-Rubbellosen und dem schlauen SuperSnackTett: Give-aways als Infotainment-Appetizer.<\/p><\/div><img decoding=\"async\" src=\"\/\/designbuero-zabel.de\/wp-content\/uploads\/2021\/03\/14_image.png\" alt=\"\/\/designbuero-zabel.de\/wp-content\/uploads\/2021\/03\/14_image.png\" class=\"aral-8-img-1\" \/><\/div>\n<\/div>\n\n\t<\/div>\n<\/section>\n<section class=\"fw-main-row  aral-9\" style=\"background-color:#f0e9de;\" >\n\t<div class=\"fw-container\">\n\t\t<div class=\"fw-row\">\n\t<div class=\"fw-col-xs-12\">\n\t<div class=\"aral-9-div-1\"><h1>Ein Snack zu jeder Jahreszeit: Sommer- und Winterpromotions<\/h1><\/div><img decoding=\"async\" src=\"\/\/designbuero-zabel.de\/wp-content\/uploads\/2021\/03\/15_image.png\" alt=\"\/\/designbuero-zabel.de\/wp-content\/uploads\/2021\/03\/15_image.png\" class=\"aral-9-img-1\" \/><\/div>\n<\/div>\n\n\t<\/div>\n<\/section>\n<section class=\"fw-main-row  aral-10\" style=\"background-color:#ffffff;\" >\n\t<div class=\"fw-container\">\n\t\t<div class=\"fw-row\">\n\t<div class=\"fw-col-xs-12\">\n\t<div class=\"aral-10-div-1\"><h1>Wir lieben lecker!<\/h1><p>... und wissen genau: Das Auge isst mit. Deshalb richten wir auch die Fotos gern selbst so an, dass einem das Wasser im Mund ... Aber auch die ARAL-blauen Flammen am Herd sind aller Achtung wert!<\/p><\/div><p><script type=\"text\/javascript\">\r\ndocument.addEventListener(\"DOMContentLoaded\", function(event) { \r\n\tjQuery( '#slider-pro-3-1294' ).sliderPro({\r\n\t\t\/\/width\r\n\t\t\t\twidth: \"100%\",\r\n\t\t\t\t\r\n\t\t\/\/height\r\n\t\t\t\tautoHeight: true,\r\n\t\t\t\t\r\n\t\t\/\/autoplay\r\n\t\t\t\t\t\tautoplay: true,\r\n\t\tautoplayOnHover: 'pause',\r\n\t\t\t\t\t\tautoplayDelay: 3000,\r\n\t\t\r\n\t\t\r\n\t\tarrows: false,\r\n\t\tbuttons: true,\r\n\t\tsmallSize: 500,\r\n\t\tmediumSize: 1000,\r\n\t\tlargeSize: 3000,\r\n\t\tfade: true,\r\n\t\t\r\n\t\t\/\/thumbnail\r\n\t\tthumbnailArrows: true,\r\n\t\tthumbnailWidth: 120,\r\n\t\tthumbnailHeight: 120,\r\n\t\t\t\t\t\tthumbnailsPosition: 'bottom',\r\n\t\t\t\t\t\tcenterImage: true,\r\n\t\timageScaleMode: 'contain',\r\n\t\tallowScaleUp: true,\r\n\t\t\t\tstartSlide: 0,\r\n\t\tloop: true,\r\n\t\tslideDistance: 5,\r\n\t\tautoplayDirection: 'normal',\r\n\t\ttouchSwipe: true,\r\n\t\tfullScreen: false,\r\n\t});\r\n});\r\n<\/script>\r\n<style>\r\n\/* Layout 3 *\/\r\n\/* border *\/\r\n#slider-pro-3-1294 .sp-selected-thumbnail {\r\n\tborder: 4px solid #ffffff;\r\n}\r\n\r\n\/* font + color *\/\r\n.title-in  {\r\n\tfont-family: Arial !important;\r\n\tcolor: #FFFFFF !important;\r\n\tbackground-color: #ffffff !important;\r\n\topacity: 0.7 !important;\r\n}\r\n.desc-in  {\r\n\tfont-family: Arial !important;\r\n\tcolor: #FFFFFF !important;\r\n\tbackground-color: #ffffff !important;\r\n\topacity: 0.7 !important;\r\n}\r\n\r\n\/* bullets color *\/\r\n.sp-button  {\r\n\tborder: 2px solid #000000 !important;\r\n}\r\n.sp-selected-button  {\r\n\tbackground-color: #000000 !important;\r\n}\r\n\r\n\/* pointer color - bottom *\/\r\n.sp-selected-thumbnail::before {\r\n\tborder-bottom: 5px solid #ffffff !important;\r\n}\r\n.sp-selected-thumbnail::after {\r\n\tborder-bottom: 13px solid #ffffff !important;\r\n}\r\n\r\n\/* pointer color - top *\/\r\n\r\n\/* full screen icon *\/\r\n.sp-full-screen-button::before {\r\n    color: #FFFFFF !important;\r\n}\r\n\r\n\/* hover navigation icon color *\/\r\n.sp-next-arrow::after, .sp-next-arrow::before {\r\n\tbackground-color: #FFFFFF !important;\r\n}\r\n.sp-previous-arrow::after, .sp-previous-arrow::before {\r\n\tbackground-color: #FFFFFF !important;\r\n}\r\n\r\n#slider-pro-3-1294 .title-in {\r\n\tcolor: #FFFFFF !important;\r\n\tfont-weight: bolder;\r\n\ttext-align: center;\r\n}\r\n\r\n#slider-pro-3-1294 .title-in-bg {\r\n\tbackground: rgba(255, 255, 255, 0.7); !important;\r\n\twhite-space: unset !important;\r\n\tmax-width: 90%;\r\n\tmin-width: 40%;\r\n\ttransform: initial !important;\r\n\t-webkit-transform: initial !important;\r\n\tfont-size: 14px !important;\r\n}\r\n\r\n#slider-pro-3-1294 .desc-in {\r\n\tcolor: #FFFFFF !important;\r\n\ttext-align: center;\r\n}\r\n#slider-pro-3-1294 .desc-in-bg {\r\n\tbackground: rgba(#ffffff, 0.7) !important;\r\n\twhite-space: unset !important;\r\n\twidth: 80% !important;\r\n\tmin-width: 30%;\r\n\ttransform: initial !important;\r\n\t-webkit-transform: initial !important;\r\n\tfont-size: 13px !important;\r\n}\r\n\r\n@media (max-width: 640px) {\r\n\t#slider-pro-3-1294 .hide-small-screen {\r\n\t\tdisplay: none;\r\n\t}\r\n}\r\n\r\n@media (max-width: 860px) {\r\n\t#slider-pro-3-1294 .sp-layer {\r\n\t\tfont-size: 18px;\r\n\t}\r\n\t\r\n\t#slider-pro-3-1294 .hide-medium-screen {\r\n\t\tdisplay: none;\r\n\t}\r\n}\r\n.slides-not-found {\r\n\tbackground-color: #a92929;\r\n\tborder-radius: 5px;\r\n\tcolor: #fff;\r\n\tfont-family: initial;\r\n\ttext-align: center;\r\n\tpadding:12px;\r\n}\r\n\/* Custom CSS *\/\r\n.sp-button { width: 10px !important; height: 10px !important; border: 1px solid #000 !important; }<\/style>\r\n\t\t<div id=\"slider-pro-3-1294\" class=\"slider-pro\">\r\n\t\t\t<!---- slides div start ---->\r\n\t\t\t<div class=\"sp-slides\">\r\n\t\t\t\t\t\t\t\t\t\t<div class=\"sp-slide\">\r\n\t\t\t\t\t\t\t<img decoding=\"async\" class=\"sp-image\" alt=\"25_slider_01\" src=\"https:\/\/designbuero-zabel.de\/wp-content\/plugins\/ultimate-responsive-image-slider\/assets\/css\/images\/blank.gif\" data-src=\"https:\/\/designbuero-zabel.de\/wp-content\/uploads\/2021\/03\/25_slider_01.jpg\" \/>\r\n\r\n\t\t\t\t\t\t\t\r\n\t\t\t\t\t\t\t\t\t\t\t\t\t<\/div>\r\n\t\t\t\t\t\t\t\t\t\t\t\t<div class=\"sp-slide\">\r\n\t\t\t\t\t\t\t<img decoding=\"async\" class=\"sp-image\" alt=\"26_slider_02\" src=\"https:\/\/designbuero-zabel.de\/wp-content\/plugins\/ultimate-responsive-image-slider\/assets\/css\/images\/blank.gif\" data-src=\"https:\/\/designbuero-zabel.de\/wp-content\/uploads\/2021\/03\/26_slider_02.jpg\" \/>\r\n\r\n\t\t\t\t\t\t\t\r\n\t\t\t\t\t\t\t\t\t\t\t\t\t<\/div>\r\n\t\t\t\t\t\t\t\t\t\t\t\t<div class=\"sp-slide\">\r\n\t\t\t\t\t\t\t<img decoding=\"async\" class=\"sp-image\" alt=\"27_slider_03\" src=\"https:\/\/designbuero-zabel.de\/wp-content\/plugins\/ultimate-responsive-image-slider\/assets\/css\/images\/blank.gif\" data-src=\"https:\/\/designbuero-zabel.de\/wp-content\/uploads\/2021\/03\/27_slider_03.jpg\" \/>\r\n\r\n\t\t\t\t\t\t\t\r\n\t\t\t\t\t\t\t\t\t\t\t\t\t<\/div>\r\n\t\t\t\t\t\t\t\t\t\t\t\t<div class=\"sp-slide\">\r\n\t\t\t\t\t\t\t<img decoding=\"async\" class=\"sp-image\" alt=\"28_slider_04\" src=\"https:\/\/designbuero-zabel.de\/wp-content\/plugins\/ultimate-responsive-image-slider\/assets\/css\/images\/blank.gif\" data-src=\"https:\/\/designbuero-zabel.de\/wp-content\/uploads\/2021\/03\/28_slider_04.jpg\" \/>\r\n\r\n\t\t\t\t\t\t\t\r\n\t\t\t\t\t\t\t\t\t\t\t\t\t<\/div>\r\n\t\t\t\t\t\t\t\t\t<\/div>\r\n\t\t\t\r\n\t\t\t<!---- slides div end ---->\r\n\t\t\t\t\t\t<!-- slides thumbnails div end -->\r\n\t\t<\/div>\r\n<\/p>\n\t<div class=\"fw-divider-space\" style=\"padding-top: 20px;\"><\/div>\n<\/div>\n<\/div>\n\n\t<\/div>\n<\/section>\n<\/p>\n","protected":false},"excerpt":{"rendered":"","protected":false},"author":1,"featured_media":0,"parent":0,"menu_order":0,"comment_status":"closed","ping_status":"closed","template":"","meta":{"footnotes":""},"class_list":["post-1255","page","type-page","status-publish","hentry"],"_links":{"self":[{"href":"https:\/\/designbuero-zabel.de\/index.php?rest_route=\/wp\/v2\/pages\/1255","targetHints":{"allow":["GET"]}}],"collection":[{"href":"https:\/\/designbuero-zabel.de\/index.php?rest_route=\/wp\/v2\/pages"}],"about":[{"href":"https:\/\/designbuero-zabel.de\/index.php?rest_route=\/wp\/v2\/types\/page"}],"author":[{"embeddable":true,"href":"https:\/\/designbuero-zabel.de\/index.php?rest_route=\/wp\/v2\/users\/1"}],"replies":[{"embeddable":true,"href":"https:\/\/designbuero-zabel.de\/index.php?rest_route=%2Fwp%2Fv2%2Fcomments&post=1255"}],"version-history":[{"count":30,"href":"https:\/\/designbuero-zabel.de\/index.php?rest_route=\/wp\/v2\/pages\/1255\/revisions"}],"predecessor-version":[{"id":2283,"href":"https:\/\/designbuero-zabel.de\/index.php?rest_route=\/wp\/v2\/pages\/1255\/revisions\/2283"}],"wp:attachment":[{"href":"https:\/\/designbuero-zabel.de\/index.php?rest_route=%2Fwp%2Fv2%2Fmedia&parent=1255"}],"curies":[{"name":"wp","href":"https:\/\/api.w.org\/{rel}","templated":true}]}}