{"id":1308,"date":"2021-03-02T09:07:18","date_gmt":"2021-03-02T08:07:18","guid":{"rendered":"http:\/\/localhost:8888\/?page_id=1308"},"modified":"2021-03-31T12:25:49","modified_gmt":"2021-03-31T10:25:49","slug":"saa","status":"publish","type":"page","link":"https:\/\/designbuero-zabel.de\/?page_id=1308","title":{"rendered":"Spenden-Anziehende Aktion"},"content":{"rendered":"<p><section class=\"fw-main-row  saa-1\" style=\"background-color:#ffffff;\" >\n\t<div class=\"fw-container\">\n\t\t<div class=\"fw-row\">\n\t<div class=\"fw-col-xs-12\">\n\t<img decoding=\"async\" src=\"\/\/designbuero-zabel.de\/wp-content\/uploads\/2021\/03\/01_titel_spenden.jpg\" alt=\"\/\/designbuero-zabel.de\/wp-content\/uploads\/2021\/03\/01_titel_spenden.jpg\" class=\"\" \/><img decoding=\"async\" src=\"\/\/designbuero-zabel.de\/wp-content\/uploads\/2021\/03\/02_titel_spenden_02.png\" alt=\"\/\/designbuero-zabel.de\/wp-content\/uploads\/2021\/03\/02_titel_spenden_02.png\" class=\"saa-1-img-1\" \/><\/div>\n<\/div>\n\n\t<\/div>\n<\/section>\n<section class=\"fw-main-row  saa-2\" style=\"background-color:#ffffff;\" >\n\t<div class=\"fw-container\">\n\t\t<div class=\"fw-row\">\n\t<div class=\"fw-col-xs-12 fw-col-sm-6\">\n\t<div class=\"saa-2-div-1\"><h1>Lichtblick Leergut:<br \/>mit Gutem Gutes bewirken!<\/h1><p>... so wird Gutes noch besser:<br \/>Der Getr\u00e4nkefachmarkt Trink &amp; Spare unterst\u00fctzt die Aktion Lichtblicke zugunsten von Kindern und Familien in prek\u00e4rer Situation. Da unterst\u00fctzen wir unseren Kunden nat\u00fcrlich gern mit einem wirkungsvollen Kommunikationskonzept \u2013 beginnend mit zwei Signets:<\/p><h4>\u2022 eines signalisiert dem Endverbraucher \u201ebitte Pfand spenden!\u201c<\/h4><h4>\u2022 eines signalisiert den b-to-b-Partnern \u201ebitte beteiligt euch!\u201c<\/h4><\/div><\/div>\n<div class=\"fw-col-xs-12 fw-col-sm-6\">\n\t<\/div>\n<\/div>\n\n\t<\/div>\n<\/section>\n<section class=\"fw-main-row  saa-3\" style=\"background-color:#ffffff;background-image:url(https:\/\/designbuero-zabel.de\/wp-content\/uploads\/2021\/03\/07_partner_fond.png);\" >\n\t<div class=\"fw-container\">\n\t\t<div class=\"fw-row\">\n\t<div class=\"fw-col-xs-12\">\n\t<div class=\"saa-3-div-1\"><h1>Zwei Partner, zwei Wege, ein Ziel!<\/h1><\/div><\/div>\n<\/div>\n\n<div class=\"fw-row\">\n\t<div class=\"fw-col-xs-12 fw-col-sm-6\">\n\t<img decoding=\"async\" src=\"\/\/designbuero-zabel.de\/wp-content\/uploads\/2021\/03\/03_partner_01.png\" alt=\"\/\/designbuero-zabel.de\/wp-content\/uploads\/2021\/03\/03_partner_01.png\" class=\"saa-3-img-1\" \/><img decoding=\"async\" src=\"\/\/designbuero-zabel.de\/wp-content\/uploads\/2021\/03\/05_partner_03.png\" alt=\"\/\/designbuero-zabel.de\/wp-content\/uploads\/2021\/03\/05_partner_03.png\" class=\"saa-3-img-4\" \/><div class=\"saa-3-div-2\"><h3>F\u00fcr Endverbraucher:<\/h3><h2>Leergut als \u201edes Gl\u00fcckes Unterpfand\u201c<\/h2><p>Ganz einfach: An der Pfandstation wird die Aktion un\u00fcbersehbar beworben.<\/p><\/div><\/div>\n<div class=\"fw-col-xs-12 fw-col-sm-6\">\n\t<img decoding=\"async\" src=\"\/\/designbuero-zabel.de\/wp-content\/uploads\/2021\/03\/04_partner_02.png\" alt=\"\/\/designbuero-zabel.de\/wp-content\/uploads\/2021\/03\/04_partner_02.png\" class=\"saa-3-img-2\" \/><img decoding=\"async\" src=\"\/\/designbuero-zabel.de\/wp-content\/uploads\/2021\/03\/06_partner_04.png\" alt=\"\/\/designbuero-zabel.de\/wp-content\/uploads\/2021\/03\/06_partner_04.png\" class=\"saa-3-img-3\" \/><div class=\"saa-3-div-3\"><h3>F\u00fcr Gesch\u00e4ftspartner:<\/h3><h2>mit Pixeln punkten f\u00fcrs Charity-Patchwork<\/h2><p>Netzwerken f\u00fcr die gute Sache: Pixel f\u00fcr Pixel (zu 1 \u20ac) beteiligen sich die Gesch\u00e4ftspartner an der Webaktion, bei der ein wunderbarer Teppich aus Marken-Logos entsteht.<\/p><\/div><\/div>\n<\/div>\n\n\t<\/div>\n<\/section>\n<section class=\"fw-main-row  saa-4\" style=\"background-color:#ffffff;background-image:url(https:\/\/designbuero-zabel.de\/wp-content\/uploads\/2021\/03\/10_traeger_fond.png);\" >\n\t<div class=\"fw-container\">\n\t\t<div class=\"fw-row\">\n\t<div class=\"fw-col-xs-12 fw-col-sm-6\">\n\t<div class=\"saa-4-div-1\"><h1>Diese Werbetr\u00e4ger tr\u00e4gt mensch gern!<\/h1><p>Ob kleidsame T-Shirts f\u00fcr Kids oder zweckm\u00e4\u00dfige Tragetaschen f\u00fcr den Einkauf: Damit \u00fcbernehmen zweibeinige Werbetr\u00e4ger herzlich gern eine tragende Rolle.<\/p><\/div><img decoding=\"async\" src=\"\/\/designbuero-zabel.de\/wp-content\/uploads\/2021\/03\/08_traeger_01.png\" alt=\"\/\/designbuero-zabel.de\/wp-content\/uploads\/2021\/03\/08_traeger_01.png\" class=\"saa-4-img-2\" \/><div class=\"saa-4-div-2\"><h1>Tatendurstig f\u00fcr<br \/>die gute Sache<\/h1><h2>Spenden als Verkaufsf\u00f6rderung<\/h2><p>Neben der Web-Aktion erhalten die Partner aus der Getr\u00e4nkeindustrie auch die Gelegenheit, eine klassische Vkf-Charity-Mechanik zu nutzen: das Verkn\u00fcpfen der Spende mit dem Abverkauf.<\/p><\/div><\/div>\n<div class=\"fw-col-xs-12 fw-col-sm-6\">\n\t<img decoding=\"async\" src=\"\/\/designbuero-zabel.de\/wp-content\/uploads\/2021\/03\/09_traeger_02.png\" alt=\"\/\/designbuero-zabel.de\/wp-content\/uploads\/2021\/03\/09_traeger_02.png\" class=\"saa-4-img-1\" \/><\/div>\n<\/div>\n\n\t<\/div>\n<\/section>\n<section class=\"fw-main-row  saa-5\" style=\"background-color:#ffffff;background-image:url(https:\/\/designbuero-zabel.de\/wp-content\/uploads\/2021\/03\/23_online_fond.png);\" >\n\t<div class=\"fw-container\">\n\t\t<div class=\"fw-row\">\n\t<div class=\"fw-col-xs-12\">\n\t<img decoding=\"async\" src=\"\/\/designbuero-zabel.de\/wp-content\/uploads\/2021\/03\/11_tatendurst_01.png\" alt=\"\/\/designbuero-zabel.de\/wp-content\/uploads\/2021\/03\/11_tatendurst_01.png\" class=\"saa-5-img-1\" \/><div class=\"saa-5-div-1\"><h1>360\u00b0 auf Draht vor Ort & online<\/h1><p>Das Engagement f\u00fcr die Aktion Lichtblicke ist als langfristiges Projekt angelegt. Umso wichtiger ist es alle medialen Kan\u00e4len zu bespielen: von den Outlets vor Ort \u00fcber Werbung im Web bis zu den Social-Media- Netzwerken.<\/p><\/div><img decoding=\"async\" src=\"\/\/designbuero-zabel.de\/wp-content\/uploads\/2021\/03\/22_image.png\" alt=\"\/\/designbuero-zabel.de\/wp-content\/uploads\/2021\/03\/22_image.png\" class=\"saa-5-img-2\" \/><div class=\"saa-5-div-2\"><h2>Homepage-Banner<\/h2><\/div><img decoding=\"async\" src=\"\/\/designbuero-zabel.de\/wp-content\/uploads\/2021\/03\/17_online_06.png\" alt=\"\/\/designbuero-zabel.de\/wp-content\/uploads\/2021\/03\/17_online_06.png\" class=\"saa-5-img-3\" \/><\/div>\n<\/div>\n\n<div class=\"fw-row\">\n\t<div class=\"fw-col-xs-12 fw-col-sm-6\">\n\t<div class=\"saa-5-div-3\"><h2>A4 Plakat<\/h2><\/div><img decoding=\"async\" src=\"\/\/designbuero-zabel.de\/wp-content\/uploads\/2021\/03\/18_online_07.png\" alt=\"\/\/designbuero-zabel.de\/wp-content\/uploads\/2021\/03\/18_online_07.png\" class=\"saa-5-img-3\" \/><\/div>\n<div class=\"fw-col-xs-12 fw-col-sm-6\">\n\t<div class=\"saa-5-div-4\"><h2>Facebook Post<\/h2><\/div><img decoding=\"async\" src=\"\/\/designbuero-zabel.de\/wp-content\/uploads\/2021\/03\/19_online_08.png\" alt=\"\/\/designbuero-zabel.de\/wp-content\/uploads\/2021\/03\/19_online_08.png\" class=\"saa-5-img-4\" \/><\/div>\n<\/div>\n\n\t<\/div>\n<\/section>\n<section class=\"fw-main-row  saa-6\" style=\"background-color:#ffffff;\" >\n\t<div class=\"fw-container\">\n\t\t<div class=\"fw-row\">\n\t<div class=\"fw-col-xs-12 fw-col-sm-4\">\n\t<h2>Website: Spendensumme gesamt<\/h2><img decoding=\"async\" src=\"\/\/designbuero-zabel.de\/wp-content\/uploads\/2021\/03\/20_online_09.png\" alt=\"\/\/designbuero-zabel.de\/wp-content\/uploads\/2021\/03\/20_online_09.png\" class=\"\" \/><\/div>\n<div class=\"fw-col-xs-12 fw-col-sm-4\">\n\t<h2>Website: Spendensumme Pfand<\/h2><img decoding=\"async\" src=\"\/\/designbuero-zabel.de\/wp-content\/uploads\/2021\/03\/21_online_10.png\" alt=\"\/\/designbuero-zabel.de\/wp-content\/uploads\/2021\/03\/21_online_10.png\" class=\"\" \/><\/div>\n<div class=\"fw-col-xs-12 fw-col-sm-4\">\n\t<h2>Website: Spendensumme Partner<\/h2><img decoding=\"async\" src=\"\/\/designbuero-zabel.de\/wp-content\/uploads\/2021\/03\/22_online_11.png\" alt=\"\/\/designbuero-zabel.de\/wp-content\/uploads\/2021\/03\/22_online_11.png\" class=\"\" \/><\/div>\n<\/div>\n\n<div class=\"fw-row\">\n\t<div class=\"fw-col-xs-12\">\n\t\n\t<div class=\"fw-divider-space\" style=\"padding-top: 50px;\"><\/div>\n<\/div>\n<\/div>\n\n\t<\/div>\n<\/section>\n<\/p>\n","protected":false},"excerpt":{"rendered":"<p>Lichtblick Leergut:mit Gutem Gutes bewirken!&#8230; so wird Gutes noch besser:Der Getr\u00e4nkefachmarkt Trink &amp; Spare unterst\u00fctzt die Aktion Lichtblicke zugunsten von Kindern und Familien in prek\u00e4rer Situation. Da unterst\u00fctzen wir unseren Kunden nat\u00fcrlich gern mit einem wirkungsvollen Kommunikationskonzept \u2013 beginnend mit zwei Signets:\u2022 eines signalisiert dem Endverbraucher \u201ebitte Pfand spenden!\u201c\u2022 eines signalisiert den b-to-b-Partnern \u201ebitte beteiligt [&hellip;]<\/p>\n","protected":false},"author":1,"featured_media":0,"parent":0,"menu_order":0,"comment_status":"closed","ping_status":"closed","template":"","meta":{"footnotes":""},"class_list":["post-1308","page","type-page","status-publish","hentry"],"_links":{"self":[{"href":"https:\/\/designbuero-zabel.de\/index.php?rest_route=\/wp\/v2\/pages\/1308","targetHints":{"allow":["GET"]}}],"collection":[{"href":"https:\/\/designbuero-zabel.de\/index.php?rest_route=\/wp\/v2\/pages"}],"about":[{"href":"https:\/\/designbuero-zabel.de\/index.php?rest_route=\/wp\/v2\/types\/page"}],"author":[{"embeddable":true,"href":"https:\/\/designbuero-zabel.de\/index.php?rest_route=\/wp\/v2\/users\/1"}],"replies":[{"embeddable":true,"href":"https:\/\/designbuero-zabel.de\/index.php?rest_route=%2Fwp%2Fv2%2Fcomments&post=1308"}],"version-history":[{"count":33,"href":"https:\/\/designbuero-zabel.de\/index.php?rest_route=\/wp\/v2\/pages\/1308\/revisions"}],"predecessor-version":[{"id":2312,"href":"https:\/\/designbuero-zabel.de\/index.php?rest_route=\/wp\/v2\/pages\/1308\/revisions\/2312"}],"wp:attachment":[{"href":"https:\/\/designbuero-zabel.de\/index.php?rest_route=%2Fwp%2Fv2%2Fmedia&parent=1308"}],"curies":[{"name":"wp","href":"https:\/\/api.w.org\/{rel}","templated":true}]}}