{"id":137,"date":"2021-01-11T08:36:00","date_gmt":"2021-01-11T07:36:00","guid":{"rendered":"http:\/\/localhost:8888\/?page_id=137"},"modified":"2021-03-31T12:30:50","modified_gmt":"2021-03-31T10:30:50","slug":"bak","status":"publish","type":"page","link":"https:\/\/designbuero-zabel.de\/?page_id=137","title":{"rendered":"Trink &#038; Spare &#8211; Bier Adventskalender"},"content":{"rendered":"<p><section class=\"fw-main-row  bak-1\" style=\"background-color:#ffffff;\" >\n\t<div class=\"fw-container\">\n\t\t<div class=\"fw-row\">\n\t<div class=\"fw-col-xs-12\">\n\t<img decoding=\"async\" src=\"\/\/designbuero-zabel.de\/wp-content\/uploads\/2021\/01\/01-titel-min-scaled.jpg\" alt=\"\/\/designbuero-zabel.de\/wp-content\/uploads\/2021\/01\/01-titel-min-scaled.jpg\" class=\"\" \/><h1>Der Bier-Adventskalender<\/h1><\/div>\n<\/div>\n\n\t<\/div>\n<\/section>\n<section class=\"fw-main-row  bak-2\" style=\"background-color:#ffffff;\" >\n\t<div class=\"fw-container\">\n\t\t<div class=\"fw-row\">\n\t<div class=\"fw-col-xs-12\">\n\t<h1>\u00dcbersch\u00e4umende Begeisterung wecken!<\/h1><\/div>\n<\/div>\n\n<div class=\"fw-row\">\n\t<div class=\"fw-col-xs-12\">\n\t<h2>Eine wahre Weihnachts-<br \/>Erfolgsgeschichte<\/h2><p>Die vorfreudenreichste Zeit des Jahres ist f\u00fcr den Getr\u00e4nkefachhandel und seine Kunden traditionell eine sehr lohnende Jagdsaison. Sehen Sie hier, wie sie von Jahr zu Jahr immer kapitalere Umsatzsteigerungen bringen kann.<\/p><img decoding=\"async\" src=\"\/\/designbuero-zabel.de\/wp-content\/uploads\/2021\/01\/02-hirsche-min.png\" alt=\"\/\/designbuero-zabel.de\/wp-content\/uploads\/2021\/01\/02-hirsche-min.png\" class=\"\" \/><\/div>\n<\/div>\n\n\t<\/div>\n<\/section>\n<section class=\"fw-main-row  bak-3\" style=\"background-color:#ffffff;\" >\n\t<div class=\"fw-container\">\n\t\t<div class=\"fw-row\">\n\t<div class=\"fw-col-xs-12 fw-col-sm-6\">\n\t<img decoding=\"async\" src=\"\/\/designbuero-zabel.de\/wp-content\/uploads\/2021\/01\/03-vorher-scaled.jpg\" alt=\"\/\/designbuero-zabel.de\/wp-content\/uploads\/2021\/01\/03-vorher-scaled.jpg\" class=\"\" \/><div class=\"bak-3-text\"><h3>Design 2017<\/h3><p>Okay, brav sein, bringt Pluspunkte beim Weihnachtsmann, beim Bierk\u00e4ufer darf\u2019s gern etwas mehr sein: z. B. mehr visuelle Kraft, mehr Pep, mehr Spa\u00df!<\/p><\/div><\/div>\n<div class=\"fw-col-xs-12 fw-col-sm-6\">\n\t<img decoding=\"async\" src=\"\/\/designbuero-zabel.de\/wp-content\/uploads\/2021\/01\/04-nachher-scaled.jpg\" alt=\"\/\/designbuero-zabel.de\/wp-content\/uploads\/2021\/01\/04-nachher-scaled.jpg\" class=\"\" \/><div class=\"bak-3-text\"><h3>Werkkontor-Design 2018<\/h3><p>Wir geben der Biederkeit einen Korb und K\u00f6nig Kunde, was ihm schmeckt: einen echten Hingucker mit leckeren Produkten und kerligem Vergn\u00fcgen!<\/p><\/div><\/div>\n<\/div>\n\n\t<\/div>\n<\/section>\n<section class=\"fw-main-row  bak-4\" style=\"background-color:#ffffff;\" >\n\t<div class=\"fw-container\">\n\t\t<div class=\"fw-row\">\n\t<div class=\"fw-col-xs-12\">\n\t<p><strong><\/p><h1>Erfolg ist messbar!<\/h1><p><\/strong><\/p><h2>3 Mal hintereinander festliche Umsatzsteigerung.<\/h2><h2 style=\"color: #ff0000;\">Jauchzet, frohlocket!<\/h2><p>Der neue Bieradventskalender weckt \u00fcbersch\u00e4umende Begeisterung. Alle Jahre wieder! Ein Geschenk f\u00fcr Kunden und Handel.<\/p><img decoding=\"async\" src=\"\/\/designbuero-zabel.de\/wp-content\/uploads\/2021\/01\/06-erfolg-messbar.png\" alt=\"\/\/designbuero-zabel.de\/wp-content\/uploads\/2021\/01\/06-erfolg-messbar.png\" class=\"\" \/><\/div>\n<\/div>\n\n<div class=\"fw-row\">\n\t<div class=\"fw-col-xs-12\">\n\t\n\t<div class=\"fw-divider-space\" style=\"padding-top: 20px;\"><\/div>\n<\/div>\n<\/div>\n\n<div class=\"fw-row\">\n\t<div class=\"fw-col-xs-12 fw-col-sm-6\">\n\t<h3>Kaum zu fassen:<\/h3><\/div>\n<div class=\"fw-col-xs-12 fw-col-sm-6\">\n\t<h4>In 3 Jahren den Umsatz ver<span style=\"color: #ff9900;\">4<\/span>facht!<br \/><span style=\"color: #ff9900;\">(100% + 31% + 94% + 63% = 414,25%!)<\/span><\/h4><\/div>\n<\/div>\n\n\t<\/div>\n<\/section>\n<section class=\"fw-main-row  bak-5\" style=\"background-color:#83a63d;\" >\n\t<div class=\"fw-container\">\n\t\t<div class=\"fw-row\">\n\t<div class=\"fw-col-xs-12\">\n\t<h3>Noch zu haben!<\/h3><p>Hinter den T\u00fcrchen unseres Kreativkalenders schlummern noch reichlich Ideen. Sie alle warten darauf, auf die vorfreudig erregte Kundschaft losgelassen zu werden:<\/p><\/div>\n<\/div>\n\n<div class=\"fw-row\">\n\t<div class=\"fw-col-xs-12\">\n\t<img decoding=\"async\" src=\"\/\/designbuero-zabel.de\/wp-content\/uploads\/2021\/03\/18-gruppe_kzg.png\" alt=\"\/\/designbuero-zabel.de\/wp-content\/uploads\/2021\/03\/18-gruppe_kzg.png\" class=\"bak-5-img\" \/><\/div>\n<\/div>\n\n\t<\/div>\n<\/section>\n<section class=\"fw-main-row  bak-5-mobile\" style=\"background-color:#83a63d;\" >\n\t<div class=\"fw-container\">\n\t\t<div class=\"fw-row\">\n\t<div class=\"fw-col-xs-12\">\n\t<h3>Noch zu haben!<\/h3><p>Hinter den T\u00fcrchen unseres Kreativkalenders schlummern noch reichlich Ideen. Sie alle warten darauf, auf die vorfreudig erregte Kundschaft losgelassen zu werden:<\/p><\/div>\n<\/div>\n\n<div class=\"fw-row\">\n\t<div class=\"fw-col-xs-12 fw-col-sm-6\">\n\t<img decoding=\"async\" src=\"\/\/designbuero-zabel.de\/wp-content\/uploads\/2021\/03\/08-kzg-01.png\" alt=\"\/\/designbuero-zabel.de\/wp-content\/uploads\/2021\/03\/08-kzg-01.png\" class=\"\" \/><img decoding=\"async\" src=\"\/\/designbuero-zabel.de\/wp-content\/uploads\/2021\/03\/08-kzg-03.png\" alt=\"\/\/designbuero-zabel.de\/wp-content\/uploads\/2021\/03\/08-kzg-03.png\" class=\"\" \/><img decoding=\"async\" src=\"\/\/designbuero-zabel.de\/wp-content\/uploads\/2021\/03\/08-kzg-05.png\" alt=\"\/\/designbuero-zabel.de\/wp-content\/uploads\/2021\/03\/08-kzg-05.png\" class=\"\" \/><img decoding=\"async\" src=\"\/\/designbuero-zabel.de\/wp-content\/uploads\/2021\/03\/08-kzg-07.png\" alt=\"\/\/designbuero-zabel.de\/wp-content\/uploads\/2021\/03\/08-kzg-07.png\" class=\"\" \/><\/div>\n<div class=\"fw-col-xs-12 fw-col-sm-6\">\n\t<img decoding=\"async\" src=\"\/\/designbuero-zabel.de\/wp-content\/uploads\/2021\/03\/08-kzg-02.png\" alt=\"\/\/designbuero-zabel.de\/wp-content\/uploads\/2021\/03\/08-kzg-02.png\" class=\"\" \/><img decoding=\"async\" src=\"\/\/designbuero-zabel.de\/wp-content\/uploads\/2021\/03\/08-kzg-04.png\" alt=\"\/\/designbuero-zabel.de\/wp-content\/uploads\/2021\/03\/08-kzg-04.png\" class=\"\" \/><img decoding=\"async\" src=\"\/\/designbuero-zabel.de\/wp-content\/uploads\/2021\/03\/08-kzg-06.png\" alt=\"\/\/designbuero-zabel.de\/wp-content\/uploads\/2021\/03\/08-kzg-06.png\" class=\"\" \/><img decoding=\"async\" src=\"\/\/designbuero-zabel.de\/wp-content\/uploads\/2021\/03\/08-kzg-08.png\" alt=\"\/\/designbuero-zabel.de\/wp-content\/uploads\/2021\/03\/08-kzg-08.png\" class=\"\" \/><img decoding=\"async\" src=\"\/\/designbuero-zabel.de\/wp-content\/uploads\/2021\/03\/08-kzg-09.png\" alt=\"\/\/designbuero-zabel.de\/wp-content\/uploads\/2021\/03\/08-kzg-09.png\" class=\"\" \/><\/div>\n<\/div>\n\n\t<\/div>\n<\/section>\n<section class=\"fw-main-row  bak-6\" style=\"background-color:#ffffff;\" >\n\t<div class=\"fw-container\">\n\t\t<div class=\"fw-row\">\n\t<div class=\"fw-col-xs-12\">\n\t<img decoding=\"async\" src=\"\/\/designbuero-zabel.de\/wp-content\/uploads\/2021\/01\/17-kzg-package.png\" alt=\"\/\/designbuero-zabel.de\/wp-content\/uploads\/2021\/01\/17-kzg-package.png\" class=\"bak-6-img\" \/><\/div>\n<\/div>\n\n<div class=\"fw-row\">\n\t<div class=\"fw-col-xs-12\">\n\t\n\t<div class=\"fw-divider-space\" style=\"padding-top: 80px;\"><\/div>\n<\/div>\n<\/div>\n\n\t<\/div>\n<\/section>\n<section class=\"fw-main-row  bak-7\" style=\"background-color:#ffffff;\" >\n\t<div class=\"fw-container\">\n\t\t<div class=\"fw-row\">\n\t<div class=\"fw-col-xs-12 fw-col-sm-4\">\n\t<img decoding=\"async\" src=\"\/\/designbuero-zabel.de\/wp-content\/uploads\/2021\/01\/19-prima-promo.png\" alt=\"\/\/designbuero-zabel.de\/wp-content\/uploads\/2021\/01\/19-prima-promo.png\" class=\"bak-7-promo\" \/><\/div>\n<div class=\"fw-col-xs-12 fw-col-sm-8\">\n\t<img decoding=\"async\" src=\"\/\/designbuero-zabel.de\/wp-content\/uploads\/2021\/01\/20-pp-01-2018.png\" alt=\"\/\/designbuero-zabel.de\/wp-content\/uploads\/2021\/01\/20-pp-01-2018.png\" class=\"bak-7-2018\" \/><\/div>\n<\/div>\n\n\t<\/div>\n<\/section>\n<section class=\"fw-main-row  bak-8\" style=\"background-color:#000000;\" >\n\t<div class=\"fw-container\">\n\t\t<div class=\"fw-row\">\n\t<div class=\"fw-col-xs-12 fw-col-sm-6\">\n\t<h1>Professionelles<br \/>integriertes Marketing<\/h1><h3>featured den neuen Bierkalender.<\/h3><p>Und zwar so wirkungsvoll, dass schon mal Luxusprobleme entstehen ...<\/p>\n\t<div class=\"fw-divider-space\" style=\"padding-top: 80px;\"><\/div>\n<img decoding=\"async\" src=\"\/\/designbuero-zabel.de\/wp-content\/uploads\/2021\/01\/22-pp-03-scaled.jpg\" alt=\"\/\/designbuero-zabel.de\/wp-content\/uploads\/2021\/01\/22-pp-03-scaled.jpg\" class=\"bak-8-img-2\" \/>\n\t<div class=\"fw-divider-space\" style=\"padding-top: 80px;\"><\/div>\n<img decoding=\"async\" src=\"\/\/designbuero-zabel.de\/wp-content\/uploads\/2021\/01\/26-pp-06-2019.png\" alt=\"\/\/designbuero-zabel.de\/wp-content\/uploads\/2021\/01\/26-pp-06-2019.png\" class=\"\" \/><\/div>\n<div class=\"fw-col-xs-12 fw-col-sm-6\">\n\t<img decoding=\"async\" src=\"\/\/designbuero-zabel.de\/wp-content\/uploads\/2021\/01\/21-pp-02.jpg\" alt=\"\/\/designbuero-zabel.de\/wp-content\/uploads\/2021\/01\/21-pp-02.jpg\" class=\"bak-8-img-1\" \/>\n\t<div class=\"fw-divider-space\" style=\"padding-top: 50px;\"><\/div>\n<img decoding=\"async\" src=\"\/\/designbuero-zabel.de\/wp-content\/uploads\/2021\/01\/24-pp-05-stoerer.png\" alt=\"\/\/designbuero-zabel.de\/wp-content\/uploads\/2021\/01\/24-pp-05-stoerer.png\" class=\"bak-8-img-9\" \/><img decoding=\"async\" src=\"\/\/designbuero-zabel.de\/wp-content\/uploads\/2021\/01\/23-pp-04.jpg\" alt=\"\/\/designbuero-zabel.de\/wp-content\/uploads\/2021\/01\/23-pp-04.jpg\" class=\"bak-8-img-3\" \/>\n\t<div class=\"fw-divider-space\" style=\"padding-top: 100px;\"><\/div>\n<h3 class=\"bak-8-h3-2\" style=\"color: #00bf0d;\">Von wegen es z\u00e4hlt nur der Inhalt: Hingucker machen Habenwollen<\/h3><p class=\"bak-8-p-2\">Noch mal unfassbare 94% Umsatzsteigerung und das nach dem Riesen-Plus von 2018!<\/p><\/div>\n<\/div>\n\n<div class=\"fw-row\">\n\t<div class=\"fw-col-xs-12 fw-col-sm-4\">\n\t<img decoding=\"async\" src=\"\/\/designbuero-zabel.de\/wp-content\/uploads\/2021\/01\/27-pp-07.jpg\" alt=\"\/\/designbuero-zabel.de\/wp-content\/uploads\/2021\/01\/27-pp-07.jpg\" class=\"bak-8-img-4\" \/>\n\t<div class=\"fw-divider-space\" style=\"padding-top: 30px;\"><\/div>\n<img decoding=\"async\" src=\"\/\/designbuero-zabel.de\/wp-content\/uploads\/2021\/01\/29-pp-09-scaled.jpg\" alt=\"\/\/designbuero-zabel.de\/wp-content\/uploads\/2021\/01\/29-pp-09-scaled.jpg\" class=\"bak-8-img-10\" \/>\n\t<div class=\"fw-divider-space\" style=\"padding-top: 30px;\"><\/div>\n<img decoding=\"async\" src=\"\/\/designbuero-zabel.de\/wp-content\/uploads\/2021\/01\/31-pp-11-scaled.jpg\" alt=\"\/\/designbuero-zabel.de\/wp-content\/uploads\/2021\/01\/31-pp-11-scaled.jpg\" class=\"bak-8-img-12\" \/><\/div>\n<div class=\"fw-col-xs-12 fw-col-sm-8\">\n\t\n\t<div class=\"fw-divider-space\" style=\"padding-top: 60px;\"><\/div>\n<img decoding=\"async\" src=\"\/\/designbuero-zabel.de\/wp-content\/uploads\/2021\/01\/28-pp-08.png\" alt=\"\/\/designbuero-zabel.de\/wp-content\/uploads\/2021\/01\/28-pp-08.png\" class=\"bak-8-img-11\" \/>\n\t<div class=\"fw-divider-space\" style=\"padding-top: 60px;\"><\/div>\n<img decoding=\"async\" src=\"\/\/designbuero-zabel.de\/wp-content\/uploads\/2021\/01\/30-pp-10-2020.png\" alt=\"\/\/designbuero-zabel.de\/wp-content\/uploads\/2021\/01\/30-pp-10-2020.png\" class=\"bak-8-img-2020\" \/>\n\t<div class=\"fw-divider-space\" style=\"padding-top: 20px;\"><\/div>\n<h3 style=\"color: #00bf0d; padding-left: 34%;\">Genug ist nie genug:<\/h3><p style=\"padding-left: 34%;\">Wenn du denkst: \u201eMehr geht nu wirklich nicht\u201c entz\u00fcnden wir fix ein neues Licht<\/p><p style=\"padding-left: 34%; color: #00bf0d;\">Weitere 63% Umsatzsteigerung nach dem Megaerfolg des Vorjahrs.<\/p><img decoding=\"async\" src=\"\/\/designbuero-zabel.de\/wp-content\/uploads\/2021\/01\/32-pp-hirsch-1.png\" alt=\"\/\/designbuero-zabel.de\/wp-content\/uploads\/2021\/01\/32-pp-hirsch-1.png\" class=\"bak-8-img-5\" \/><\/div>\n<\/div>\n\n<div class=\"fw-row\">\n\t<div class=\"fw-col-xs-12\">\n\t<img decoding=\"async\" src=\"\/\/designbuero-zabel.de\/wp-content\/uploads\/2021\/01\/34-pp-13.png\" alt=\"\/\/designbuero-zabel.de\/wp-content\/uploads\/2021\/01\/34-pp-13.png\" class=\"bak-8-img-6\" \/><img decoding=\"async\" src=\"\/\/designbuero-zabel.de\/wp-content\/uploads\/2021\/01\/33-pp-12.png\" alt=\"\/\/designbuero-zabel.de\/wp-content\/uploads\/2021\/01\/33-pp-12.png\" class=\"bak-8-img-7\" \/>\n\t<div class=\"fw-divider-space\" style=\"padding-top: 50px;\"><\/div>\n<img decoding=\"async\" src=\"\/\/designbuero-zabel.de\/wp-content\/uploads\/2021\/01\/36-pp-14-scaled.jpg\" alt=\"\/\/designbuero-zabel.de\/wp-content\/uploads\/2021\/01\/36-pp-14-scaled.jpg\" class=\"bak-8-img-8\" \/>\n\t<div class=\"fw-divider-space\" style=\"padding-top: 50px;\"><\/div>\n<\/div>\n<\/div>\n\n\t<\/div>\n<\/section>\n<section class=\"fw-main-row  bak-9\" style=\"background-color:#ffffff;\" >\n\t<div class=\"fw-container\">\n\t\t<div class=\"fw-row\">\n\t<div class=\"fw-col-xs-12\">\n\t<h1>Das gibt\u2019s doch nicht!<br \/>... noch nicht.<\/h1><\/div>\n<\/div>\n\n<div class=\"fw-row\">\n\t<div class=\"fw-col-xs-12 fw-col-sm-6\">\n\t<h2>Unver\u00f6ffentlichtes seit 2018<\/h2><p class=\"bak-9-p-1\">... mit dem Zeug zu zeitlosen Klassikern<\/p>\n\t<div class=\"fw-divider-space\" style=\"padding-top: 50px;\"><\/div>\n<img decoding=\"async\" src=\"\/\/designbuero-zabel.de\/wp-content\/uploads\/2021\/01\/37-pp-15.png\" alt=\"\/\/designbuero-zabel.de\/wp-content\/uploads\/2021\/01\/37-pp-15.png\" class=\"bak-9-img-2\" \/><div style=\"padding: 30px 30px 30px 0px; width: 75%;\"><p class=\"bak-9-p-1\">Weihnachtskugel mit Zukunftsmusik<\/p><p>... k\u00f6nnte jede Xmas-Promo prima abrunden: unsere stimmungsvolle Xmas-Kugel.<br \/>L\u00e4sst Sammlerherzen h\u00f6her schlagen. 100% festtags- und wohnzimmertauglich!<\/p><\/div><\/div>\n<div class=\"fw-col-xs-12 fw-col-sm-6\">\n\t<img decoding=\"async\" src=\"\/\/designbuero-zabel.de\/wp-content\/uploads\/2021\/03\/38-pp-16.png\" alt=\"\/\/designbuero-zabel.de\/wp-content\/uploads\/2021\/03\/38-pp-16.png\" class=\"bak-9-img-1\" \/><\/div>\n<\/div>\n\n<div class=\"fw-row\">\n\t<div class=\"fw-col-xs-12\">\n\t\n\t<div class=\"fw-divider-space\" style=\"padding-top: 30px;\"><\/div>\n<\/div>\n<\/div>\n\n\t<\/div>\n<\/section>\n<section class=\"fw-main-row  bak-10\" style=\"background-color:#e69f6c;\" >\n\t<div class=\"fw-container\">\n\t\t<div class=\"fw-row\">\n\t<div class=\"fw-col-xs-12\">\n\t\n\t<div class=\"fw-divider-space\" style=\"padding-top: 30px;\"><\/div>\n<\/div>\n<\/div>\n\n<div class=\"fw-row\">\n\t<div class=\"fw-col-xs-12\">\n\t<div class=\"bak-10-div-1\"><h2>Die Kunst der Typo-Grafik<\/h2><h4>Bockstark, Santa Baby: Schokolade f\u00fcr die Augen!<\/h4><p>So erwachsen kann ein Schoko-Adventskalender sein.<br \/>Der kann sich sehen lassen und kitzelt sehr den s\u00fc\u00dfen Zahn \u2013 auch von ganzen Kerlen.<\/p><h4>Mit diesem Give-away kommt Vorfreude auf!<\/h4><\/div><\/div>\n<\/div>\n\n<div class=\"fw-row\">\n\t<div class=\"fw-col-xs-12\">\n\t<img decoding=\"async\" src=\"\/\/designbuero-zabel.de\/wp-content\/uploads\/2021\/01\/41-gruppe-typo-2.png\" alt=\"\/\/designbuero-zabel.de\/wp-content\/uploads\/2021\/01\/41-gruppe-typo-2.png\" class=\"bak-10-img-1\" \/><\/div>\n<\/div>\n\n\t<\/div>\n<\/section>\n<section class=\"fw-main-row  bak-11\" style=\"background-color:#ffffff;\" >\n\t<div class=\"fw-container\">\n\t\t<div class=\"fw-row\">\n\t<div class=\"fw-col-xs-12\">\n\t\n\t<div class=\"fw-divider-space\" style=\"padding-top: 70px;\"><\/div>\n<\/div>\n<\/div>\n\n<div class=\"fw-row\">\n\t<div class=\"fw-col-xs-12 fw-col-sm-4\">\n\t<div class=\"bak-11-div-1\"><h2 style=\"color: #ff0000;\">By the way ...<\/h2><h2>M\u00e4nner-Adventskranz<\/h2><h4>... Menschen verstehen;<\/h4><p>einf\u00fchlsam auf sie zugehen;<br \/>wissen, was M\u00e4nner*n Freude macht:<\/p><h5 style=\"color: #ff0000;\">Das ist genau unser Bier,<br \/>alles andere ist uns Wurst.<\/h5><\/div><\/div>\n<div class=\"fw-col-xs-12 fw-col-sm-8\">\n\t<img decoding=\"async\" src=\"\/\/designbuero-zabel.de\/wp-content\/uploads\/2021\/01\/42-kranz-01-scaled.jpg\" alt=\"\/\/designbuero-zabel.de\/wp-content\/uploads\/2021\/01\/42-kranz-01-scaled.jpg\" class=\"bak-11-img-1\" \/><\/div>\n<\/div>\n\n\t<\/div>\n<\/section>\n<\/p>\n","protected":false},"excerpt":{"rendered":"<p>Der Bier-Adventskalender \u00dcbersch\u00e4umende Begeisterung wecken! Eine wahre Weihnachts-ErfolgsgeschichteDie vorfreudenreichste Zeit des Jahres ist f\u00fcr den Getr\u00e4nkefachhandel und seine Kunden traditionell eine sehr lohnende Jagdsaison. Sehen Sie hier, wie sie von Jahr zu Jahr immer kapitalere Umsatzsteigerungen bringen kann. Design 2017Okay, brav sein, bringt Pluspunkte beim Weihnachtsmann, beim Bierk\u00e4ufer darf\u2019s gern etwas mehr sein: z. B. [&hellip;]<\/p>\n","protected":false},"author":1,"featured_media":0,"parent":0,"menu_order":0,"comment_status":"closed","ping_status":"closed","template":"","meta":{"footnotes":""},"class_list":["post-137","page","type-page","status-publish","hentry"],"_links":{"self":[{"href":"https:\/\/designbuero-zabel.de\/index.php?rest_route=\/wp\/v2\/pages\/137","targetHints":{"allow":["GET"]}}],"collection":[{"href":"https:\/\/designbuero-zabel.de\/index.php?rest_route=\/wp\/v2\/pages"}],"about":[{"href":"https:\/\/designbuero-zabel.de\/index.php?rest_route=\/wp\/v2\/types\/page"}],"author":[{"embeddable":true,"href":"https:\/\/designbuero-zabel.de\/index.php?rest_route=\/wp\/v2\/users\/1"}],"replies":[{"embeddable":true,"href":"https:\/\/designbuero-zabel.de\/index.php?rest_route=%2Fwp%2Fv2%2Fcomments&post=137"}],"version-history":[{"count":183,"href":"https:\/\/designbuero-zabel.de\/index.php?rest_route=\/wp\/v2\/pages\/137\/revisions"}],"predecessor-version":[{"id":2315,"href":"https:\/\/designbuero-zabel.de\/index.php?rest_route=\/wp\/v2\/pages\/137\/revisions\/2315"}],"wp:attachment":[{"href":"https:\/\/designbuero-zabel.de\/index.php?rest_route=%2Fwp%2Fv2%2Fmedia&parent=137"}],"curies":[{"name":"wp","href":"https:\/\/api.w.org\/{rel}","templated":true}]}}