{"id":1506,"date":"2021-03-08T09:13:05","date_gmt":"2021-03-08T08:13:05","guid":{"rendered":"http:\/\/localhost:8888\/?page_id=1506"},"modified":"2021-03-31T16:16:06","modified_gmt":"2021-03-31T14:16:06","slug":"tha","status":"publish","type":"page","link":"https:\/\/designbuero-zabel.de\/?page_id=1506","title":{"rendered":"TH Agricola"},"content":{"rendered":"<p><section class=\"fw-main-row  tha-1\" style=\"background-color:#ffffff;background-image:url(https:\/\/designbuero-zabel.de\/wp-content\/uploads\/2021\/03\/04_geschichte_fond.jpg);\" >\n\t<div class=\"fw-container\">\n\t\t<div class=\"fw-row\">\n\t<div class=\"fw-col-xs-12\">\n\t<img decoding=\"async\" src=\"\/\/designbuero-zabel.de\/wp-content\/uploads\/2021\/03\/01_titel_th.jpg\" alt=\"\/\/designbuero-zabel.de\/wp-content\/uploads\/2021\/03\/01_titel_th.jpg\" class=\"\" \/><\/div>\n<\/div>\n\n<div class=\"fw-row\">\n\t<div class=\"fw-col-xs-12 fw-col-sm-6\">\n\t<img decoding=\"async\" src=\"\/\/designbuero-zabel.de\/wp-content\/uploads\/2021\/03\/02_geschichte_01-1.png\" alt=\"\/\/designbuero-zabel.de\/wp-content\/uploads\/2021\/03\/02_geschichte_01-1.png\" class=\"tha-1-img-1\" \/><div class=\"tha-1-div-1\"><h1>Werkkontor schreibt Geschichte<\/h1><h2>200 Jahre und ein internationaler Festakt<\/h2><p>Was f\u00fcr eine Geschichte: Zukunftsweisend schon vor 200 Jahren als Steiger-Schule, die bergbauliche Praxis und Wissenschaft gleicherma\u00dfen vermittelte \u2013 zukunftsweisend auch heute als renommierte Hochschule mit 14 Studieng\u00e4ngen in drei bedeutenden technischen Wissenschaftsbereichen. Damals eine einzigartige Chance f\u00fcr 14 Sch\u00fcler aus Bergarbeiterfamilien, heute Perspektive gebend f\u00fcr rund 2.500 Studierende.<\/p><p>Ein solches <strong>Jahrhundert-Jubil\u00e4um<\/strong> gilt es zu w\u00fcrdigen:<br \/>\u2022 mit einem <strong>Festakt<\/strong> und G\u00e4sten aus aller Welt,<br \/>\u2022 einer <strong>Ausstellung<\/strong> f\u00fcr Fachpublikum und jedermann\/frau<br \/>\u2022 sowie einer historischen <strong>Festschrift<\/strong>.<br \/>In enger Zusammenarbeit mit dem Jubilar und nicht zuletzt dem Deutschen Bergbau-Museum haben wir diese Herausforderung gemeistert. Herausfordernd nicht zuletzt deshalb, weil wir erst ein knappes Jahr vorm Jubel-Datum hinzugezogen wurden -<br \/>bei einem Projekt mit standardm\u00e4\u00dfig 2-j\u00e4hrigem Planungsvorlauf.<\/p><\/div><div class=\"tha-1-div-2\"><h1>Die Ausstellung:<br \/>Alle\/s auf den rechten Weg bringen<\/h1><p>Alle visuellen Aspekte der Ausstellungskonzeption haben wir ebenso ma\u00dfgebend mitbestimmt wie die kommunikativen Ma\u00dfnahmen. Bei einer Ausstellung \u00fcber f\u00fcnf Flure, einen Museumsraum und ein historisches Klassenzimmer geh\u00f6rt dazu ein Orientierung gebendes Leitsystem.<\/p><\/div><\/div>\n<div class=\"fw-col-xs-12 fw-col-sm-6\">\n\t<img decoding=\"async\" src=\"\/\/designbuero-zabel.de\/wp-content\/uploads\/2021\/03\/03_geschichte_02.jpg\" alt=\"\/\/designbuero-zabel.de\/wp-content\/uploads\/2021\/03\/03_geschichte_02.jpg\" class=\"tha-1-img-2\" \/><img decoding=\"async\" src=\"\/\/designbuero-zabel.de\/wp-content\/uploads\/2021\/03\/05_ausstellung_01.jpg\" alt=\"\/\/designbuero-zabel.de\/wp-content\/uploads\/2021\/03\/05_ausstellung_01.jpg\" class=\"tha-1-img-3\" \/><\/div>\n<\/div>\n\n\t<\/div>\n<\/section>\n<section class=\"fw-main-row  tha-2\" style=\"background-color:#000000;\" >\n\t<div class=\"fw-container\">\n\t\t<div class=\"fw-row\">\n\t<div class=\"fw-col-xs-12\">\n\t<img decoding=\"async\" src=\"\/\/designbuero-zabel.de\/wp-content\/uploads\/2021\/03\/06_geschichte_pfeil.png\" alt=\"\/\/designbuero-zabel.de\/wp-content\/uploads\/2021\/03\/06_geschichte_pfeil.png\" class=\"tha-arrow\" \/><\/div>\n<\/div>\n\n<div class=\"fw-row\">\n\t<div class=\"fw-col-xs-12 fw-col-sm-6\">\n\t<div class=\"tha-2-div-1\"><h1 style=\"color: #000;\">Der Museumsraum:<\/h1><h1>Licht ins Dunkel bringen<\/h1><p>Vitrinen mit kostbaren Exponaten, Tafeln und Erl\u00e4uterungstexte: Besonders im Museumsraum war unsere Expertise f\u00fcr Licht- und Objektgestaltung gefragt.<\/p><\/div><\/div>\n<div class=\"fw-col-xs-12 fw-col-sm-6\">\n\t<\/div>\n<\/div>\n\n<div class=\"fw-row\">\n\t<div class=\"fw-col-xs-12 fw-col-sm-6\">\n\t<img decoding=\"async\" src=\"\/\/designbuero-zabel.de\/wp-content\/uploads\/2021\/03\/07_ausstellung_02.jpg\" alt=\"\/\/designbuero-zabel.de\/wp-content\/uploads\/2021\/03\/07_ausstellung_02.jpg\" class=\"tha-2-img-1\" \/><\/div>\n<div class=\"fw-col-xs-12 fw-col-sm-6\">\n\t<img decoding=\"async\" src=\"\/\/designbuero-zabel.de\/wp-content\/uploads\/2021\/03\/08_ausstellung_03.jpg\" alt=\"\/\/designbuero-zabel.de\/wp-content\/uploads\/2021\/03\/08_ausstellung_03.jpg\" class=\"tha-2-img-2\" \/><\/div>\n<\/div>\n\n<div class=\"fw-row\">\n\t<div class=\"fw-col-xs-12 fw-col-sm-6\">\n\t<img decoding=\"async\" src=\"\/\/designbuero-zabel.de\/wp-content\/uploads\/2021\/03\/09_ausstellung_04.jpg\" alt=\"\/\/designbuero-zabel.de\/wp-content\/uploads\/2021\/03\/09_ausstellung_04.jpg\" class=\"tha-2-img-3\" \/><\/div>\n<div class=\"fw-col-xs-12 fw-col-sm-6\">\n\t<img decoding=\"async\" src=\"\/\/designbuero-zabel.de\/wp-content\/uploads\/2021\/03\/10_ausstellung_05.jpg\" alt=\"\/\/designbuero-zabel.de\/wp-content\/uploads\/2021\/03\/10_ausstellung_05.jpg\" class=\"tha-2-img-4\" \/><\/div>\n<\/div>\n\n\t<\/div>\n<\/section>\n<section class=\"fw-main-row  tha-3\" style=\"background-color:#ffffff;\" >\n\t<div class=\"fw-container\">\n\t\t<div class=\"fw-row\">\n\t<div class=\"fw-col-xs-12\">\n\t<img decoding=\"async\" src=\"\/\/designbuero-zabel.de\/wp-content\/uploads\/2021\/03\/11_ausstellung_fond_01.jpg\" alt=\"\/\/designbuero-zabel.de\/wp-content\/uploads\/2021\/03\/11_ausstellung_fond_01.jpg\" class=\"tha-3-img-1\" \/><\/div>\n<\/div>\n\n<div class=\"fw-row\">\n\t<div class=\"fw-col-xs-12 fw-col-sm-6\">\n\t<div class=\"tha-3-div-1\"><p>Alle historischen Bilder haben wir ins rechte Licht gesetzt, aktuelle Fotos selbst mit unseren Netzwerkpartnern erg\u00e4nzt.<\/p><\/div><img decoding=\"async\" src=\"\/\/designbuero-zabel.de\/wp-content\/uploads\/2021\/03\/13_ausstellung_07.jpg\" alt=\"\/\/designbuero-zabel.de\/wp-content\/uploads\/2021\/03\/13_ausstellung_07.jpg\" class=\"tha-3-img-2\" \/><\/div>\n<div class=\"fw-col-xs-12 fw-col-sm-6\">\n\t<img decoding=\"async\" src=\"\/\/designbuero-zabel.de\/wp-content\/uploads\/2021\/03\/12_ausstellung_06.jpg\" alt=\"\/\/designbuero-zabel.de\/wp-content\/uploads\/2021\/03\/12_ausstellung_06.jpg\" class=\"tha-3-img-3\" \/><img decoding=\"async\" src=\"\/\/designbuero-zabel.de\/wp-content\/uploads\/2021\/03\/14_ausstellung_08.jpg\" alt=\"\/\/designbuero-zabel.de\/wp-content\/uploads\/2021\/03\/14_ausstellung_08.jpg\" class=\"tha-3-img-4\" \/><\/div>\n<\/div>\n\n\t<\/div>\n<\/section>\n<section class=\"fw-main-row  tha-4\" style=\"background-color:#ffffff;background-image:url(https:\/\/designbuero-zabel.de\/wp-content\/uploads\/2021\/03\/15_ausstellung_fond_02.jpg);\" >\n\t<div class=\"fw-container\">\n\t\t<div class=\"fw-row\">\n\t<div class=\"fw-col-xs-12\">\n\t<div class=\"tha-4-div-1\"><h1>Feines Tafelsilber<\/h1><p>Rund 40 Tafeln bildeten das \u201eBesteck\u201c der Ausstellung.<br \/>Hier ein Auszug der Tafeln und Stellw\u00e4nde:<\/p><\/div><\/div>\n<\/div>\n\n\t<\/div>\n<\/section>\n<section class=\"fw-main-row  tha-5\" style=\"background-color:#ffffff;\" >\n\t<div class=\"fw-container\">\n\t\t<div class=\"fw-row\">\n\t<div class=\"fw-col-xs-12\">\n\t<div class=\"tha-5-div-1\"><p><script type=\"text\/javascript\">\r\ndocument.addEventListener(\"DOMContentLoaded\", function(event) { \r\n\tjQuery( '#slider-pro-3-1540' ).sliderPro({\r\n\t\t\/\/width\r\n\t\t\t\twidth: \"100%\",\r\n\t\t\t\t\r\n\t\t\/\/height\r\n\t\t\t\tautoHeight: true,\r\n\t\t\t\t\r\n\t\t\/\/autoplay\r\n\t\t\t\t\t\tautoplay: true,\r\n\t\tautoplayOnHover: 'pause',\r\n\t\t\t\t\t\tautoplayDelay: 2000,\r\n\t\t\r\n\t\t\r\n\t\tarrows: false,\r\n\t\tbuttons: true,\r\n\t\tsmallSize: 500,\r\n\t\tmediumSize: 1000,\r\n\t\tlargeSize: 3000,\r\n\t\tfade: true,\r\n\t\t\r\n\t\t\/\/thumbnail\r\n\t\tthumbnailArrows: true,\r\n\t\tthumbnailWidth: 120,\r\n\t\tthumbnailHeight: 120,\r\n\t\t\t\t\t\tthumbnailsPosition: 'bottom',\r\n\t\t\t\t\t\tcenterImage: true,\r\n\t\timageScaleMode: 'cover',\r\n\t\tallowScaleUp: true,\r\n\t\t\t\tstartSlide: 0,\r\n\t\tloop: true,\r\n\t\tslideDistance: 5,\r\n\t\tautoplayDirection: 'normal',\r\n\t\ttouchSwipe: true,\r\n\t\tfullScreen: false,\r\n\t});\r\n});\r\n<\/script>\r\n<style>\r\n\/* Layout 3 *\/\r\n\/* border *\/\r\n#slider-pro-3-1540 .sp-selected-thumbnail {\r\n\tborder: 4px solid #ffffff;\r\n}\r\n\r\n\/* font + color *\/\r\n.title-in  {\r\n\tfont-family: Arial !important;\r\n\tcolor: #FFFFFF !important;\r\n\tbackground-color: #ffffff !important;\r\n\topacity: 0.7 !important;\r\n}\r\n.desc-in  {\r\n\tfont-family: Arial !important;\r\n\tcolor: #FFFFFF !important;\r\n\tbackground-color: #ffffff !important;\r\n\topacity: 0.7 !important;\r\n}\r\n\r\n\/* bullets color *\/\r\n.sp-button  {\r\n\tborder: 2px solid #000000 !important;\r\n}\r\n.sp-selected-button  {\r\n\tbackground-color: #000000 !important;\r\n}\r\n\r\n\/* pointer color - bottom *\/\r\n.sp-selected-thumbnail::before {\r\n\tborder-bottom: 5px solid #ffffff !important;\r\n}\r\n.sp-selected-thumbnail::after {\r\n\tborder-bottom: 13px solid #ffffff !important;\r\n}\r\n\r\n\/* pointer color - top *\/\r\n\r\n\/* full screen icon *\/\r\n.sp-full-screen-button::before {\r\n    color: #FFFFFF !important;\r\n}\r\n\r\n\/* hover navigation icon color *\/\r\n.sp-next-arrow::after, .sp-next-arrow::before {\r\n\tbackground-color: #FFFFFF !important;\r\n}\r\n.sp-previous-arrow::after, .sp-previous-arrow::before {\r\n\tbackground-color: #FFFFFF !important;\r\n}\r\n\r\n#slider-pro-3-1540 .title-in {\r\n\tcolor: #FFFFFF !important;\r\n\tfont-weight: bolder;\r\n\ttext-align: center;\r\n}\r\n\r\n#slider-pro-3-1540 .title-in-bg {\r\n\tbackground: rgba(255, 255, 255, 0.7); !important;\r\n\twhite-space: unset !important;\r\n\tmax-width: 90%;\r\n\tmin-width: 40%;\r\n\ttransform: initial !important;\r\n\t-webkit-transform: initial !important;\r\n\tfont-size: 14px !important;\r\n}\r\n\r\n#slider-pro-3-1540 .desc-in {\r\n\tcolor: #FFFFFF !important;\r\n\ttext-align: center;\r\n}\r\n#slider-pro-3-1540 .desc-in-bg {\r\n\tbackground: rgba(#ffffff, 0.7) !important;\r\n\twhite-space: unset !important;\r\n\twidth: 80% !important;\r\n\tmin-width: 30%;\r\n\ttransform: initial !important;\r\n\t-webkit-transform: initial !important;\r\n\tfont-size: 13px !important;\r\n}\r\n\r\n@media (max-width: 640px) {\r\n\t#slider-pro-3-1540 .hide-small-screen {\r\n\t\tdisplay: none;\r\n\t}\r\n}\r\n\r\n@media (max-width: 860px) {\r\n\t#slider-pro-3-1540 .sp-layer {\r\n\t\tfont-size: 18px;\r\n\t}\r\n\t\r\n\t#slider-pro-3-1540 .hide-medium-screen {\r\n\t\tdisplay: none;\r\n\t}\r\n}\r\n.slides-not-found {\r\n\tbackground-color: #a92929;\r\n\tborder-radius: 5px;\r\n\tcolor: #fff;\r\n\tfont-family: initial;\r\n\ttext-align: center;\r\n\tpadding:12px;\r\n}\r\n\/* Custom CSS *\/\r\n.sp-button { width: 10px !important; height: 10px !important; border: 1px solid #000 !important; }<\/style>\r\n\t\t<div id=\"slider-pro-3-1540\" class=\"slider-pro\">\r\n\t\t\t<!---- slides div start ---->\r\n\t\t\t<div class=\"sp-slides\">\r\n\t\t\t\t\t\t\t\t\t\t<div class=\"sp-slide\">\r\n\t\t\t\t\t\t\t<img decoding=\"async\" class=\"sp-image\" alt=\"th_slider_tafeln1\" src=\"https:\/\/designbuero-zabel.de\/wp-content\/plugins\/ultimate-responsive-image-slider\/assets\/css\/images\/blank.gif\" data-src=\"https:\/\/designbuero-zabel.de\/wp-content\/uploads\/2021\/03\/th_slider_tafeln1.jpg\" \/>\r\n\r\n\t\t\t\t\t\t\t\r\n\t\t\t\t\t\t\t\t\t\t\t\t\t<\/div>\r\n\t\t\t\t\t\t\t\t\t\t\t\t<div class=\"sp-slide\">\r\n\t\t\t\t\t\t\t<img decoding=\"async\" class=\"sp-image\" alt=\"th_slider_tafeln2\" src=\"https:\/\/designbuero-zabel.de\/wp-content\/plugins\/ultimate-responsive-image-slider\/assets\/css\/images\/blank.gif\" data-src=\"https:\/\/designbuero-zabel.de\/wp-content\/uploads\/2021\/03\/th_slider_tafeln2.jpg\" \/>\r\n\r\n\t\t\t\t\t\t\t\r\n\t\t\t\t\t\t\t\t\t\t\t\t\t<\/div>\r\n\t\t\t\t\t\t\t\t\t\t\t\t<div class=\"sp-slide\">\r\n\t\t\t\t\t\t\t<img decoding=\"async\" class=\"sp-image\" alt=\"th_slider_tafeln3\" src=\"https:\/\/designbuero-zabel.de\/wp-content\/plugins\/ultimate-responsive-image-slider\/assets\/css\/images\/blank.gif\" data-src=\"https:\/\/designbuero-zabel.de\/wp-content\/uploads\/2021\/03\/th_slider_tafeln3.jpg\" \/>\r\n\r\n\t\t\t\t\t\t\t\r\n\t\t\t\t\t\t\t\t\t\t\t\t\t<\/div>\r\n\t\t\t\t\t\t\t\t\t\t\t\t<div class=\"sp-slide\">\r\n\t\t\t\t\t\t\t<img decoding=\"async\" class=\"sp-image\" alt=\"th_slider_tafeln4\" src=\"https:\/\/designbuero-zabel.de\/wp-content\/plugins\/ultimate-responsive-image-slider\/assets\/css\/images\/blank.gif\" data-src=\"https:\/\/designbuero-zabel.de\/wp-content\/uploads\/2021\/03\/th_slider_tafeln4.jpg\" \/>\r\n\r\n\t\t\t\t\t\t\t\r\n\t\t\t\t\t\t\t\t\t\t\t\t\t<\/div>\r\n\t\t\t\t\t\t\t\t\t\t\t\t<div class=\"sp-slide\">\r\n\t\t\t\t\t\t\t<img decoding=\"async\" class=\"sp-image\" alt=\"th_slider_tafeln5\" src=\"https:\/\/designbuero-zabel.de\/wp-content\/plugins\/ultimate-responsive-image-slider\/assets\/css\/images\/blank.gif\" data-src=\"https:\/\/designbuero-zabel.de\/wp-content\/uploads\/2021\/03\/th_slider_tafeln5.jpg\" \/>\r\n\r\n\t\t\t\t\t\t\t\r\n\t\t\t\t\t\t\t\t\t\t\t\t\t<\/div>\r\n\t\t\t\t\t\t\t\t\t\t\t\t<div class=\"sp-slide\">\r\n\t\t\t\t\t\t\t<img decoding=\"async\" class=\"sp-image\" alt=\"th_slider_tafeln6\" src=\"https:\/\/designbuero-zabel.de\/wp-content\/plugins\/ultimate-responsive-image-slider\/assets\/css\/images\/blank.gif\" data-src=\"https:\/\/designbuero-zabel.de\/wp-content\/uploads\/2021\/03\/th_slider_tafeln6.jpg\" \/>\r\n\r\n\t\t\t\t\t\t\t\r\n\t\t\t\t\t\t\t\t\t\t\t\t\t<\/div>\r\n\t\t\t\t\t\t\t\t\t\t\t\t<div class=\"sp-slide\">\r\n\t\t\t\t\t\t\t<img decoding=\"async\" class=\"sp-image\" alt=\"th_slider_tafeln7\" src=\"https:\/\/designbuero-zabel.de\/wp-content\/plugins\/ultimate-responsive-image-slider\/assets\/css\/images\/blank.gif\" data-src=\"https:\/\/designbuero-zabel.de\/wp-content\/uploads\/2021\/03\/th_slider_tafeln7.jpg\" \/>\r\n\r\n\t\t\t\t\t\t\t\r\n\t\t\t\t\t\t\t\t\t\t\t\t\t<\/div>\r\n\t\t\t\t\t\t\t\t\t\t\t\t<div class=\"sp-slide\">\r\n\t\t\t\t\t\t\t<img decoding=\"async\" class=\"sp-image\" alt=\"th_slider_tafeln8\" src=\"https:\/\/designbuero-zabel.de\/wp-content\/plugins\/ultimate-responsive-image-slider\/assets\/css\/images\/blank.gif\" data-src=\"https:\/\/designbuero-zabel.de\/wp-content\/uploads\/2021\/03\/th_slider_tafeln8.jpg\" \/>\r\n\r\n\t\t\t\t\t\t\t\r\n\t\t\t\t\t\t\t\t\t\t\t\t\t<\/div>\r\n\t\t\t\t\t\t\t\t\t\t\t\t<div class=\"sp-slide\">\r\n\t\t\t\t\t\t\t<img decoding=\"async\" class=\"sp-image\" alt=\"th_slider_tafeln9\" src=\"https:\/\/designbuero-zabel.de\/wp-content\/plugins\/ultimate-responsive-image-slider\/assets\/css\/images\/blank.gif\" data-src=\"https:\/\/designbuero-zabel.de\/wp-content\/uploads\/2021\/03\/th_slider_tafeln9.jpg\" \/>\r\n\r\n\t\t\t\t\t\t\t\r\n\t\t\t\t\t\t\t\t\t\t\t\t\t<\/div>\r\n\t\t\t\t\t\t\t\t\t\t\t\t<div class=\"sp-slide\">\r\n\t\t\t\t\t\t\t<img decoding=\"async\" class=\"sp-image\" alt=\"th_slider_tafeln10\" src=\"https:\/\/designbuero-zabel.de\/wp-content\/plugins\/ultimate-responsive-image-slider\/assets\/css\/images\/blank.gif\" data-src=\"https:\/\/designbuero-zabel.de\/wp-content\/uploads\/2021\/03\/th_slider_tafeln10.jpg\" \/>\r\n\r\n\t\t\t\t\t\t\t\r\n\t\t\t\t\t\t\t\t\t\t\t\t\t<\/div>\r\n\t\t\t\t\t\t\t\t\t\t\t\t<div class=\"sp-slide\">\r\n\t\t\t\t\t\t\t<img decoding=\"async\" class=\"sp-image\" alt=\"th_slider_tafeln11\" src=\"https:\/\/designbuero-zabel.de\/wp-content\/plugins\/ultimate-responsive-image-slider\/assets\/css\/images\/blank.gif\" data-src=\"https:\/\/designbuero-zabel.de\/wp-content\/uploads\/2021\/03\/th_slider_tafeln11.jpg\" \/>\r\n\r\n\t\t\t\t\t\t\t\r\n\t\t\t\t\t\t\t\t\t\t\t\t\t<\/div>\r\n\t\t\t\t\t\t\t\t\t\t\t\t<div class=\"sp-slide\">\r\n\t\t\t\t\t\t\t<img decoding=\"async\" class=\"sp-image\" alt=\"th_slider_tafeln12\" src=\"https:\/\/designbuero-zabel.de\/wp-content\/plugins\/ultimate-responsive-image-slider\/assets\/css\/images\/blank.gif\" data-src=\"https:\/\/designbuero-zabel.de\/wp-content\/uploads\/2021\/03\/th_slider_tafeln12.jpg\" \/>\r\n\r\n\t\t\t\t\t\t\t\r\n\t\t\t\t\t\t\t\t\t\t\t\t\t<\/div>\r\n\t\t\t\t\t\t\t\t\t\t\t\t<div class=\"sp-slide\">\r\n\t\t\t\t\t\t\t<img decoding=\"async\" class=\"sp-image\" alt=\"th_slider_tafeln13\" src=\"https:\/\/designbuero-zabel.de\/wp-content\/plugins\/ultimate-responsive-image-slider\/assets\/css\/images\/blank.gif\" data-src=\"https:\/\/designbuero-zabel.de\/wp-content\/uploads\/2021\/03\/th_slider_tafeln13.jpg\" \/>\r\n\r\n\t\t\t\t\t\t\t\r\n\t\t\t\t\t\t\t\t\t\t\t\t\t<\/div>\r\n\t\t\t\t\t\t\t\t\t<\/div>\r\n\t\t\t\r\n\t\t\t<!---- slides div end ---->\r\n\t\t\t\t\t\t<!-- slides thumbnails div end -->\r\n\t\t<\/div>\r\n<\/p><\/div><\/div>\n<\/div>\n\n\t<\/div>\n<\/section>\n<section class=\"fw-main-row  tha-6\" style=\"background-color:#ffffff;background-image:url(https:\/\/designbuero-zabel.de\/wp-content\/uploads\/2021\/03\/22_klassenzimmer_fond-1.jpg);\" >\n\t<div class=\"fw-container\">\n\t\t<div class=\"fw-row\">\n\t<div class=\"fw-col-xs-12 fw-col-sm-8\">\n\t<img decoding=\"async\" src=\"\/\/designbuero-zabel.de\/wp-content\/uploads\/2021\/03\/16_klassenzimmer_01.jpg\" alt=\"\/\/designbuero-zabel.de\/wp-content\/uploads\/2021\/03\/16_klassenzimmer_01.jpg\" class=\"tha-6-img-1\" \/><\/div>\n<div class=\"fw-col-xs-12 fw-col-sm-4\">\n\t<div class=\"tha-6-div-1\"><h1>Das historische Klassenzimmer<\/h1><p>... hierzu geh\u00f6rte auch die Fotowand f\u00fcr das Erinnerungsfoto im Absolventenkreis in Steigeruniform.<\/p><\/div><\/div>\n<\/div>\n\n<div class=\"fw-row\">\n\t<div class=\"fw-col-xs-12 fw-col-sm-4\">\n\t<\/div>\n<div class=\"fw-col-xs-12 fw-col-sm-8\">\n\t<img decoding=\"async\" src=\"\/\/designbuero-zabel.de\/wp-content\/uploads\/2021\/03\/17_klassenzimmer_02.jpg\" alt=\"\/\/designbuero-zabel.de\/wp-content\/uploads\/2021\/03\/17_klassenzimmer_02.jpg\" class=\"tha-6-img-2\" \/><\/div>\n<\/div>\n\n\t<\/div>\n<\/section>\n<section class=\"fw-main-row  tha-7\" style=\"background-color:#ffffff;\" >\n\t<div class=\"fw-container\">\n\t\t<div class=\"fw-row\">\n\t<div class=\"fw-col-xs-12 fw-col-sm-3\">\n\t<img decoding=\"async\" src=\"\/\/designbuero-zabel.de\/wp-content\/uploads\/2021\/03\/18_klassenzimmer_03.png\" alt=\"\/\/designbuero-zabel.de\/wp-content\/uploads\/2021\/03\/18_klassenzimmer_03.png\" class=\"tha-7-img-1\" \/><\/div>\n<div class=\"fw-col-xs-12 fw-col-sm-3\">\n\t<img decoding=\"async\" src=\"\/\/designbuero-zabel.de\/wp-content\/uploads\/2021\/03\/19_klassenzimmer_04.png\" alt=\"\/\/designbuero-zabel.de\/wp-content\/uploads\/2021\/03\/19_klassenzimmer_04.png\" class=\"tha-7-img-1\" \/><\/div>\n<div class=\"fw-col-xs-12 fw-col-sm-3\">\n\t<img decoding=\"async\" src=\"\/\/designbuero-zabel.de\/wp-content\/uploads\/2021\/03\/20_klassenzimmer_05.png\" alt=\"\/\/designbuero-zabel.de\/wp-content\/uploads\/2021\/03\/20_klassenzimmer_05.png\" class=\"tha-7-img-1\" \/><\/div>\n<div class=\"fw-col-xs-12 fw-col-sm-3\">\n\t<img decoding=\"async\" src=\"\/\/designbuero-zabel.de\/wp-content\/uploads\/2021\/03\/21_klassenzimmer_06.png\" alt=\"\/\/designbuero-zabel.de\/wp-content\/uploads\/2021\/03\/21_klassenzimmer_06.png\" class=\"tha-7-img-1\" \/><\/div>\n<\/div>\n\n<div class=\"fw-row\">\n\t<div class=\"fw-col-xs-12 fw-col-sm-6\">\n\t<\/div>\n<div class=\"fw-col-xs-12 fw-col-sm-6\">\n\t<div class=\"tha-7-div-1\"><p><strong>Georessourcen und Verfahrenstechnik, Maschinenbau und Materialwissenschaften, Elektro-\/Informationstechnik und Wirtschaftsingenieurwesen<\/strong><\/p><p>Die drei Wissenschaftsbereiche der TH heute. Fotokonzeption: Designb\u00fcro Zabel im Werkkontor, Fotoshooting: Lichtblicke - Visuelle Medien, Wolker Wiciok<\/p><\/div><\/div>\n<\/div>\n\n<div class=\"fw-row\">\n\t<div class=\"fw-col-xs-12\">\n\t<div class=\"tha-7-div-2\"><h1>Festschrift -<br \/>200 Jahre auf 200 Seiten!<\/h1><\/div><\/div>\n<\/div>\n\n\t<\/div>\n<\/section>\n<section class=\"fw-main-row  tha-8\" style=\"background-color:#d6d6d6;\" >\n\t<div class=\"fw-container\">\n\t\t<div class=\"fw-row\">\n\t<div class=\"fw-col-xs-12\">\n\t<div class=\"tha-8-div-1\"><div class=\"_df_book df-lite\" id=\"df_1565\"  data-title=\"agricola\" _slug=\"agricola\" wpoptions=\"true\" thumbtype=\"bg\" ><p class=\"df-raw-loading\">Please wait while flipbook is loading. For more related info, FAQs and issues please refer to <a href=\"https:\/\/wordpress.org\/plugins\/3d-flipbook-dflip-lite\/#installation\">DearFlip WordPress Flipbook Plugin Help<\/a> documentation.<\/p><\/div><script class=\"df-shortcode-script\" type=\"application\/javascript\">window.option_df_1565 = {\"outline\":[],\"backgroundColor\":\"none\",\"forceFit\":\"true\",\"autoEnableOutline\":\"false\",\"autoEnableThumbnail\":\"false\",\"overwritePDFOutline\":\"false\",\"enableDownload\":\"false\",\"direction\":\"1\",\"pageSize\":\"0\",\"pageMode\":\"2\",\"controlsPosition\":\"bottom\",\"soundEnable\":\"false\",\"source\":\"https:\\\/\\\/designbuero-zabel.de\\\/wp-content\\\/uploads\\\/2021\\\/03\\\/23_th_festschrift_kurz_compressed.pdf\",\"wpOptions\":\"true\"}; if(window.DFLIP && window.DFLIP.parseBooks){window.DFLIP.parseBooks();}<\/script><\/div><\/div>\n<\/div>\n\n\t<\/div>\n<\/section>\n<section class=\"fw-main-row  tha-9\" style=\"background-color:#ffffff;\" >\n\t<div class=\"fw-container\">\n\t\t<div class=\"fw-row\">\n\t<div class=\"fw-col-xs-12\">\n\t<div class=\"tha-9-div-1\"><h1>Einladende Kommunikation<\/h1><\/div><\/div>\n<\/div>\n\n\t<\/div>\n<\/section>\n<section class=\"fw-main-row  tha-10\" style=\"background-color:#969696;\" >\n\t<div class=\"fw-container\">\n\t\t<div class=\"fw-row\">\n\t<div class=\"fw-col-xs-12\">\n\t<img decoding=\"async\" src=\"\/\/designbuero-zabel.de\/wp-content\/uploads\/2021\/03\/24_envelope.png\" alt=\"\/\/designbuero-zabel.de\/wp-content\/uploads\/2021\/03\/24_envelope.png\" class=\"tha-10-img-1\" \/><img decoding=\"async\" src=\"\/\/designbuero-zabel.de\/wp-content\/uploads\/2021\/03\/25_photos.jpg\" alt=\"\/\/designbuero-zabel.de\/wp-content\/uploads\/2021\/03\/25_photos.jpg\" class=\"tha-10-img-2\" \/><\/div>\n<\/div>\n\n\t<\/div>\n<\/section>\n<section class=\"fw-main-row  tha-11\" style=\"background-color:#ffffff;\" >\n\t<div class=\"fw-container\">\n\t\t<div class=\"fw-row\">\n\t<div class=\"fw-col-xs-12 fw-col-sm-6\">\n\t<div class=\"tha-11-div-1\"><h1>Eine gro\u00dfe Aufgabe<br \/>Eine gro\u00dfartige Erfahrung<br \/>Und ein Happy End<\/h1><h2>... alles wird gut<\/h2><\/div><\/div>\n<div class=\"fw-col-xs-12 fw-col-sm-6\">\n\t<div class=\"tha-11-div-2\"><p>Davon konnte sich die Premieren-Delegation ein Bild machen: NRW-Ministerpr\u00e4sidentin Hannelore Kraft (v.l.n.r.) Prof. Dr. Kretschmann, Pr\u00e4sident der TFH Georg Agicola; Peter Schrimpf, Vorsitzender des Hochschulrates; Dr. Werner M\u00fcller, Vorsitzender des Vorstandes der RAG-Stiftung; SPD Landtags-Abgeordneter NRW Norbert R\u00f6mer; Dipl.-Kom.-Des. Susanne Zabel, Designb\u00fcro Zabel im Werkkontor und Robert Muschalla, Kurator und Ausstellungsmanager.<\/p><\/div><\/div>\n<\/div>\n\n\t<\/div>\n<\/section>\n<section class=\"fw-main-row  tha-12\" style=\"background-color:#ffffff;\" >\n\t<div class=\"fw-container\">\n\t\t<div class=\"fw-row\">\n\t<div class=\"fw-col-xs-12\">\n\t<img decoding=\"async\" src=\"\/\/designbuero-zabel.de\/wp-content\/uploads\/2021\/03\/35_begehung.jpg\" alt=\"\/\/designbuero-zabel.de\/wp-content\/uploads\/2021\/03\/35_begehung.jpg\" class=\"tha-12-img-1\" \/><\/div>\n<\/div>\n\n\t<\/div>\n<\/section>\n<\/p>\n","protected":false},"excerpt":{"rendered":"","protected":false},"author":1,"featured_media":0,"parent":0,"menu_order":0,"comment_status":"closed","ping_status":"closed","template":"","meta":{"footnotes":""},"class_list":["post-1506","page","type-page","status-publish","hentry"],"_links":{"self":[{"href":"https:\/\/designbuero-zabel.de\/index.php?rest_route=\/wp\/v2\/pages\/1506","targetHints":{"allow":["GET"]}}],"collection":[{"href":"https:\/\/designbuero-zabel.de\/index.php?rest_route=\/wp\/v2\/pages"}],"about":[{"href":"https:\/\/designbuero-zabel.de\/index.php?rest_route=\/wp\/v2\/types\/page"}],"author":[{"embeddable":true,"href":"https:\/\/designbuero-zabel.de\/index.php?rest_route=\/wp\/v2\/users\/1"}],"replies":[{"embeddable":true,"href":"https:\/\/designbuero-zabel.de\/index.php?rest_route=%2Fwp%2Fv2%2Fcomments&post=1506"}],"version-history":[{"count":51,"href":"https:\/\/designbuero-zabel.de\/index.php?rest_route=\/wp\/v2\/pages\/1506\/revisions"}],"predecessor-version":[{"id":2335,"href":"https:\/\/designbuero-zabel.de\/index.php?rest_route=\/wp\/v2\/pages\/1506\/revisions\/2335"}],"wp:attachment":[{"href":"https:\/\/designbuero-zabel.de\/index.php?rest_route=%2Fwp%2Fv2%2Fmedia&parent=1506"}],"curies":[{"name":"wp","href":"https:\/\/api.w.org\/{rel}","templated":true}]}}