{"id":1580,"date":"2021-03-08T12:43:39","date_gmt":"2021-03-08T11:43:39","guid":{"rendered":"http:\/\/localhost:8888\/?page_id=1580"},"modified":"2021-03-31T18:32:35","modified_gmt":"2021-03-31T16:32:35","slug":"brk","status":"publish","type":"page","link":"https:\/\/designbuero-zabel.de\/?page_id=1580","title":{"rendered":"Birkenheuer"},"content":{"rendered":"<p><section class=\"fw-main-row  brk-1\" style=\"background-color:#ffffff;\" >\n\t<div class=\"fw-container\">\n\t\t<div class=\"fw-row\">\n\t<div class=\"fw-col-xs-12\">\n\t<img decoding=\"async\" src=\"\/\/designbuero-zabel.de\/wp-content\/uploads\/2021\/03\/01_Titel-1.jpg\" alt=\"\/\/designbuero-zabel.de\/wp-content\/uploads\/2021\/03\/01_Titel-1.jpg\" class=\"\" \/><\/div>\n<\/div>\n\n\t<\/div>\n<\/section>\n<section class=\"fw-main-row  brk-2\" style=\"background-color:#ffffff;\" >\n\t<div class=\"fw-container\">\n\t\t<div class=\"fw-row\">\n\t<div class=\"fw-col-xs-12 fw-col-sm-6\">\n\t<div class=\"brk-2-div-1\"><h1>Aus Qu\u00e4gwer &amp; Birkenheuer wird Birkenheuer<span style=\"color: #337abe;\">+<\/span> reloaded<\/h1><p>Ein guter Steuermann muss von Zeit zu Zeit den Kurs anpassen. Wenn sich in einer K\u00f6lner Steuerberatungskanzlei, Konstellationen \u00e4ndern, das Team w\u00e4chst und Aufgabenfelder erweitern, ist es soweit: Eine gr\u00fcndlicher <strong>Marken-Relaunch<\/strong> war gefragt.<\/p><\/div><\/div>\n<div class=\"fw-col-xs-12 fw-col-sm-6\">\n\t<img decoding=\"async\" src=\"\/\/designbuero-zabel.de\/wp-content\/uploads\/2021\/03\/03_Logo_1.png\" alt=\"\/\/designbuero-zabel.de\/wp-content\/uploads\/2021\/03\/03_Logo_1.png\" class=\"brk-2-img-1\" \/><\/div>\n<\/div>\n\n\t<\/div>\n<\/section>\n<section class=\"fw-main-row  brk-3\" style=\"background-color:#ffffff;\" >\n\t<div class=\"fw-container\">\n\t\t<div class=\"fw-row\">\n\t<div class=\"fw-col-xs-12 fw-col-sm-6\">\n\t<img decoding=\"async\" src=\"\/\/designbuero-zabel.de\/wp-content\/uploads\/2021\/03\/02_Gruppe.jpg\" alt=\"\/\/designbuero-zabel.de\/wp-content\/uploads\/2021\/03\/02_Gruppe.jpg\" class=\"brk-3-img-1\" \/><\/div>\n<div class=\"fw-col-xs-12 fw-col-sm-6\">\n\t<img decoding=\"async\" src=\"\/\/designbuero-zabel.de\/wp-content\/uploads\/2021\/03\/04_Logo_2.png\" alt=\"\/\/designbuero-zabel.de\/wp-content\/uploads\/2021\/03\/04_Logo_2.png\" class=\"brk-3-img-2\" \/><img decoding=\"async\" src=\"\/\/designbuero-zabel.de\/wp-content\/uploads\/2021\/03\/05_Logo_3.png\" alt=\"\/\/designbuero-zabel.de\/wp-content\/uploads\/2021\/03\/05_Logo_3.png\" class=\"brk-3-img-3\" \/><\/div>\n<\/div>\n\n\t<\/div>\n<\/section>\n<section class=\"fw-main-row  brk-4\" style=\"background-color:#ffffff;\" >\n\t<div class=\"fw-container\">\n\t\t<div class=\"fw-row\">\n\t<div class=\"fw-col-xs-12 fw-col-sm-6\">\n\t<div class=\"brk-4-div-1\"><p>Das alte <strong>Logo<\/strong> wurde ersetzt durch ein \u201eZwillings-Logo\u201c f\u00fcr zwei Haupt- aufgabenfelder. Ganz wichtig: ein neuer <strong>Webauftritt<\/strong>, der in einem wettbewerbsstarken Umfeld <strong>suchmaschinen-optimiert<\/strong> in der Top-Ten erscheint. Daf\u00fcr arbeiteten wir mit einer Wiener SEO-Agentur zusammen.<\/p><p>Selbstredend ist so ein neues Erscheinungsbild auf alle Medien zu \u00fcbertragen und in aktuellen Foto-Shootings eine ad\u00e4quate Bildsprache zu realisieren. Und nat\u00fcrlich alles nach dem Motto: \u201eBis dat, qui cito dat\u201c, wie in K\u00f6lle schon die alten R\u00f6mer sagten: \u201eDoppelt gibt, wer schnell gibt\u201c. Also haben wir Gas gegeben.<\/p><\/div><\/div>\n<div class=\"fw-col-xs-12 fw-col-sm-6\">\n\t<\/div>\n<\/div>\n\n\t<\/div>\n<\/section>\n<section class=\"fw-main-row  brk-5\" style=\"background-color:#ffffff;\" >\n\t<div class=\"fw-container\">\n\t\t<div class=\"fw-row\">\n\t<div class=\"fw-col-xs-12\">\n\t<img decoding=\"async\" src=\"\/\/designbuero-zabel.de\/wp-content\/uploads\/2021\/03\/06_Slider_monitor-1.png\" alt=\"\/\/designbuero-zabel.de\/wp-content\/uploads\/2021\/03\/06_Slider_monitor-1.png\" class=\"brk-5-img-1\" \/><ul id=\"slides\"><li class=\"slide showing\"><img decoding=\"async\" src=\"https:\/\/designbuero-zabel.de\/wp-content\/uploads\/2021\/03\/06_slider_birkenheuer1.jpg\" \/><\/li><li class=\"slide\"><img decoding=\"async\" src=\"https:\/\/designbuero-zabel.de\/wp-content\/uploads\/2021\/03\/06_slider_birkenheuer2.jpg\" \/><\/li><li class=\"slide\"><img decoding=\"async\" src=\"https:\/\/designbuero-zabel.de\/wp-content\/uploads\/2021\/03\/06_slider_birkenheuer3.jpg\" \/><\/li><li class=\"slide\"><img decoding=\"async\" src=\"https:\/\/designbuero-zabel.de\/wp-content\/uploads\/2021\/03\/06_slider_birkenheuer4.jpg\" \/><\/li><li class=\"slide\"><img decoding=\"async\" src=\"https:\/\/designbuero-zabel.de\/wp-content\/uploads\/2021\/03\/06_slider_birkenheuer5.jpg\" \/><\/li><li class=\"slide\"><img decoding=\"async\" src=\"https:\/\/designbuero-zabel.de\/wp-content\/uploads\/2021\/03\/06_slider_birkenheuer6.jpg\" \/><\/li><li class=\"slide\"><img decoding=\"async\" src=\"https:\/\/designbuero-zabel.de\/wp-content\/uploads\/2021\/03\/06_slider_birkenheuer7.jpg\" \/><\/li><li class=\"slide\"><img decoding=\"async\" src=\"https:\/\/designbuero-zabel.de\/wp-content\/uploads\/2021\/03\/06_slider_birkenheuer8.jpg\" \/><\/li><li class=\"slide\"><img decoding=\"async\" src=\"https:\/\/designbuero-zabel.de\/wp-content\/uploads\/2021\/03\/06_slider_birkenheuer9.jpg\" \/><\/li><\/ul><\/div>\n<\/div>\n\n\t<\/div>\n<\/section>\n<section class=\"fw-main-row  brk-6\" style=\"background-color:#e3e3e3;\" >\n\t<div class=\"fw-container\">\n\t\t<div class=\"fw-row\">\n\t<div class=\"fw-col-xs-12 fw-col-sm-6\">\n\t<\/div>\n<div class=\"fw-col-xs-12 fw-col-sm-6\">\n\t<div class=\"brk-6-div-1\"><h1>Neustart im Web<\/h1><h2>seri\u00f6s <span style=\"color: #337abe;\">+<\/span> versiert <span style=\"color: #337abe;\">+<\/span> vision\u00e4r<\/h2><p>Das Herz des neuen Markenauftritts schl\u00e4gt im Web. Der Einsatz der Hauptschmuckfarbe und die Kombination von Schwarz-Wei\u00df- mit Farbfotos werden stimmig auf die Printversion \u00fcbertragen.<\/p><\/div><\/div>\n<\/div>\n\n<div class=\"fw-row\">\n\t<div class=\"fw-col-xs-12\">\n\t<img decoding=\"async\" src=\"\/\/designbuero-zabel.de\/wp-content\/uploads\/2021\/03\/08_docs.png\" alt=\"\/\/designbuero-zabel.de\/wp-content\/uploads\/2021\/03\/08_docs.png\" class=\"brk-6-img-1\" \/><\/div>\n<\/div>\n\n\t<\/div>\n<\/section>\n<section class=\"fw-main-row  brk-7\" style=\"background-color:#ffffff;\" >\n\t<div class=\"fw-container\">\n\t\t<div class=\"fw-row\">\n\t<div class=\"fw-col-xs-12\">\n\t<div class=\"brk-7-div-1\"><h1>Die Imagebrosch\u00fcre \u2013 ein Bild von einer Kanzlei!<\/h1><p>Ein hoher Bildanteil tut der unverzichtbar seri\u00f6sen Ausstrahlungen keinerlei Abbruch. Nicht zuletzt eine gehobene Klientel sch\u00e4tzt rasche, klare Kommunikation. Bew\u00e4hrte Konvention bewahren, weiterf\u00fchrende Innovation wagen.<\/p><\/div><\/div>\n<\/div>\n\n\t<\/div>\n<\/section>\n<section class=\"fw-main-row  brk-8\" style=\"background-color:#ffffff;\" >\n\t<div class=\"fw-container\">\n\t\t<div class=\"fw-row\">\n\t<div class=\"fw-col-xs-12\">\n\t<div class=\"brk-8-div-1\"><h1>Kleine Markenbotschafter, gro\u00dfe Sympathie.<\/h1><p><strong>digital<\/strong> <strong><span style=\"color: #337abe;\">+<\/span> oral:<\/strong><\/p><p>USB-Stick und Petits Fours<\/p><\/div><\/div>\n<\/div>\n\n<div class=\"fw-row\">\n\t<div class=\"fw-col-xs-12 fw-col-sm-6\">\n\t<img decoding=\"async\" src=\"\/\/designbuero-zabel.de\/wp-content\/uploads\/2021\/03\/11_Box_UO.png\" alt=\"\/\/designbuero-zabel.de\/wp-content\/uploads\/2021\/03\/11_Box_UO.png\" class=\"brk-8-img-1\" \/><\/div>\n<div class=\"fw-col-xs-12 fw-col-sm-6\">\n\t<img decoding=\"async\" src=\"\/\/designbuero-zabel.de\/wp-content\/uploads\/2021\/03\/08_IMG.jpg\" alt=\"\/\/designbuero-zabel.de\/wp-content\/uploads\/2021\/03\/08_IMG.jpg\" class=\"brk-8-img-2\" \/><\/div>\n<\/div>\n\n<div class=\"fw-row\">\n\t<div class=\"fw-col-xs-12\">\n\t<img decoding=\"async\" src=\"\/\/designbuero-zabel.de\/wp-content\/uploads\/2021\/03\/14_Muster.jpg\" alt=\"\/\/designbuero-zabel.de\/wp-content\/uploads\/2021\/03\/14_Muster.jpg\" class=\"brk-8-img-3\" \/><\/div>\n<\/div>\n\n<div class=\"fw-row\">\n\t<div class=\"fw-col-xs-12 fw-col-sm-6\">\n\t<div class=\"brk-8-div-2-mob\"><h2>Die Sprache der<br \/>Zielgruppe sprechen<\/h2><p>Das gilt nat\u00fcrlich auch in K\u00f6lle \u2013 jederzeit. Auch in der 5. Jahreszeit.<\/p><\/div><img decoding=\"async\" src=\"\/\/designbuero-zabel.de\/wp-content\/uploads\/2021\/03\/15_Notiz.png\" alt=\"\/\/designbuero-zabel.de\/wp-content\/uploads\/2021\/03\/15_Notiz.png\" class=\"brk-8-img-4\" \/><\/div>\n<div class=\"fw-col-xs-12 fw-col-sm-6\">\n\t<div class=\"brk-8-div-2\"><h2>Die Sprache der<br \/> Zielgruppe sprechen<\/h2><p>Das gilt nat\u00fcrlich auch in K\u00f6lle \u2013 jederzeit. Auch in der 5. Jahreszeit.<\/p><\/div><img decoding=\"async\" src=\"\/\/designbuero-zabel.de\/wp-content\/uploads\/2021\/03\/22_Einladung.png\" alt=\"\/\/designbuero-zabel.de\/wp-content\/uploads\/2021\/03\/22_Einladung.png\" class=\"brk-8-img-5\" \/><\/div>\n<\/div>\n\n<div class=\"fw-row\">\n\t<div class=\"fw-col-xs-12\">\n\t<img decoding=\"async\" src=\"\/\/designbuero-zabel.de\/wp-content\/uploads\/2021\/03\/17_Theke.png\" alt=\"\/\/designbuero-zabel.de\/wp-content\/uploads\/2021\/03\/17_Theke.png\" class=\"brk-8-img-6\" \/><img decoding=\"async\" src=\"\/\/designbuero-zabel.de\/wp-content\/uploads\/2021\/03\/18_bild_PNG.png\" alt=\"\/\/designbuero-zabel.de\/wp-content\/uploads\/2021\/03\/18_bild_PNG.png\" class=\"brk-8-img-7\" \/><\/div>\n<\/div>\n\n<div class=\"fw-row\">\n\t<div class=\"fw-col-xs-12 fw-col-sm-6\">\n\t<div class=\"brk-8-div-3-mob\"><h2>Marke machen<\/h2><h3>Seine Marke tr\u00e4gt man im Herzen <span style=\"color: #337abe;\">+<\/span> in der Hand <span style=\"color: #337abe;\">+<\/span> auf der Zunge.<\/h3><\/div><img decoding=\"async\" src=\"\/\/designbuero-zabel.de\/wp-content\/uploads\/2021\/03\/20_Tuete.png\" alt=\"\/\/designbuero-zabel.de\/wp-content\/uploads\/2021\/03\/20_Tuete.png\" class=\"brk-8-img-8\" \/><\/div>\n<div class=\"fw-col-xs-12 fw-col-sm-6\">\n\t<div class=\"brk-8-div-3\"><h2>Marke machen<\/h2><h3>Seine Marke tr\u00e4gt man im Herzen <span style=\"color: #337abe;\">+<\/span> in der Hand <span style=\"color: #337abe;\">+<\/span> auf der Zunge.<\/h3><\/div><\/div>\n<\/div>\n\n<div class=\"fw-row\">\n\t<div class=\"fw-col-xs-12\">\n\t<img decoding=\"async\" src=\"\/\/designbuero-zabel.de\/wp-content\/uploads\/2021\/03\/21_Pen_Paper.png\" alt=\"\/\/designbuero-zabel.de\/wp-content\/uploads\/2021\/03\/21_Pen_Paper.png\" class=\"brk-8-img-9\" \/><\/div>\n<\/div>\n\n\t<\/div>\n<\/section>\n<\/p>\n","protected":false},"excerpt":{"rendered":"<p>Aus Qu\u00e4gwer &amp; Birkenheuer wird Birkenheuer+ reloadedEin guter Steuermann muss von Zeit zu Zeit den Kurs anpassen. Wenn sich in einer K\u00f6lner Steuerberatungskanzlei, Konstellationen \u00e4ndern, das Team w\u00e4chst und Aufgabenfelder erweitern, ist es soweit: Eine gr\u00fcndlicher Marken-Relaunch war gefragt. Das alte Logo wurde ersetzt durch ein \u201eZwillings-Logo\u201c f\u00fcr zwei Haupt- aufgabenfelder. Ganz wichtig: ein neuer [&hellip;]<\/p>\n","protected":false},"author":1,"featured_media":0,"parent":0,"menu_order":0,"comment_status":"closed","ping_status":"closed","template":"","meta":{"footnotes":""},"class_list":["post-1580","page","type-page","status-publish","hentry"],"_links":{"self":[{"href":"https:\/\/designbuero-zabel.de\/index.php?rest_route=\/wp\/v2\/pages\/1580","targetHints":{"allow":["GET"]}}],"collection":[{"href":"https:\/\/designbuero-zabel.de\/index.php?rest_route=\/wp\/v2\/pages"}],"about":[{"href":"https:\/\/designbuero-zabel.de\/index.php?rest_route=\/wp\/v2\/types\/page"}],"author":[{"embeddable":true,"href":"https:\/\/designbuero-zabel.de\/index.php?rest_route=\/wp\/v2\/users\/1"}],"replies":[{"embeddable":true,"href":"https:\/\/designbuero-zabel.de\/index.php?rest_route=%2Fwp%2Fv2%2Fcomments&post=1580"}],"version-history":[{"count":49,"href":"https:\/\/designbuero-zabel.de\/index.php?rest_route=\/wp\/v2\/pages\/1580\/revisions"}],"predecessor-version":[{"id":2353,"href":"https:\/\/designbuero-zabel.de\/index.php?rest_route=\/wp\/v2\/pages\/1580\/revisions\/2353"}],"wp:attachment":[{"href":"https:\/\/designbuero-zabel.de\/index.php?rest_route=%2Fwp%2Fv2%2Fmedia&parent=1580"}],"curies":[{"name":"wp","href":"https:\/\/api.w.org\/{rel}","templated":true}]}}