{"id":1673,"date":"2021-03-11T10:32:50","date_gmt":"2021-03-11T09:32:50","guid":{"rendered":"http:\/\/localhost:8888\/?page_id=1673"},"modified":"2021-03-31T18:23:02","modified_gmt":"2021-03-31T16:23:02","slug":"wz","status":"publish","type":"page","link":"https:\/\/designbuero-zabel.de\/?page_id=1673","title":{"rendered":"Werk Zeug"},"content":{"rendered":"<p><section class=\"fw-main-row  wz-1\" style=\"background-color:#ffffff;\" >\n\t<div class=\"fw-container\">\n\t\t<div class=\"fw-row\">\n\t<div class=\"fw-col-xs-12\">\n\t<img decoding=\"async\" src=\"\/\/designbuero-zabel.de\/wp-content\/uploads\/2021\/03\/01_Titel-2.png\" alt=\"\/\/designbuero-zabel.de\/wp-content\/uploads\/2021\/03\/01_Titel-2.png\" class=\"\" \/><div class=\"wz-1-div-1-mob\"><p>Werk &amp; Zeug ist unsere Agentureigenmarke f\u00fcr die Entwicklung von Artikeln, die Spa\u00df machen und dabei gern auch recht praktisch sind. Denn Design vermag das Sch\u00f6ne mit dem N\u00fctzlichen perfekt zu verbinden.<\/p><\/div><\/div>\n<\/div>\n\n<div class=\"fw-row\">\n\t<div class=\"fw-col-xs-12 fw-col-sm-8\">\n\t<div class=\"wz-1-div-2-mob\"><h1>Unvergessliche<br \/>Memo-Spiele<\/h1><h2>Wo isset f\u00fcr Gro\u00dfe ...<\/h2><p>Dieser Ruhrpott-Sprachkurs in 50 Wort-Bild-Paaren haut dich glatt ausse Galoschen. Ein St\u00fccksken Sprachkultur im Handumdrehen spielerisch und h\u00f6chst ansehnlich serviert.<\/p><\/div><img decoding=\"async\" src=\"\/\/designbuero-zabel.de\/wp-content\/uploads\/2021\/03\/02_Memo-Spiel_adult.png\" alt=\"\/\/designbuero-zabel.de\/wp-content\/uploads\/2021\/03\/02_Memo-Spiel_adult.png\" class=\"wz-1-img-1\" \/><div class=\"wz-1-div-3-mob\"><h2>... und f\u00fcr Furzknoten<\/h2><p>F\u00fcr Blagen ab 3 J\u00e4hrkes gibt\u2019s dieses liebevoll illustrierte Heimatkunde-Memo: je ein Wahrzeichen im Revier \u2013 kombiniert mit einem Tier.<\/p><\/div><img decoding=\"async\" src=\"\/\/designbuero-zabel.de\/wp-content\/uploads\/2021\/03\/03_Memo-Spiel_kids.png\" alt=\"\/\/designbuero-zabel.de\/wp-content\/uploads\/2021\/03\/03_Memo-Spiel_kids.png\" class=\"wz-1-img-2\" \/><\/div>\n<div class=\"fw-col-xs-12 fw-col-sm-4\">\n\t<div class=\"wz-1-div-1\"><p>Werk &amp; Zeug ist unsere Agentureigenmarke f\u00fcr die Entwicklung von Artikeln, die Spa\u00df machen und dabei gern auch recht praktisch sind. Denn Design vermag das Sch\u00f6ne mit dem N\u00fctzlichen perfekt zu verbinden.<\/p><\/div><div class=\"wz-1-div-2\"><h1>Unvergessliche<br \/>Memo-Spiele<\/h1><h2>Wo isset f\u00fcr Gro\u00dfe ...<\/h2><p>Dieser Ruhrpott-Sprachkurs in 50 Wort-Bild-Paaren haut dich glatt ausse Galoschen. Ein St\u00fccksken Sprachkultur im Handumdrehen spielerisch und h\u00f6chst ansehnlich serviert.<\/p><\/div><div class=\"wz-1-div-3\"><h2>... und f\u00fcr Furzknoten<\/h2><p>F\u00fcr Blagen ab 3 J\u00e4hrkes gibt\u2019s dieses liebevoll illustrierte Heimatkunde-Memo: je ein Wahrzeichen im Revier \u2013 kombiniert mit einem Tier.<\/p><\/div><\/div>\n<\/div>\n\n\t<\/div>\n<\/section>\n<section class=\"fw-main-row  wz-2\" style=\"background-color:#ebebeb;\" >\n\t<div class=\"fw-container\">\n\t\t<div class=\"fw-row\">\n\t<div class=\"fw-col-xs-12\">\n\t<div class=\"wz-2-div-1\"><h2>Unsere Kultmarke f\u00fcrs Revier:<\/h2><h1>mit Wahrzeichen-Logo<\/h1><p>F\u00fcr den Klartext-Verlag haben wir unter unserer Produkt-Eigenmarke \u201eMein Revier\u201c eine Serie von Non-Book-Artikeln entwickelt und gestaltet. Der Vertrieb lief vorwiegend \u00fcber den gut sortierten Buchhandel. Markantes Branding: unser lecker ruhriger F\u00f6rderturm \u2013 das Wahrzeichen f\u00fcrs Revier.<\/p><\/div><img decoding=\"async\" src=\"\/\/designbuero-zabel.de\/wp-content\/uploads\/2021\/03\/04_bild.png\" alt=\"\/\/designbuero-zabel.de\/wp-content\/uploads\/2021\/03\/04_bild.png\" class=\"wz-2-img-1\" \/><\/div>\n<\/div>\n\n\t<\/div>\n<\/section>\n<section class=\"fw-main-row  wz-3\" style=\"background-color:#ffffff;\" >\n\t<div class=\"fw-container\">\n\t\t<div class=\"fw-row\">\n\t<div class=\"fw-col-xs-12\">\n\t\n\t<div class=\"fw-divider-space\" style=\"padding-top: 150px;\"><\/div>\n<\/div>\n<\/div>\n\n\t<\/div>\n<\/section>\n<section class=\"fw-main-row  wz-4\" style=\"background-color:#eeeeee;\" >\n\t<div class=\"fw-container\">\n\t\t<div class=\"fw-row\">\n\t<div class=\"fw-col-xs-12\">\n\t<div class=\"wz-4-div-1\"><h1>\u201ePyramidal!\u201c<\/h1><h2>P\u00f6tte f\u00fcr die St\u00e4dte im Pott<\/p><h2><\/div><img decoding=\"async\" src=\"\/\/designbuero-zabel.de\/wp-content\/uploads\/2021\/03\/08_Tassen_Pyramide.jpg\" alt=\"\/\/designbuero-zabel.de\/wp-content\/uploads\/2021\/03\/08_Tassen_Pyramide.jpg\" class=\"wz-4-img-1\" \/><\/div>\n<\/div>\n\n\t<\/div>\n<\/section>\n<section class=\"fw-main-row  wz-5\" style=\"background-color:#ffffff;\" >\n\t<div class=\"fw-container\">\n\t\t<div class=\"fw-row\">\n\t<div class=\"fw-col-xs-12\">\n\t<div class=\"wz-5-div-1\"><h1>Jeder Blumenpott<br \/>ein Unikat<\/h1><h2>Nat\u00fcrlich k\u00f6nnen wir auch quietschbunt.<\/h2><p>Wie hier f\u00fcr einen Duisburger Pflanzenmarkt. Und bei unseren \u00fcberaus anziehenden K\u00fchlschrankmagneten haben wir es ebenfalls ziemlich bunt getrieben.<\/p><\/div><img decoding=\"async\" src=\"\/\/designbuero-zabel.de\/wp-content\/uploads\/2021\/03\/10_bild.jpg\" alt=\"\/\/designbuero-zabel.de\/wp-content\/uploads\/2021\/03\/10_bild.jpg\" class=\"wz-5-img-1\" \/><\/div>\n<\/div>\n\n<div class=\"fw-row\">\n\t<div class=\"fw-col-xs-12 fw-col-sm-6\">\n\t<img decoding=\"async\" src=\"\/\/designbuero-zabel.de\/wp-content\/uploads\/2021\/03\/14_musse_ham_1.png\" alt=\"\/\/designbuero-zabel.de\/wp-content\/uploads\/2021\/03\/14_musse_ham_1.png\" class=\"wz-5-img-2\" \/><\/div>\n<div class=\"fw-col-xs-12 fw-col-sm-6\">\n\t<img decoding=\"async\" src=\"\/\/designbuero-zabel.de\/wp-content\/uploads\/2021\/03\/15_musse_ham_2.png\" alt=\"\/\/designbuero-zabel.de\/wp-content\/uploads\/2021\/03\/15_musse_ham_2.png\" class=\"wz-5-img-2\" \/><\/div>\n<\/div>\n\n\t<\/div>\n<\/section>\n<section class=\"fw-main-row  wz-6\" style=\"background-color:#ebebeb;\" >\n\t<div class=\"fw-container\">\n\t\t<div class=\"fw-row\">\n\t<div class=\"fw-col-xs-12 fw-col-sm-6\">\n\t<div class=\"wz-6-div-1\"><h2>Keyvisuals:<\/h2><h1>Grubentuch als Schl\u00fcsselreiz<\/h1><p>Das kann ordentlich was ab: original Grubentuch, robust, strapazierf\u00e4hig, schmutzunempfindlich, kurz \u2013 ein echtes St\u00fcck Revier.<\/p><\/div><img decoding=\"async\" src=\"\/\/designbuero-zabel.de\/wp-content\/uploads\/2021\/03\/16_Anhaenger.png\" alt=\"\/\/designbuero-zabel.de\/wp-content\/uploads\/2021\/03\/16_Anhaenger.png\" class=\"wz-6-img-1\" \/><\/div>\n<div class=\"fw-col-xs-12 fw-col-sm-6\">\n\t<img decoding=\"async\" src=\"\/\/designbuero-zabel.de\/wp-content\/uploads\/2021\/03\/17_Anhaenger_Staender.png\" alt=\"\/\/designbuero-zabel.de\/wp-content\/uploads\/2021\/03\/17_Anhaenger_Staender.png\" class=\"wz-6-img-2\" \/><\/div>\n<\/div>\n\n\t<\/div>\n<\/section>\n<section class=\"fw-main-row  wz-7\" style=\"background-color:#ffffff;\" >\n\t<div class=\"fw-container\">\n\t\t<div class=\"fw-row\">\n\t<div class=\"fw-col-xs-12 fw-col-sm-6\">\n\t<img decoding=\"async\" src=\"\/\/designbuero-zabel.de\/wp-content\/uploads\/2021\/03\/18_Handy_putzen.jpg\" alt=\"\/\/designbuero-zabel.de\/wp-content\/uploads\/2021\/03\/18_Handy_putzen.jpg\" class=\"wz-7-img-1\" \/><\/div>\n<div class=\"fw-col-xs-12 fw-col-sm-6\">\n\t<div class=\"wz-7-div-1\"><h2>Zeitlos zweckdienlich:<br \/>2 in 1 \u2013 Handyh\u00fclle und Screentuch<\/h2><\/div><\/div>\n<\/div>\n\n<div class=\"fw-row\">\n\t<div class=\"fw-col-xs-12\">\n\t<img decoding=\"async\" src=\"\/\/designbuero-zabel.de\/wp-content\/uploads\/2021\/03\/19_Handytaschen.png\" alt=\"\/\/designbuero-zabel.de\/wp-content\/uploads\/2021\/03\/19_Handytaschen.png\" class=\"wz-7-img-2\" \/><\/div>\n<\/div>\n\n<div class=\"fw-row\">\n\t<div class=\"fw-col-xs-12 fw-col-sm-6\">\n\t<div class=\"wz-7-div-2-mob\"><h1>Branding auf Schritt und Tritt<\/h1><p>Diese dufte Reviermarkierung ist fast zu schade, um sie mit F\u00fc\u00dfen zu treten, aber die kann das ab. Nur zu ...<\/p><h2>Auch so was Sch\u00f6nes + Gutes haben wollen? Reden wir dar\u00fcber. Was geht? Alles, was kommt.<\/h2><\/div><img decoding=\"async\" src=\"\/\/designbuero-zabel.de\/wp-content\/uploads\/2021\/03\/20_Fussmatte.png\" alt=\"\/\/designbuero-zabel.de\/wp-content\/uploads\/2021\/03\/20_Fussmatte.png\" class=\"wz-7-img-3\" \/><\/div>\n<div class=\"fw-col-xs-12 fw-col-sm-6\">\n\t<div class=\"wz-7-div-2\"><h1>Branding auf Schritt und Tritt<\/h1><p>Diese dufte Reviermarkierung ist fast zu schade, um sie mit F\u00fc\u00dfen zu treten, aber die kann das ab. Nur zu ...<\/p><h2>Auch so was Sch\u00f6nes + Gutes haben wollen? Reden wir dar\u00fcber. Was geht? Alles, was kommt.<\/h2><\/div><\/div>\n<\/div>\n\n<div class=\"fw-row\">\n\t<div class=\"fw-col-xs-12\">\n\t<img decoding=\"async\" src=\"\/\/designbuero-zabel.de\/wp-content\/uploads\/2021\/03\/21_bild.png\" alt=\"\/\/designbuero-zabel.de\/wp-content\/uploads\/2021\/03\/21_bild.png\" class=\"wz-7-img-4\" \/><\/div>\n<\/div>\n\n\t<\/div>\n<\/section>\n<\/p>\n","protected":false},"excerpt":{"rendered":"<p>Werk &amp; Zeug ist unsere Agentureigenmarke f\u00fcr die Entwicklung von Artikeln, die Spa\u00df machen und dabei gern auch recht praktisch sind. Denn Design vermag das Sch\u00f6ne mit dem N\u00fctzlichen perfekt zu verbinden. UnvergesslicheMemo-SpieleWo isset f\u00fcr Gro\u00dfe &#8230;Dieser Ruhrpott-Sprachkurs in 50 Wort-Bild-Paaren haut dich glatt ausse Galoschen. Ein St\u00fccksken Sprachkultur im Handumdrehen spielerisch und h\u00f6chst ansehnlich [&hellip;]<\/p>\n","protected":false},"author":1,"featured_media":0,"parent":0,"menu_order":0,"comment_status":"closed","ping_status":"closed","template":"","meta":{"footnotes":""},"class_list":["post-1673","page","type-page","status-publish","hentry"],"_links":{"self":[{"href":"https:\/\/designbuero-zabel.de\/index.php?rest_route=\/wp\/v2\/pages\/1673","targetHints":{"allow":["GET"]}}],"collection":[{"href":"https:\/\/designbuero-zabel.de\/index.php?rest_route=\/wp\/v2\/pages"}],"about":[{"href":"https:\/\/designbuero-zabel.de\/index.php?rest_route=\/wp\/v2\/types\/page"}],"author":[{"embeddable":true,"href":"https:\/\/designbuero-zabel.de\/index.php?rest_route=\/wp\/v2\/users\/1"}],"replies":[{"embeddable":true,"href":"https:\/\/designbuero-zabel.de\/index.php?rest_route=%2Fwp%2Fv2%2Fcomments&post=1673"}],"version-history":[{"count":29,"href":"https:\/\/designbuero-zabel.de\/index.php?rest_route=\/wp\/v2\/pages\/1673\/revisions"}],"predecessor-version":[{"id":2350,"href":"https:\/\/designbuero-zabel.de\/index.php?rest_route=\/wp\/v2\/pages\/1673\/revisions\/2350"}],"wp:attachment":[{"href":"https:\/\/designbuero-zabel.de\/index.php?rest_route=%2Fwp%2Fv2%2Fmedia&parent=1673"}],"curies":[{"name":"wp","href":"https:\/\/api.w.org\/{rel}","templated":true}]}}