{"id":1753,"date":"2021-03-15T11:06:42","date_gmt":"2021-03-15T10:06:42","guid":{"rendered":"http:\/\/localhost:8888\/?page_id=1753"},"modified":"2021-03-31T17:59:08","modified_gmt":"2021-03-31T15:59:08","slug":"pil","status":"publish","type":"page","link":"https:\/\/designbuero-zabel.de\/?page_id=1753","title":{"rendered":"Pilken"},"content":{"rendered":"<p><section class=\"fw-main-row  pil-1\" style=\"background-color:#ffffff;\" >\n\t<div class=\"fw-container\">\n\t\t<div class=\"fw-row\">\n\t<div class=\"fw-col-xs-12\">\n\t<img decoding=\"async\" src=\"\/\/designbuero-zabel.de\/wp-content\/uploads\/2021\/03\/01_Titel-3.jpg\" alt=\"\/\/designbuero-zabel.de\/wp-content\/uploads\/2021\/03\/01_Titel-3.jpg\" class=\"\" \/><\/div>\n<\/div>\n\n\t<\/div>\n<\/section>\n<section class=\"fw-main-row  pil-2\" style=\"background-color:#ffffff;\" >\n\t<div class=\"fw-container\">\n\t\t<div class=\"fw-row\">\n\t<div class=\"fw-col-xs-12 fw-col-sm-4\">\n\t<img decoding=\"async\" src=\"\/\/designbuero-zabel.de\/wp-content\/uploads\/2021\/03\/02_Logo_Pilken.png\" alt=\"\/\/designbuero-zabel.de\/wp-content\/uploads\/2021\/03\/02_Logo_Pilken.png\" class=\"pil-2-img-1\" \/><\/div>\n<div class=\"fw-col-xs-12 fw-col-sm-8\">\n\t<div class=\"pil-2-div-1\"><h2>Pilken Consulting kombiniert weiche Faktoren und harte Fakten zu einem Erfolgsrezept<\/h2><p><strong>... und das machen wir B2B-Kunden ebenso schmackhaft wie der B2C-Zielgruppe.<\/strong><\/p><p>Wolfgang Pilken und sein Team beraten Gastronomen und lassen diese an der eigenen Expertise teilhaben. Denn mit H\u00e4ppchen Art und H\u00e4ppchen Essen geh\u00f6ren zwei appetitliche T\u00f6chter f\u00fcr Veranstaltungs-Catering zur Dachmarke Pilken Consulting. F\u00fcr die Dachmarke haben wir das Logo, den Webauftritt und die Printwerbemittel zu einem ausgewogenen Augenschmaus angerichtet.<\/p><\/div><\/div>\n<\/div>\n\n<div class=\"fw-row\">\n\t<div class=\"fw-col-xs-12 fw-col-sm-6\">\n\t<img decoding=\"async\" src=\"\/\/designbuero-zabel.de\/wp-content\/uploads\/2021\/03\/03_Webseite_1.png\" alt=\"\/\/designbuero-zabel.de\/wp-content\/uploads\/2021\/03\/03_Webseite_1.png\" class=\"pil-2-img-2\" \/><\/div>\n<div class=\"fw-col-xs-12 fw-col-sm-6\">\n\t<img decoding=\"async\" src=\"\/\/designbuero-zabel.de\/wp-content\/uploads\/2021\/03\/04_Webseite_2.png\" alt=\"\/\/designbuero-zabel.de\/wp-content\/uploads\/2021\/03\/04_Webseite_2.png\" class=\"pil-2-img-2\" \/><\/div>\n<\/div>\n\n<div class=\"fw-row\">\n\t<div class=\"fw-col-xs-12 fw-col-sm-6\">\n\t<div class=\"pil-2-div-2\"><h1>Website und Print:<br \/>fein aufeinander abgestimmt<\/h1><p>Die Kompetenz, Gastrokonzepte zu entwickeln und umzusetzen, die am Markt bestehen k\u00f6nnen, musste ebenso sichtbar werden, wie das sichere Gesp\u00fcr f\u00fcr Stil und alles, was Appetit macht. Daf\u00fcr haben wir gemeinsam mit unseren Netzwerkpartnern auch die Shootings von Personen und Food \u00fcbernommen.<\/p><\/div><\/div>\n<div class=\"fw-col-xs-12 fw-col-sm-6\">\n\t<img decoding=\"async\" src=\"\/\/designbuero-zabel.de\/wp-content\/uploads\/2021\/03\/05_Mailing_1.png\" alt=\"\/\/designbuero-zabel.de\/wp-content\/uploads\/2021\/03\/05_Mailing_1.png\" class=\"pil-2-img-3\" \/><\/div>\n<\/div>\n\n<div class=\"fw-row\">\n\t<div class=\"fw-col-xs-12\">\n\t<img decoding=\"async\" src=\"\/\/designbuero-zabel.de\/wp-content\/uploads\/2021\/03\/06_Mailing_2.png\" alt=\"\/\/designbuero-zabel.de\/wp-content\/uploads\/2021\/03\/06_Mailing_2.png\" class=\"pil-2-img-4\" \/><\/div>\n<\/div>\n\n\t<\/div>\n<\/section>\n<section class=\"fw-main-row  pil-3\" style=\"background-color:#4a317b;\" >\n\t<div class=\"fw-container\">\n\t\t<div class=\"fw-row\">\n\t<div class=\"fw-col-xs-12 fw-col-sm-8\">\n\t<img decoding=\"async\" src=\"\/\/designbuero-zabel.de\/wp-content\/uploads\/2021\/03\/07_HA_Logo.png\" alt=\"\/\/designbuero-zabel.de\/wp-content\/uploads\/2021\/03\/07_HA_Logo.png\" class=\"pil-3-img-1\" \/><\/div>\n<div class=\"fw-col-xs-12 fw-col-sm-4\">\n\t<div class=\"pil-3-div-1\"><h2>H\u00e4ppchen Art:<\/h2><h1>filmreife<br \/>Veranstaltungskunst in der Kunst-Galerie<\/h1><p>Zum etablierten Logo von H\u00e4ppchen Essen haben wir das passende Schwester-Logo f\u00fcr H\u00e4ppchen Art entwickelt. Vom Besonderen der Event Location kann sich jede\/r selbst ein Bild machen \u2013 bzw. sogar mehr als 16\/Sec.<br \/>Film ab ...<\/p><\/div><\/div>\n<\/div>\n\n<div class=\"fw-row\">\n\t<div class=\"fw-col-xs-12\">\n\t<div class=\"pil-3-div-2\"><video controls>\r\n<source src=\"https:\/\/designbuero-zabel.de\/wp-content\/uploads\/2021\/03\/Pilken.mp4\" type=\"video\/mp4\">\r\n<iframe width=\"100%\" src=\"https:\/\/designbuero-zabel.de\/wp-content\/uploads\/2021\/03\/Pilken.mp4\" frameborder=\"0\"><\/iframe>\r\n<\/video><\/div><\/div>\n<\/div>\n\n<div class=\"fw-row\">\n\t<div class=\"fw-col-xs-12\">\n\t\n\t<div class=\"fw-divider-space\" style=\"padding-top: 50px;\"><\/div>\n<\/div>\n<\/div>\n\n\t<\/div>\n<\/section>\n<section class=\"fw-main-row  pil-4\" style=\"background-color:#ffffff;\" >\n\t<div class=\"fw-container\">\n\t\t<div class=\"fw-row\">\n\t<div class=\"fw-col-xs-12 fw-col-sm-6\">\n\t<img decoding=\"async\" src=\"\/\/designbuero-zabel.de\/wp-content\/uploads\/2021\/03\/8_HA_Webseite_1.png\" alt=\"\/\/designbuero-zabel.de\/wp-content\/uploads\/2021\/03\/8_HA_Webseite_1.png\" class=\"pil-4-img-1\" \/><\/div>\n<div class=\"fw-col-xs-12 fw-col-sm-6\">\n\t<img decoding=\"async\" src=\"\/\/designbuero-zabel.de\/wp-content\/uploads\/2021\/03\/9_HA_Webseite_2.png\" alt=\"\/\/designbuero-zabel.de\/wp-content\/uploads\/2021\/03\/9_HA_Webseite_2.png\" class=\"pil-4-img-1\" \/><\/div>\n<\/div>\n\n<div class=\"fw-row\">\n\t<div class=\"fw-col-xs-12 fw-col-sm-4\">\n\t<img decoding=\"async\" src=\"\/\/designbuero-zabel.de\/wp-content\/uploads\/2021\/03\/10_Newsletter.png\" alt=\"\/\/designbuero-zabel.de\/wp-content\/uploads\/2021\/03\/10_Newsletter.png\" class=\"pil-4-img-2\" \/><img decoding=\"async\" src=\"\/\/designbuero-zabel.de\/wp-content\/uploads\/2021\/03\/12_HA_Mappe_1.png\" alt=\"\/\/designbuero-zabel.de\/wp-content\/uploads\/2021\/03\/12_HA_Mappe_1.png\" class=\"pil-4-img-4\" \/><\/div>\n<div class=\"fw-col-xs-12 fw-col-sm-8\">\n\t<div class=\"pil-4-div-1\"><h2>Heftchen Art: Print als Appetitmacher f\u00fcrs Digitale<\/h2><p>Was helfen tolle Websites und ein schickes Video, solange es kaum jemand bemerkt? Da helfen klassische Printmedien.<\/p><\/div><img decoding=\"async\" src=\"\/\/designbuero-zabel.de\/wp-content\/uploads\/2021\/03\/11_HA_Logo_2.png\" alt=\"\/\/designbuero-zabel.de\/wp-content\/uploads\/2021\/03\/11_HA_Logo_2.png\" class=\"pil-4-img-3\" \/><img decoding=\"async\" src=\"\/\/designbuero-zabel.de\/wp-content\/uploads\/2021\/03\/13_HA_Mappe_2.png\" alt=\"\/\/designbuero-zabel.de\/wp-content\/uploads\/2021\/03\/13_HA_Mappe_2.png\" class=\"pil-4-img-5\" \/><\/div>\n<\/div>\n\n\t<\/div>\n<\/section>\n<section class=\"fw-main-row  pil-5\" style=\"background-color:#d6e5cb;\" >\n\t<div class=\"fw-container\">\n\t\t<div class=\"fw-row\">\n\t<div class=\"fw-col-xs-12\">\n\t<img decoding=\"async\" src=\"\/\/designbuero-zabel.de\/wp-content\/uploads\/2021\/03\/14_bild.png\" alt=\"\/\/designbuero-zabel.de\/wp-content\/uploads\/2021\/03\/14_bild.png\" class=\"pil-5-img-1\" \/><\/div>\n<\/div>\n\n<div class=\"fw-row\">\n\t<div class=\"fw-col-xs-12 fw-col-sm-4\">\n\t<div class=\"pil-5-div-1\"><h2>H\u00e4ppchen Essen:<\/h2><h1>Leckere Finger\u00fcbungen<\/h1><p>F\u00fcr die bestehende Pilken-Marke \u201eH\u00e4ppchen Essen\u201c haben wir schlie\u00dflich auch noch einige leckere Kleinigkeiten wie zum Beispiel Flyer und Newsletter angerichtet.<\/p><\/div><\/div>\n<div class=\"fw-col-xs-12 fw-col-sm-8\">\n\t<img decoding=\"async\" src=\"\/\/designbuero-zabel.de\/wp-content\/uploads\/2021\/03\/18_HE_Logo.png\" alt=\"\/\/designbuero-zabel.de\/wp-content\/uploads\/2021\/03\/18_HE_Logo.png\" class=\"pil-5-img-2\" \/><\/div>\n<\/div>\n\n<div class=\"fw-row\">\n\t<div class=\"fw-col-xs-12 fw-col-sm-6\">\n\t<img decoding=\"async\" src=\"\/\/designbuero-zabel.de\/wp-content\/uploads\/2021\/03\/19_HE_Newsletter.png\" alt=\"\/\/designbuero-zabel.de\/wp-content\/uploads\/2021\/03\/19_HE_Newsletter.png\" class=\"pil-5-img-3 pil-5-img-bottom\" \/><\/div>\n<div class=\"fw-col-xs-12 fw-col-sm-6\">\n\t<img decoding=\"async\" src=\"\/\/designbuero-zabel.de\/wp-content\/uploads\/2021\/03\/20_HE_Flyer.png\" alt=\"\/\/designbuero-zabel.de\/wp-content\/uploads\/2021\/03\/20_HE_Flyer.png\" class=\"pil-5-img-3\" \/><\/div>\n<\/div>\n\n\t<\/div>\n<\/section>\n<\/p>\n","protected":false},"excerpt":{"rendered":"<p>Pilken Consulting kombiniert weiche Faktoren und harte Fakten zu einem Erfolgsrezept&#8230; und das machen wir B2B-Kunden ebenso schmackhaft wie der B2C-Zielgruppe.Wolfgang Pilken und sein Team beraten Gastronomen und lassen diese an der eigenen Expertise teilhaben. Denn mit H\u00e4ppchen Art und H\u00e4ppchen Essen geh\u00f6ren zwei appetitliche T\u00f6chter f\u00fcr Veranstaltungs-Catering zur Dachmarke Pilken Consulting. F\u00fcr die Dachmarke [&hellip;]<\/p>\n","protected":false},"author":1,"featured_media":0,"parent":0,"menu_order":0,"comment_status":"closed","ping_status":"closed","template":"","meta":{"footnotes":""},"class_list":["post-1753","page","type-page","status-publish","hentry"],"_links":{"self":[{"href":"https:\/\/designbuero-zabel.de\/index.php?rest_route=\/wp\/v2\/pages\/1753","targetHints":{"allow":["GET"]}}],"collection":[{"href":"https:\/\/designbuero-zabel.de\/index.php?rest_route=\/wp\/v2\/pages"}],"about":[{"href":"https:\/\/designbuero-zabel.de\/index.php?rest_route=\/wp\/v2\/types\/page"}],"author":[{"embeddable":true,"href":"https:\/\/designbuero-zabel.de\/index.php?rest_route=\/wp\/v2\/users\/1"}],"replies":[{"embeddable":true,"href":"https:\/\/designbuero-zabel.de\/index.php?rest_route=%2Fwp%2Fv2%2Fcomments&post=1753"}],"version-history":[{"count":29,"href":"https:\/\/designbuero-zabel.de\/index.php?rest_route=\/wp\/v2\/pages\/1753\/revisions"}],"predecessor-version":[{"id":2349,"href":"https:\/\/designbuero-zabel.de\/index.php?rest_route=\/wp\/v2\/pages\/1753\/revisions\/2349"}],"wp:attachment":[{"href":"https:\/\/designbuero-zabel.de\/index.php?rest_route=%2Fwp%2Fv2%2Fmedia&parent=1753"}],"curies":[{"name":"wp","href":"https:\/\/api.w.org\/{rel}","templated":true}]}}