{"id":1854,"date":"2021-03-21T10:41:49","date_gmt":"2021-03-21T09:41:49","guid":{"rendered":"http:\/\/localhost:8888\/?page_id=1854"},"modified":"2021-03-31T17:31:14","modified_gmt":"2021-03-31T15:31:14","slug":"kirk","status":"publish","type":"page","link":"https:\/\/designbuero-zabel.de\/?page_id=1854","title":{"rendered":"Menschenversteher mit Mut zur Marke"},"content":{"rendered":"<p><section class=\"fw-main-row  kirk-1\" style=\"background-color:#ffffff;\" >\n\t<div class=\"fw-container\">\n\t\t<div class=\"fw-row\">\n\t<div class=\"fw-col-xs-12\">\n\t<img decoding=\"async\" src=\"\/\/designbuero-zabel.de\/wp-content\/uploads\/2021\/03\/01_Titel-5.jpg\" alt=\"\/\/designbuero-zabel.de\/wp-content\/uploads\/2021\/03\/01_Titel-5.jpg\" class=\"\" \/><\/div>\n<\/div>\n\n\t<\/div>\n<\/section>\n<section class=\"fw-main-row  kirk-2\" style=\"background-color:#ffffff;\" >\n\t<div class=\"fw-container\">\n\t\t<div class=\"fw-row\">\n\t<div class=\"fw-col-xs-12 fw-col-sm-6\">\n\t<div class=\"kirk-2-div-1\"><h2>Wenn Zahn\u00e4rzte genau den Nerv ihrer Zielgruppe treffen, muss das nicht wehtun!<\/h2><p><strong>... ganz im Gegenteil: Das kann sogar Spa\u00df machen und \u00c4ngste abbauen.<\/strong><\/p><p>Jedenfalls wenn sie mit einer Agentur zusammenarbeiten, mit der sie sich bestens verstehen und wenn die \u201eHalbg\u00f6tter in Wei\u00df\u201c ganz und gar menschlich sind \u2013 und dabei mutig genug, mal etwas anders zu kommunizieren als standes\u00fcblich.<\/p><\/div><\/div>\n<div class=\"fw-col-xs-12 fw-col-sm-6\">\n\t<img decoding=\"async\" src=\"\/\/designbuero-zabel.de\/wp-content\/uploads\/2021\/03\/02_Aerzte.png\" alt=\"\/\/designbuero-zabel.de\/wp-content\/uploads\/2021\/03\/02_Aerzte.png\" class=\"kirk-2-img-1\" \/><\/div>\n<\/div>\n\n<div class=\"fw-row\">\n\t<div class=\"fw-col-xs-12 fw-col-sm-6\">\n\t<img decoding=\"async\" src=\"\/\/designbuero-zabel.de\/wp-content\/uploads\/2021\/03\/03_Vader-1.png\" alt=\"\/\/designbuero-zabel.de\/wp-content\/uploads\/2021\/03\/03_Vader-1.png\" class=\"kirk-2-img-2\" \/><\/div>\n<div class=\"fw-col-xs-12 fw-col-sm-6\">\n\t<img decoding=\"async\" src=\"\/\/designbuero-zabel.de\/wp-content\/uploads\/2021\/03\/04_Skunk-1.png\" alt=\"\/\/designbuero-zabel.de\/wp-content\/uploads\/2021\/03\/04_Skunk-1.png\" class=\"kirk-2-img-2\" \/><\/div>\n<\/div>\n\n<div class=\"fw-row\">\n\t<div class=\"fw-col-xs-12 fw-col-sm-6\">\n\t<div class=\"kirk-2-div-1\"><h2>Fans zu Klienten machen und Klienten zu Fans<\/h2><p>Die Plakat-Version dieses Motivs hat sich gleich nach Erscheinen der Darth-Vader-Fanclub gesichert. Im Zusammenwirken mit den \u00fcbrigen Kampagnemotiven sicherte es der Zahnklinik im R\u00fc-Karree einen regen Klientenzustrom.<\/p><p>Das h\u00f6chst seri\u00f6se Logo ist ebenfalls von uns. Denn Dentisten sollten nat\u00fcrlich nicht blo\u00df Spa\u00df und ihre Klienten verstehen, sondern vor allem ihr Handwerk.<\/p><\/div><\/div>\n<div class=\"fw-col-xs-12 fw-col-sm-3\">\n\t<img decoding=\"async\" src=\"\/\/designbuero-zabel.de\/wp-content\/uploads\/2021\/03\/05_Seil-1.png\" alt=\"\/\/designbuero-zabel.de\/wp-content\/uploads\/2021\/03\/05_Seil-1.png\" class=\"kirk-2-img-3\" \/><\/div>\n<div class=\"fw-col-xs-12 fw-col-sm-3\">\n\t<img decoding=\"async\" src=\"\/\/designbuero-zabel.de\/wp-content\/uploads\/2021\/03\/06_Baby_Nahrung-1.png\" alt=\"\/\/designbuero-zabel.de\/wp-content\/uploads\/2021\/03\/06_Baby_Nahrung-1.png\" class=\"kirk-2-img-3\" \/><\/div>\n<\/div>\n\n<div class=\"fw-row\">\n\t<div class=\"fw-col-xs-12 fw-col-sm-6\">\n\t<img decoding=\"async\" src=\"\/\/designbuero-zabel.de\/wp-content\/uploads\/2021\/03\/07_Magazin-1.png\" alt=\"\/\/designbuero-zabel.de\/wp-content\/uploads\/2021\/03\/07_Magazin-1.png\" class=\"kirk-2-img-4\" \/><\/div>\n<div class=\"fw-col-xs-12 fw-col-sm-3\">\n\t<img decoding=\"async\" src=\"\/\/designbuero-zabel.de\/wp-content\/uploads\/2021\/03\/08_Kaese-1.png\" alt=\"\/\/designbuero-zabel.de\/wp-content\/uploads\/2021\/03\/08_Kaese-1.png\" class=\"kirk-2-img-3\" \/><\/div>\n<div class=\"fw-col-xs-12 fw-col-sm-3\">\n\t<img decoding=\"async\" src=\"\/\/designbuero-zabel.de\/wp-content\/uploads\/2021\/03\/09_Schaf-1.png\" alt=\"\/\/designbuero-zabel.de\/wp-content\/uploads\/2021\/03\/09_Schaf-1.png\" class=\"kirk-2-img-3\" \/><\/div>\n<\/div>\n\n<div class=\"fw-row\">\n\t<div class=\"fw-col-xs-12 fw-col-sm-6\">\n\t<div class=\"kirk-2-div-1\"><h2>H\u00f6rt, h\u00f6rt:<br \/>Funkloch fachgerecht geschlossen<\/h2><p>Radiospots f\u00fcr Dentisten? Aber ja, das geh\u00f6rt durchaus zum guten Ton.<\/p><\/div><\/div>\n<div class=\"fw-col-xs-12 fw-col-sm-3\">\n\t<\/div>\n<div class=\"fw-col-xs-12 fw-col-sm-3\">\n\t<img decoding=\"async\" src=\"\/\/designbuero-zabel.de\/wp-content\/uploads\/2021\/03\/10_Kokosnuss-1.png\" alt=\"\/\/designbuero-zabel.de\/wp-content\/uploads\/2021\/03\/10_Kokosnuss-1.png\" class=\"kirk-2-img-3\" \/><\/div>\n<\/div>\n\n<div class=\"fw-row\">\n\t<div class=\"fw-col-xs-12 fw-col-sm-4\">\n\t<img decoding=\"async\" src=\"\/\/designbuero-zabel.de\/wp-content\/uploads\/2021\/03\/11_Audio_Skunk.png\" alt=\"\/\/designbuero-zabel.de\/wp-content\/uploads\/2021\/03\/11_Audio_Skunk.png\" class=\"kirk-2-img-5\" \/><p class=\"kirk-2-p-1\" style=\"text-align: center;\">Radiospot Halitose<\/p><p align=\"center\"><div class=\"sc_player_container1\"><input type=\"button\" id=\"btnplay_69f758809e4097.55539641\" class=\"myButton_play\" onClick=\"play_mp3('play','69f758809e4097.55539641','https:\/\/designbuero-zabel.de\/wp-content\/uploads\/2021\/03\/01_stinktier.mp3','80','false');show_hide('play','69f758809e4097.55539641');\" \/><input type=\"button\"  id=\"btnstop_69f758809e4097.55539641\" style=\"display:none\" class=\"myButton_stop\" onClick=\"play_mp3('stop','69f758809e4097.55539641','','80','false');show_hide('stop','69f758809e4097.55539641');\" \/><div id=\"sm2-container\"><!-- flash movie ends up here --><\/div><\/div><\/p><\/div>\n<div class=\"fw-col-xs-12 fw-col-sm-4\">\n\t<img decoding=\"async\" src=\"\/\/designbuero-zabel.de\/wp-content\/uploads\/2021\/03\/12_Audio_Vader.png\" alt=\"\/\/designbuero-zabel.de\/wp-content\/uploads\/2021\/03\/12_Audio_Vader.png\" class=\"kirk-2-img-5\" \/><p class=\"kirk-2-p-1\" style=\"text-align: center;\">Radiospot Lasertherapie<\/p><p align=\"center\"><div class=\"sc_player_container1\"><input type=\"button\" id=\"btnplay_69f758809e6188.11604717\" class=\"myButton_play\" onClick=\"play_mp3('play','69f758809e6188.11604717','https:\/\/designbuero-zabel.de\/wp-content\/uploads\/2021\/03\/02_Vader.mp3','80','false');show_hide('play','69f758809e6188.11604717');\" \/><input type=\"button\"  id=\"btnstop_69f758809e6188.11604717\" style=\"display:none\" class=\"myButton_stop\" onClick=\"play_mp3('stop','69f758809e6188.11604717','','80','false');show_hide('stop','69f758809e6188.11604717');\" \/><div id=\"sm2-container\"><!-- flash movie ends up here --><\/div><\/div><\/p><\/div>\n<div class=\"fw-col-xs-12 fw-col-sm-4\">\n\t<\/div>\n<\/div>\n\n<div class=\"fw-row\">\n\t<div class=\"fw-col-xs-12 fw-col-sm-9\">\n\t<img decoding=\"async\" src=\"\/\/designbuero-zabel.de\/wp-content\/uploads\/2021\/03\/13_Audio_Spur.png\" alt=\"\/\/designbuero-zabel.de\/wp-content\/uploads\/2021\/03\/13_Audio_Spur.png\" class=\"kirk-2-img-6\" \/><\/div>\n<div class=\"fw-col-xs-12 fw-col-sm-3\">\n\t<\/div>\n<\/div>\n\n\t<\/div>\n<\/section>\n<section class=\"fw-main-row  kirk-3\" style=\"background-color:#ffffff;\" >\n\t<div class=\"fw-container\">\n\t\t<div class=\"fw-row\">\n\t<div class=\"fw-col-xs-12\">\n\t<img decoding=\"async\" src=\"\/\/designbuero-zabel.de\/wp-content\/uploads\/2021\/03\/14_Arztzimmer.jpg\" alt=\"\/\/designbuero-zabel.de\/wp-content\/uploads\/2021\/03\/14_Arztzimmer.jpg\" class=\"\" \/><\/div>\n<\/div>\n\n<div class=\"fw-row\">\n\t<div class=\"fw-col-xs-12 fw-col-sm-2\">\n\t<\/div>\n<div class=\"fw-col-xs-12 fw-col-sm-8\">\n\t<div class=\"kirk-4-div-1-mob\"><h2>Einladend und adrett im Internet<\/h2><p><strong>Wenn Klienten ins Netz gehen ...<\/strong><\/p><p>... muss der Weg in die Praxis leicht und verhei\u00dfungsvoll erscheinen.<\/p><\/div><img decoding=\"async\" src=\"\/\/designbuero-zabel.de\/wp-content\/uploads\/2021\/03\/15_Slider_iPad_mockup.png\" alt=\"\/\/designbuero-zabel.de\/wp-content\/uploads\/2021\/03\/15_Slider_iPad_mockup.png\" class=\"kirk-3-img-1\" \/><ul id=\"slides\"><li class=\"slide showing\"><img decoding=\"async\" src=\"https:\/\/designbuero-zabel.de\/wp-content\/uploads\/2021\/03\/Slider_Motiv_1.jpg\" \/><\/li><li class=\"slide\"><img decoding=\"async\" src=\"https:\/\/designbuero-zabel.de\/wp-content\/uploads\/2021\/03\/Slider_Motiv_3.jpg\" \/><\/li><li class=\"slide\"><img decoding=\"async\" src=\"https:\/\/designbuero-zabel.de\/wp-content\/uploads\/2021\/03\/Slider_Motiv_4.jpg\" \/><\/li><li class=\"slide\"><img decoding=\"async\" src=\"https:\/\/designbuero-zabel.de\/wp-content\/uploads\/2021\/03\/Slider_Motiv_5.jpg\" \/><\/li><li class=\"slide\"><img decoding=\"async\" src=\"https:\/\/designbuero-zabel.de\/wp-content\/uploads\/2021\/03\/Slider_Motiv_6.jpg\" \/><\/li><\/ul><\/div>\n<div class=\"fw-col-xs-12 fw-col-sm-2\">\n\t<\/div>\n<\/div>\n\n\t<\/div>\n<\/section>\n<section class=\"fw-main-row  kirk-4\" style=\"background-color:#ffffff;\" >\n\t<div class=\"fw-container\">\n\t\t<div class=\"fw-row\">\n\t<div class=\"fw-col-xs-12\">\n\t<div class=\"kirk-4-div-1\"><h2>Einladend und adrett im Internet<\/h2><p><strong>Wenn Klienten ins Netz gehen ...<\/strong><\/p><p>... muss der Weg in die Praxis leicht und verhei\u00dfungsvoll erscheinen.<\/p><\/div><div class=\"kirk-4-div-2-mob\"><h2>Gesunde Z\u00e4hne sind h\u00f6chst zweckm\u00e4\u00dfig<\/h2><p><strong>... und sehen dabei auch noch gut aus<\/strong><\/p><p>Genau so soll es bei allen Medien sein: vom Anamnesebogen \u00fcber die Pr\u00e4sentationsmappe mit CD bis zum Praxis-Newsletter.<\/p><\/div><img decoding=\"async\" src=\"\/\/designbuero-zabel.de\/wp-content\/uploads\/2021\/03\/envelopes.png\" alt=\"\/\/designbuero-zabel.de\/wp-content\/uploads\/2021\/03\/envelopes.png\" class=\"kirk-4-img-1\" \/><div class=\"kirk-4-div-2\"><h2>Gesunde Z\u00e4hne sind h\u00f6chst zweckm\u00e4\u00dfig<\/h2><p><strong>... und sehen dabei auch noch gut aus<\/strong><\/p><p>Genau so soll es bei allen Medien sein: vom Anamnesebogen \u00fcber die Pr\u00e4sentationsmappe mit CD bis zum Praxis-Newsletter.<\/p><\/div><img decoding=\"async\" src=\"\/\/designbuero-zabel.de\/wp-content\/uploads\/2021\/03\/21_Biber_Bild.png\" alt=\"\/\/designbuero-zabel.de\/wp-content\/uploads\/2021\/03\/21_Biber_Bild.png\" class=\"kirk-4-img-2\" \/><div class=\"kirk-4-div-3\"><p><strong>Kinderzahnpraxis Benno Biber:<\/strong><\/p><h2>der absolute Haihammer!<\/h2><p>Ob mit unserem Biber-Bastelbogen oder der Aufkl\u00e4- rungsbrosch\u00fcre \u201eEine Klasse f\u00fcr sich\u201c: Die Kinderzahn- praxis der Klinik nimmt schon den j\u00fcngsten Klienten die Angst vorm Zahnarzt und schafft die Basis f\u00fcr nachhaltige Zahngesundheit.<\/p><p>Der Mega-Hit bei den Kids: unser versteinerter Haifischzahn zum Mitnehmen<\/p><p><strong>\u2013 unhaimlich hai\u00df begehrt!<\/strong><\/p><\/div><img decoding=\"async\" src=\"\/\/designbuero-zabel.de\/wp-content\/uploads\/2021\/03\/22_Hai_Zahn.png\" alt=\"\/\/designbuero-zabel.de\/wp-content\/uploads\/2021\/03\/22_Hai_Zahn.png\" class=\"kirk-4-img-3\" \/><img decoding=\"async\" src=\"\/\/designbuero-zabel.de\/wp-content\/uploads\/2021\/03\/23_Klasse.png\" alt=\"\/\/designbuero-zabel.de\/wp-content\/uploads\/2021\/03\/23_Klasse.png\" class=\"kirk-4-img-4\" \/><\/div>\n<\/div>\n\n<div class=\"fw-row\">\n\t<div class=\"fw-col-xs-12 fw-col-sm-8\">\n\t<img decoding=\"async\" src=\"\/\/designbuero-zabel.de\/wp-content\/uploads\/2021\/03\/24_Flyer.png\" alt=\"\/\/designbuero-zabel.de\/wp-content\/uploads\/2021\/03\/24_Flyer.png\" class=\"kirk-4-img-5\" \/><\/div>\n<div class=\"fw-col-xs-12 fw-col-sm-4\">\n\t<img decoding=\"async\" src=\"\/\/designbuero-zabel.de\/wp-content\/uploads\/2021\/03\/25_Bastelbogen.png\" alt=\"\/\/designbuero-zabel.de\/wp-content\/uploads\/2021\/03\/25_Bastelbogen.png\" class=\"kirk-4-img-6\" \/><img decoding=\"async\" src=\"\/\/designbuero-zabel.de\/wp-content\/uploads\/2021\/03\/26_Visitenkarte.png\" alt=\"\/\/designbuero-zabel.de\/wp-content\/uploads\/2021\/03\/26_Visitenkarte.png\" class=\"kirk-4-img-7\" \/><\/div>\n<\/div>\n\n\t<\/div>\n<\/section>\n<\/p>\n","protected":false},"excerpt":{"rendered":"<p>Wenn Zahn\u00e4rzte genau den Nerv ihrer Zielgruppe treffen, muss das nicht wehtun!&#8230; ganz im Gegenteil: Das kann sogar Spa\u00df machen und \u00c4ngste abbauen.Jedenfalls wenn sie mit einer Agentur zusammenarbeiten, mit der sie sich bestens verstehen und wenn die \u201eHalbg\u00f6tter in Wei\u00df\u201c ganz und gar menschlich sind \u2013 und dabei mutig genug, mal etwas anders zu [&hellip;]<\/p>\n","protected":false},"author":1,"featured_media":0,"parent":0,"menu_order":0,"comment_status":"closed","ping_status":"closed","template":"","meta":{"footnotes":""},"class_list":["post-1854","page","type-page","status-publish","hentry"],"_links":{"self":[{"href":"https:\/\/designbuero-zabel.de\/index.php?rest_route=\/wp\/v2\/pages\/1854","targetHints":{"allow":["GET"]}}],"collection":[{"href":"https:\/\/designbuero-zabel.de\/index.php?rest_route=\/wp\/v2\/pages"}],"about":[{"href":"https:\/\/designbuero-zabel.de\/index.php?rest_route=\/wp\/v2\/types\/page"}],"author":[{"embeddable":true,"href":"https:\/\/designbuero-zabel.de\/index.php?rest_route=\/wp\/v2\/users\/1"}],"replies":[{"embeddable":true,"href":"https:\/\/designbuero-zabel.de\/index.php?rest_route=%2Fwp%2Fv2%2Fcomments&post=1854"}],"version-history":[{"count":44,"href":"https:\/\/designbuero-zabel.de\/index.php?rest_route=\/wp\/v2\/pages\/1854\/revisions"}],"predecessor-version":[{"id":2345,"href":"https:\/\/designbuero-zabel.de\/index.php?rest_route=\/wp\/v2\/pages\/1854\/revisions\/2345"}],"wp:attachment":[{"href":"https:\/\/designbuero-zabel.de\/index.php?rest_route=%2Fwp%2Fv2%2Fmedia&parent=1854"}],"curies":[{"name":"wp","href":"https:\/\/api.w.org\/{rel}","templated":true}]}}