{"id":1929,"date":"2021-03-23T09:23:55","date_gmt":"2021-03-23T08:23:55","guid":{"rendered":"http:\/\/localhost:8888\/?page_id=1929"},"modified":"2021-03-31T17:10:40","modified_gmt":"2021-03-31T15:10:40","slug":"mpt","status":"publish","type":"page","link":"https:\/\/designbuero-zabel.de\/?page_id=1929","title":{"rendered":"Mondpalast"},"content":{"rendered":"<p><section class=\"fw-main-row  mpt-1\" style=\"background-color:#ffffff;\" >\n\t<div class=\"fw-container\">\n\t\t<div class=\"fw-row\">\n\t<div class=\"fw-col-xs-12\">\n\t<img decoding=\"async\" src=\"\/\/designbuero-zabel.de\/wp-content\/uploads\/2021\/03\/01_Titel-6.jpg\" alt=\"\/\/designbuero-zabel.de\/wp-content\/uploads\/2021\/03\/01_Titel-6.jpg\" class=\"\" \/><\/div>\n<\/div>\n\n\t<\/div>\n<\/section>\n<section class=\"fw-main-row  mpt-2\" style=\"background-color:#ffffff;\" >\n\t<div class=\"fw-container\">\n\t\t<div class=\"fw-row\">\n\t<div class=\"fw-col-xs-12 fw-col-sm-8\">\n\t<div class=\"mpt-2-div-1\"><h1>Der Mann im Mondpalast:<br \/>Was f\u00fcr ein Theater!<\/h1><h2>Passen seit mehr als einem Jahrzehnt zusammen wie Pott und Deckel:<\/h2><p>Die Revieragentur im Werkkontor und Christian Stratmann, der \u201ePrinzipal\u201c vom Mondpalast, \u201eDeutschlands gro\u00dfes Volkstheater\u201c. Der Mondpalast ist eine Kom\u00f6dienb\u00fchne f\u00fcr die Menschen im Ruhrgebiet. Im Saalbau von Wanne-Eickel bringt ein festes Ensemble eigene St\u00fccke auf die B\u00fchne: keine Hochkultur, aber ein Riesenspa\u00df f\u00fcr 70.000 G\u00e4ste im Jahr \u2013 und ganz ohne Subventionen.<\/p><\/div><img decoding=\"async\" src=\"\/\/designbuero-zabel.de\/wp-content\/uploads\/2021\/03\/03_Mondpalast_1.png\" alt=\"\/\/designbuero-zabel.de\/wp-content\/uploads\/2021\/03\/03_Mondpalast_1.png\" class=\"mpt-2-img-1\" \/><img decoding=\"async\" src=\"\/\/designbuero-zabel.de\/wp-content\/uploads\/2021\/03\/04_Mondpalast_2.png\" alt=\"\/\/designbuero-zabel.de\/wp-content\/uploads\/2021\/03\/04_Mondpalast_2.png\" class=\"mpt-2-img-2\" \/><img decoding=\"async\" src=\"\/\/designbuero-zabel.de\/wp-content\/uploads\/2021\/03\/05_WEB_MP_Halfpage_300x600_Rabatt.gif\" alt=\"\/\/designbuero-zabel.de\/wp-content\/uploads\/2021\/03\/05_WEB_MP_Halfpage_300x600_Rabatt.gif\" class=\"mpt-2-img-3\" \/><\/div>\n<div class=\"fw-col-xs-12 fw-col-sm-4\">\n\t<img decoding=\"async\" src=\"\/\/designbuero-zabel.de\/wp-content\/uploads\/2021\/03\/02_Stratmann.jpg\" alt=\"\/\/designbuero-zabel.de\/wp-content\/uploads\/2021\/03\/02_Stratmann.jpg\" class=\"mpt-2-img-4\" \/><\/div>\n<\/div>\n\n<div class=\"fw-row\">\n\t<div class=\"fw-col-xs-12\">\n\t<img decoding=\"async\" src=\"\/\/designbuero-zabel.de\/wp-content\/uploads\/2021\/03\/06_Domina.png\" alt=\"\/\/designbuero-zabel.de\/wp-content\/uploads\/2021\/03\/06_Domina.png\" class=\"mpt-2-img-5\" \/><\/div>\n<\/div>\n\n\t<\/div>\n<\/section>\n<section class=\"fw-main-row  mpt-3\" style=\"background-color:#ffffff;background-image:url(https:\/\/designbuero-zabel.de\/wp-content\/uploads\/2021\/03\/11_BG_Publikum.png);\" >\n\t<div class=\"fw-container\">\n\t\t<div class=\"fw-row\">\n\t<div class=\"fw-col-xs-12 fw-col-sm-6\">\n\t<div class=\"mpt-3-div-1\"><script type=\"text\/javascript\">\r\ndocument.addEventListener(\"DOMContentLoaded\", function(event) { \r\n\tjQuery( '#slider-pro-3-1940' ).sliderPro({\r\n\t\t\/\/width\r\n\t\t\t\twidth: \"100%\",\r\n\t\t\t\t\r\n\t\t\/\/height\r\n\t\t\t\tautoHeight: true,\r\n\t\t\t\t\r\n\t\t\/\/autoplay\r\n\t\t\t\tautoplay:  true,\r\n\t\tautoplayOnHover: 'none',\r\n\t\t\t\t\t\t\t\tautoplayDelay: 3000,\r\n\t\t\r\n\t\t\r\n\t\tarrows: false,\r\n\t\tbuttons: true,\r\n\t\tsmallSize: 500,\r\n\t\tmediumSize: 1000,\r\n\t\tlargeSize: 3000,\r\n\t\tfade: true,\r\n\t\t\r\n\t\t\/\/thumbnail\r\n\t\tthumbnailArrows: true,\r\n\t\tthumbnailWidth: 120,\r\n\t\tthumbnailHeight: 120,\r\n\t\t\t\t\t\tthumbnailsPosition: 'bottom',\r\n\t\t\t\t\t\tcenterImage: true,\r\n\t\timageScaleMode: 'cover',\r\n\t\tallowScaleUp: true,\r\n\t\t\t\tstartSlide: 0,\r\n\t\tloop: true,\r\n\t\tslideDistance: 5,\r\n\t\tautoplayDirection: 'normal',\r\n\t\ttouchSwipe: true,\r\n\t\tfullScreen: true,\r\n\t});\r\n});\r\n<\/script>\r\n<style>\r\n\/* Layout 3 *\/\r\n\/* border *\/\r\n#slider-pro-3-1940 .sp-selected-thumbnail {\r\n\tborder: 4px solid #000000;\r\n}\r\n\r\n\/* font + color *\/\r\n.title-in  {\r\n\tfont-family: Arial !important;\r\n\tcolor: #FFFFFF !important;\r\n\tbackground-color: #000000 !important;\r\n\topacity: 0.7 !important;\r\n}\r\n.desc-in  {\r\n\tfont-family: Arial !important;\r\n\tcolor: #FFFFFF !important;\r\n\tbackground-color: #00000 !important;\r\n\topacity: 0.7 !important;\r\n}\r\n\r\n\/* bullets color *\/\r\n.sp-button  {\r\n\tborder: 2px solid #000000 !important;\r\n}\r\n.sp-selected-button  {\r\n\tbackground-color: #000000 !important;\r\n}\r\n\r\n\/* pointer color - bottom *\/\r\n.sp-selected-thumbnail::before {\r\n\tborder-bottom: 5px solid #000000 !important;\r\n}\r\n.sp-selected-thumbnail::after {\r\n\tborder-bottom: 13px solid #000000 !important;\r\n}\r\n\r\n\/* pointer color - top *\/\r\n\r\n\/* full screen icon *\/\r\n.sp-full-screen-button::before {\r\n    color: #FFFFFF !important;\r\n}\r\n\r\n\/* hover navigation icon color *\/\r\n.sp-next-arrow::after, .sp-next-arrow::before {\r\n\tbackground-color: #FFFFFF !important;\r\n}\r\n.sp-previous-arrow::after, .sp-previous-arrow::before {\r\n\tbackground-color: #FFFFFF !important;\r\n}\r\n\r\n#slider-pro-3-1940 .title-in {\r\n\tcolor: #FFFFFF !important;\r\n\tfont-weight: bolder;\r\n\ttext-align: center;\r\n}\r\n\r\n#slider-pro-3-1940 .title-in-bg {\r\n\tbackground: rgba(255, 255, 255, 0.7); !important;\r\n\twhite-space: unset !important;\r\n\tmax-width: 90%;\r\n\tmin-width: 40%;\r\n\ttransform: initial !important;\r\n\t-webkit-transform: initial !important;\r\n\tfont-size: 14px !important;\r\n}\r\n\r\n#slider-pro-3-1940 .desc-in {\r\n\tcolor: #FFFFFF !important;\r\n\ttext-align: center;\r\n}\r\n#slider-pro-3-1940 .desc-in-bg {\r\n\tbackground: rgba(#00000, 0.7) !important;\r\n\twhite-space: unset !important;\r\n\twidth: 80% !important;\r\n\tmin-width: 30%;\r\n\ttransform: initial !important;\r\n\t-webkit-transform: initial !important;\r\n\tfont-size: 13px !important;\r\n}\r\n\r\n@media (max-width: 640px) {\r\n\t#slider-pro-3-1940 .hide-small-screen {\r\n\t\tdisplay: none;\r\n\t}\r\n}\r\n\r\n@media (max-width: 860px) {\r\n\t#slider-pro-3-1940 .sp-layer {\r\n\t\tfont-size: 18px;\r\n\t}\r\n\t\r\n\t#slider-pro-3-1940 .hide-medium-screen {\r\n\t\tdisplay: none;\r\n\t}\r\n}\r\n.slides-not-found {\r\n\tbackground-color: #a92929;\r\n\tborder-radius: 5px;\r\n\tcolor: #fff;\r\n\tfont-family: initial;\r\n\ttext-align: center;\r\n\tpadding:12px;\r\n}\r\n\/* Custom CSS *\/\r\n.sp-button { width: 10px !important; height: 10px !important; border: 1px solid #000 !important; }<\/style>\r\n\t\t<div id=\"slider-pro-3-1940\" class=\"slider-pro\">\r\n\t\t\t<!---- slides div start ---->\r\n\t\t\t<div class=\"sp-slides\">\r\n\t\t\t\t\t\t\t\t\t\t<div class=\"sp-slide\">\r\n\t\t\t\t\t\t\t<img decoding=\"async\" class=\"sp-image\" alt=\"07_Programm_1\" src=\"https:\/\/designbuero-zabel.de\/wp-content\/plugins\/ultimate-responsive-image-slider\/assets\/css\/images\/blank.gif\" data-src=\"https:\/\/designbuero-zabel.de\/wp-content\/uploads\/2021\/03\/07_Programm_1.jpg\" \/>\r\n\r\n\t\t\t\t\t\t\t\r\n\t\t\t\t\t\t\t\t\t\t\t\t\t<\/div>\r\n\t\t\t\t\t\t\t\t\t\t\t\t<div class=\"sp-slide\">\r\n\t\t\t\t\t\t\t<img decoding=\"async\" class=\"sp-image\" alt=\"08_Programm_2\" src=\"https:\/\/designbuero-zabel.de\/wp-content\/plugins\/ultimate-responsive-image-slider\/assets\/css\/images\/blank.gif\" data-src=\"https:\/\/designbuero-zabel.de\/wp-content\/uploads\/2021\/03\/08_Programm_2.jpg\" \/>\r\n\r\n\t\t\t\t\t\t\t\r\n\t\t\t\t\t\t\t\t\t\t\t\t\t<\/div>\r\n\t\t\t\t\t\t\t\t\t\t\t\t<div class=\"sp-slide\">\r\n\t\t\t\t\t\t\t<img decoding=\"async\" class=\"sp-image\" alt=\"09_Programm_3\" src=\"https:\/\/designbuero-zabel.de\/wp-content\/plugins\/ultimate-responsive-image-slider\/assets\/css\/images\/blank.gif\" data-src=\"https:\/\/designbuero-zabel.de\/wp-content\/uploads\/2021\/03\/09_Programm_3.jpg\" \/>\r\n\r\n\t\t\t\t\t\t\t\r\n\t\t\t\t\t\t\t\t\t\t\t\t\t<\/div>\r\n\t\t\t\t\t\t\t\t\t\t\t\t<div class=\"sp-slide\">\r\n\t\t\t\t\t\t\t<img decoding=\"async\" class=\"sp-image\" alt=\"10_Programm_4\" src=\"https:\/\/designbuero-zabel.de\/wp-content\/plugins\/ultimate-responsive-image-slider\/assets\/css\/images\/blank.gif\" data-src=\"https:\/\/designbuero-zabel.de\/wp-content\/uploads\/2021\/03\/10_Programm_4.jpg\" \/>\r\n\r\n\t\t\t\t\t\t\t\r\n\t\t\t\t\t\t\t\t\t\t\t\t\t<\/div>\r\n\t\t\t\t\t\t\t\t\t<\/div>\r\n\t\t\t\r\n\t\t\t<!---- slides div end ---->\r\n\t\t\t\t\t\t<!-- slides thumbnails div end -->\r\n\t\t<\/div>\r\n<\/div><\/div>\n<div class=\"fw-col-xs-12 fw-col-sm-6\">\n\t<div class=\"mpt-3-div-2\"><h1>Gro\u00dfe Inszenierungen!<\/h1><h2>Das volle Programm<\/h2><p>Komplettbetreuung einer aufmerksamkeitsstarken Kommunikation mit plakativen Bildern: Da k\u00fcmmern wir uns auch um die Foto-Shootings gern selbst.<\/p><\/div><\/div>\n<\/div>\n\n\t<\/div>\n<\/section>\n<section class=\"fw-main-row  mpt-4\" style=\"background-color:#ffffff;\" >\n\t<div class=\"fw-container\">\n\t\t<div class=\"fw-row\">\n\t<div class=\"fw-col-xs-12\">\n\t<div class=\"mpt-4-div-1\"><h1>Jedes St\u00fcck ein Unternehmen:<\/h1><h2>mit eigenem \u201eSt\u00fccke-Logo\u201c<\/h2><p>Ob \u201eDie Indianer vom Revier\u201c oder \u201eDas Schweigen der Fr\u00f6sche\u201c: Jedes St\u00fcck bekommt seinem Charakter gem\u00e4\u00df einen eigenen Titelschriftzug.<\/p><p>Vom Plakat bis zum Programmheft entsteht ein markantes, unverwechselbares Erscheinungsbild unter der Dachmarke Mondpalast.<\/p><\/div><img decoding=\"async\" src=\"\/\/designbuero-zabel.de\/wp-content\/uploads\/2021\/03\/12_Unternehmen.png\" alt=\"\/\/designbuero-zabel.de\/wp-content\/uploads\/2021\/03\/12_Unternehmen.png\" class=\"mpt-4-img-1\" \/><\/div>\n<\/div>\n\n\t<\/div>\n<\/section>\n<section class=\"fw-main-row  mpt-5\" style=\"background-color:#ffffff;background-image:url(https:\/\/designbuero-zabel.de\/wp-content\/uploads\/2021\/03\/13_Schauspieler.png);\" >\n\t<div class=\"fw-container\">\n\t\t<div class=\"fw-row\">\n\t<div class=\"fw-col-xs-12\">\n\t<div class=\"mpt-5-div-1\"><div class=\"_df_book df-lite\" id=\"df_1953\"  data-title=\"mondpalast\" _slug=\"mondpalast\" wpoptions=\"true\" thumbtype=\"bg\" ><p class=\"df-raw-loading\">Please wait while flipbook is loading. For more related info, FAQs and issues please refer to <a href=\"https:\/\/wordpress.org\/plugins\/3d-flipbook-dflip-lite\/#installation\">DearFlip WordPress Flipbook Plugin Help<\/a> documentation.<\/p><\/div><script class=\"df-shortcode-script\" type=\"application\/javascript\">window.option_df_1953 = {\"outline\":[],\"backgroundColor\":\"none\",\"forceFit\":\"true\",\"autoEnableOutline\":\"false\",\"autoEnableThumbnail\":\"false\",\"overwritePDFOutline\":\"false\",\"direction\":\"1\",\"pageSize\":\"0\",\"pageMode\":\"2\",\"controlsPosition\":\"bottom\",\"soundEnable\":\"false\",\"source\":\"https:\\\/\\\/designbuero-zabel.de\\\/wp-content\\\/uploads\\\/2021\\\/03\\\/14_StratmannMagazin.pdf\",\"wpOptions\":\"true\"}; if(window.DFLIP && window.DFLIP.parseBooks){window.DFLIP.parseBooks();}<\/script><\/div><\/div>\n<\/div>\n\n\t<\/div>\n<\/section>\n<section class=\"fw-main-row  mpt-6\" style=\"background-color:#000000;\" >\n\t<div class=\"fw-container\">\n\t\t<div class=\"fw-row\">\n\t<div class=\"fw-col-xs-12\">\n\t<img decoding=\"async\" src=\"\/\/designbuero-zabel.de\/wp-content\/uploads\/2021\/03\/15_Promis.jpg\" alt=\"\/\/designbuero-zabel.de\/wp-content\/uploads\/2021\/03\/15_Promis.jpg\" class=\"mpt-6-img-1\" \/><\/div>\n<\/div>\n\n\t<\/div>\n<\/section>\n<section class=\"fw-main-row  mpt-7\" style=\"background-color:#ffffff;\" >\n\t<div class=\"fw-container\">\n\t\t<div class=\"fw-row\">\n\t<div class=\"fw-col-xs-12\">\n\t<img decoding=\"async\" src=\"\/\/designbuero-zabel.de\/wp-content\/uploads\/2021\/03\/16_Stroeer.jpg\" alt=\"\/\/designbuero-zabel.de\/wp-content\/uploads\/2021\/03\/16_Stroeer.jpg\" class=\"mpt-7-img-1\" \/><\/div>\n<\/div>\n\n<div class=\"fw-row\">\n\t<div class=\"fw-col-xs-12 fw-col-sm-3\">\n\t<div class=\"mpt-7-div-1\"><h1>Theater ist immer und \u00fcberall<\/h1><p>Das Mondpalast-Jahr vor und hinter den Kulissen gibt es als schmucken Kalender mit 365 Tagen Kontaktzeit.<\/p><\/div><\/div>\n<div class=\"fw-col-xs-12 fw-col-sm-6\">\n\t<div class=\"mpt-7-div-2\"><script type=\"text\/javascript\">\r\ndocument.addEventListener(\"DOMContentLoaded\", function(event) { \r\n\tjQuery( '#slider-pro-3-1964' ).sliderPro({\r\n\t\t\/\/width\r\n\t\t\t\twidth: \"100%\",\r\n\t\t\t\t\r\n\t\t\/\/height\r\n\t\t\t\tautoHeight: true,\r\n\t\t\t\t\r\n\t\t\/\/autoplay\r\n\t\t\t\tautoplay:  true,\r\n\t\tautoplayOnHover: 'none',\r\n\t\t\t\t\t\t\t\tautoplayDelay: 3000,\r\n\t\t\r\n\t\t\r\n\t\tarrows: false,\r\n\t\tbuttons: true,\r\n\t\tsmallSize: 500,\r\n\t\tmediumSize: 1000,\r\n\t\tlargeSize: 3000,\r\n\t\tfade: true,\r\n\t\t\r\n\t\t\/\/thumbnail\r\n\t\tthumbnailArrows: true,\r\n\t\tthumbnailWidth: 120,\r\n\t\tthumbnailHeight: 120,\r\n\t\t\t\t\t\tthumbnailsPosition: 'bottom',\r\n\t\t\t\t\t\tcenterImage: true,\r\n\t\timageScaleMode: 'cover',\r\n\t\tallowScaleUp: true,\r\n\t\t\t\tstartSlide: 0,\r\n\t\tloop: true,\r\n\t\tslideDistance: 5,\r\n\t\tautoplayDirection: 'normal',\r\n\t\ttouchSwipe: true,\r\n\t\tfullScreen: false,\r\n\t});\r\n});\r\n<\/script>\r\n<style>\r\n\/* Layout 3 *\/\r\n\/* border *\/\r\n#slider-pro-3-1964 .sp-selected-thumbnail {\r\n\tborder: 4px solid #000000;\r\n}\r\n\r\n\/* font + color *\/\r\n.title-in  {\r\n\tfont-family: Arial !important;\r\n\tcolor: #FFFFFF !important;\r\n\tbackground-color: #000000 !important;\r\n\topacity: 0.7 !important;\r\n}\r\n.desc-in  {\r\n\tfont-family: Arial !important;\r\n\tcolor: #FFFFFF !important;\r\n\tbackground-color: #00000 !important;\r\n\topacity: 0.7 !important;\r\n}\r\n\r\n\/* bullets color *\/\r\n.sp-button  {\r\n\tborder: 2px solid #000000 !important;\r\n}\r\n.sp-selected-button  {\r\n\tbackground-color: #000000 !important;\r\n}\r\n\r\n\/* pointer color - bottom *\/\r\n.sp-selected-thumbnail::before {\r\n\tborder-bottom: 5px solid #000000 !important;\r\n}\r\n.sp-selected-thumbnail::after {\r\n\tborder-bottom: 13px solid #000000 !important;\r\n}\r\n\r\n\/* pointer color - top *\/\r\n\r\n\/* full screen icon *\/\r\n.sp-full-screen-button::before {\r\n    color: #FFFFFF !important;\r\n}\r\n\r\n\/* hover navigation icon color *\/\r\n.sp-next-arrow::after, .sp-next-arrow::before {\r\n\tbackground-color: #FFFFFF !important;\r\n}\r\n.sp-previous-arrow::after, .sp-previous-arrow::before {\r\n\tbackground-color: #FFFFFF !important;\r\n}\r\n\r\n#slider-pro-3-1964 .title-in {\r\n\tcolor: #FFFFFF !important;\r\n\tfont-weight: bolder;\r\n\ttext-align: center;\r\n}\r\n\r\n#slider-pro-3-1964 .title-in-bg {\r\n\tbackground: rgba(255, 255, 255, 0.7); !important;\r\n\twhite-space: unset !important;\r\n\tmax-width: 90%;\r\n\tmin-width: 40%;\r\n\ttransform: initial !important;\r\n\t-webkit-transform: initial !important;\r\n\tfont-size: 14px !important;\r\n}\r\n\r\n#slider-pro-3-1964 .desc-in {\r\n\tcolor: #FFFFFF !important;\r\n\ttext-align: center;\r\n}\r\n#slider-pro-3-1964 .desc-in-bg {\r\n\tbackground: rgba(#00000, 0.7) !important;\r\n\twhite-space: unset !important;\r\n\twidth: 80% !important;\r\n\tmin-width: 30%;\r\n\ttransform: initial !important;\r\n\t-webkit-transform: initial !important;\r\n\tfont-size: 13px !important;\r\n}\r\n\r\n@media (max-width: 640px) {\r\n\t#slider-pro-3-1964 .hide-small-screen {\r\n\t\tdisplay: none;\r\n\t}\r\n}\r\n\r\n@media (max-width: 860px) {\r\n\t#slider-pro-3-1964 .sp-layer {\r\n\t\tfont-size: 18px;\r\n\t}\r\n\t\r\n\t#slider-pro-3-1964 .hide-medium-screen {\r\n\t\tdisplay: none;\r\n\t}\r\n}\r\n.slides-not-found {\r\n\tbackground-color: #a92929;\r\n\tborder-radius: 5px;\r\n\tcolor: #fff;\r\n\tfont-family: initial;\r\n\ttext-align: center;\r\n\tpadding:12px;\r\n}\r\n\/* Custom CSS *\/\r\n.sp-button { width: 10px !important; height: 10px !important; border: 1px solid #000 !important; }<\/style>\r\n\t\t<div id=\"slider-pro-3-1964\" class=\"slider-pro\">\r\n\t\t\t<!---- slides div start ---->\r\n\t\t\t<div class=\"sp-slides\">\r\n\t\t\t\t\t\t\t\t\t\t<div class=\"sp-slide\">\r\n\t\t\t\t\t\t\t<img decoding=\"async\" class=\"sp-image\" alt=\"17_Kalender_SLIDER_1\" src=\"https:\/\/designbuero-zabel.de\/wp-content\/plugins\/ultimate-responsive-image-slider\/assets\/css\/images\/blank.gif\" data-src=\"https:\/\/designbuero-zabel.de\/wp-content\/uploads\/2021\/03\/17_Kalender_SLIDER_1.png\" \/>\r\n\r\n\t\t\t\t\t\t\t\r\n\t\t\t\t\t\t\t\t\t\t\t\t\t<\/div>\r\n\t\t\t\t\t\t\t\t\t\t\t\t<div class=\"sp-slide\">\r\n\t\t\t\t\t\t\t<img decoding=\"async\" class=\"sp-image\" alt=\"18_Kalender_SLIDER_2\" src=\"https:\/\/designbuero-zabel.de\/wp-content\/plugins\/ultimate-responsive-image-slider\/assets\/css\/images\/blank.gif\" data-src=\"https:\/\/designbuero-zabel.de\/wp-content\/uploads\/2021\/03\/18_Kalender_SLIDER_2.png\" \/>\r\n\r\n\t\t\t\t\t\t\t\r\n\t\t\t\t\t\t\t\t\t\t\t\t\t<\/div>\r\n\t\t\t\t\t\t\t\t\t\t\t\t<div class=\"sp-slide\">\r\n\t\t\t\t\t\t\t<img decoding=\"async\" class=\"sp-image\" alt=\"19_Kalender_SLIDER_3\" src=\"https:\/\/designbuero-zabel.de\/wp-content\/plugins\/ultimate-responsive-image-slider\/assets\/css\/images\/blank.gif\" data-src=\"https:\/\/designbuero-zabel.de\/wp-content\/uploads\/2021\/03\/19_Kalender_SLIDER_3.png\" \/>\r\n\r\n\t\t\t\t\t\t\t\r\n\t\t\t\t\t\t\t\t\t\t\t\t\t<\/div>\r\n\t\t\t\t\t\t\t\t\t\t\t\t<div class=\"sp-slide\">\r\n\t\t\t\t\t\t\t<img decoding=\"async\" class=\"sp-image\" alt=\"20_Kalender_SLIDER_4\" src=\"https:\/\/designbuero-zabel.de\/wp-content\/plugins\/ultimate-responsive-image-slider\/assets\/css\/images\/blank.gif\" data-src=\"https:\/\/designbuero-zabel.de\/wp-content\/uploads\/2021\/03\/20_Kalender_SLIDER_4.png\" \/>\r\n\r\n\t\t\t\t\t\t\t\r\n\t\t\t\t\t\t\t\t\t\t\t\t\t<\/div>\r\n\t\t\t\t\t\t\t\t\t\t\t\t<div class=\"sp-slide\">\r\n\t\t\t\t\t\t\t<img decoding=\"async\" class=\"sp-image\" alt=\"21_Kalender_SLIDER_5\" src=\"https:\/\/designbuero-zabel.de\/wp-content\/plugins\/ultimate-responsive-image-slider\/assets\/css\/images\/blank.gif\" data-src=\"https:\/\/designbuero-zabel.de\/wp-content\/uploads\/2021\/03\/21_Kalender_SLIDER_5.png\" \/>\r\n\r\n\t\t\t\t\t\t\t\r\n\t\t\t\t\t\t\t\t\t\t\t\t\t<\/div>\r\n\t\t\t\t\t\t\t\t\t\t\t\t<div class=\"sp-slide\">\r\n\t\t\t\t\t\t\t<img decoding=\"async\" class=\"sp-image\" alt=\"22_Kalender_SLIDER_6\" src=\"https:\/\/designbuero-zabel.de\/wp-content\/plugins\/ultimate-responsive-image-slider\/assets\/css\/images\/blank.gif\" data-src=\"https:\/\/designbuero-zabel.de\/wp-content\/uploads\/2021\/03\/22_Kalender_SLIDER_6.png\" \/>\r\n\r\n\t\t\t\t\t\t\t\r\n\t\t\t\t\t\t\t\t\t\t\t\t\t<\/div>\r\n\t\t\t\t\t\t\t\t\t\t\t\t<div class=\"sp-slide\">\r\n\t\t\t\t\t\t\t<img decoding=\"async\" class=\"sp-image\" alt=\"23_Kalender_SLIDER_7\" src=\"https:\/\/designbuero-zabel.de\/wp-content\/plugins\/ultimate-responsive-image-slider\/assets\/css\/images\/blank.gif\" data-src=\"https:\/\/designbuero-zabel.de\/wp-content\/uploads\/2021\/03\/23_Kalender_SLIDER_7.png\" \/>\r\n\r\n\t\t\t\t\t\t\t\r\n\t\t\t\t\t\t\t\t\t\t\t\t\t<\/div>\r\n\t\t\t\t\t\t\t\t\t\t\t\t<div class=\"sp-slide\">\r\n\t\t\t\t\t\t\t<img decoding=\"async\" class=\"sp-image\" alt=\"24_Kalender_SLIDER_8\" src=\"https:\/\/designbuero-zabel.de\/wp-content\/plugins\/ultimate-responsive-image-slider\/assets\/css\/images\/blank.gif\" data-src=\"https:\/\/designbuero-zabel.de\/wp-content\/uploads\/2021\/03\/24_Kalender_SLIDER_8.png\" \/>\r\n\r\n\t\t\t\t\t\t\t\r\n\t\t\t\t\t\t\t\t\t\t\t\t\t<\/div>\r\n\t\t\t\t\t\t\t\t\t\t\t\t<div class=\"sp-slide\">\r\n\t\t\t\t\t\t\t<img decoding=\"async\" class=\"sp-image\" alt=\"25_Kalender_SLIDER_9\" src=\"https:\/\/designbuero-zabel.de\/wp-content\/plugins\/ultimate-responsive-image-slider\/assets\/css\/images\/blank.gif\" data-src=\"https:\/\/designbuero-zabel.de\/wp-content\/uploads\/2021\/03\/25_Kalender_SLIDER_9.png\" \/>\r\n\r\n\t\t\t\t\t\t\t\r\n\t\t\t\t\t\t\t\t\t\t\t\t\t<\/div>\r\n\t\t\t\t\t\t\t\t\t\t\t\t<div class=\"sp-slide\">\r\n\t\t\t\t\t\t\t<img decoding=\"async\" class=\"sp-image\" alt=\"26_Kalender_SLIDER_10\" src=\"https:\/\/designbuero-zabel.de\/wp-content\/plugins\/ultimate-responsive-image-slider\/assets\/css\/images\/blank.gif\" data-src=\"https:\/\/designbuero-zabel.de\/wp-content\/uploads\/2021\/03\/26_Kalender_SLIDER_10.png\" \/>\r\n\r\n\t\t\t\t\t\t\t\r\n\t\t\t\t\t\t\t\t\t\t\t\t\t<\/div>\r\n\t\t\t\t\t\t\t\t\t\t\t\t<div class=\"sp-slide\">\r\n\t\t\t\t\t\t\t<img decoding=\"async\" class=\"sp-image\" alt=\"27_Kalender_SLIDER_11\" src=\"https:\/\/designbuero-zabel.de\/wp-content\/plugins\/ultimate-responsive-image-slider\/assets\/css\/images\/blank.gif\" data-src=\"https:\/\/designbuero-zabel.de\/wp-content\/uploads\/2021\/03\/27_Kalender_SLIDER_11.png\" \/>\r\n\r\n\t\t\t\t\t\t\t\r\n\t\t\t\t\t\t\t\t\t\t\t\t\t<\/div>\r\n\t\t\t\t\t\t\t\t\t\t\t\t<div class=\"sp-slide\">\r\n\t\t\t\t\t\t\t<img decoding=\"async\" class=\"sp-image\" alt=\"28_Kalender_SLIDER_12\" src=\"https:\/\/designbuero-zabel.de\/wp-content\/plugins\/ultimate-responsive-image-slider\/assets\/css\/images\/blank.gif\" data-src=\"https:\/\/designbuero-zabel.de\/wp-content\/uploads\/2021\/03\/28_Kalender_SLIDER_12.png\" \/>\r\n\r\n\t\t\t\t\t\t\t\r\n\t\t\t\t\t\t\t\t\t\t\t\t\t<\/div>\r\n\t\t\t\t\t\t\t\t\t\t\t\t<div class=\"sp-slide\">\r\n\t\t\t\t\t\t\t<img decoding=\"async\" class=\"sp-image\" alt=\"29_Kalender_SLIDER_13\" src=\"https:\/\/designbuero-zabel.de\/wp-content\/plugins\/ultimate-responsive-image-slider\/assets\/css\/images\/blank.gif\" data-src=\"https:\/\/designbuero-zabel.de\/wp-content\/uploads\/2021\/03\/29_Kalender_SLIDER_13.png\" \/>\r\n\r\n\t\t\t\t\t\t\t\r\n\t\t\t\t\t\t\t\t\t\t\t\t\t<\/div>\r\n\t\t\t\t\t\t\t\t\t<\/div>\r\n\t\t\t\r\n\t\t\t<!---- slides div end ---->\r\n\t\t\t\t\t\t<!-- slides thumbnails div end -->\r\n\t\t<\/div>\r\n<\/div><\/div>\n<div class=\"fw-col-xs-12 fw-col-sm-3\">\n\t<\/div>\n<\/div>\n\n<div class=\"fw-row\">\n\t<div class=\"fw-col-xs-12\">\n\t<img decoding=\"async\" src=\"\/\/designbuero-zabel.de\/wp-content\/uploads\/2021\/03\/31-35_Bilder.png\" alt=\"\/\/designbuero-zabel.de\/wp-content\/uploads\/2021\/03\/31-35_Bilder.png\" class=\"mpt-7-img-2\" \/><\/div>\n<\/div>\n\n<div class=\"fw-row\">\n\t<div class=\"fw-col-xs-12 fw-col-sm-4\">\n\t<div class=\"mpt-7-div-3\"><h1 style=\"margin-bottom: -3px;\">Das Werbetrommelfeuer<\/h1><h2>wird zum Wanne-Eickler Fl\u00e4chenbrand<\/h2><p>... und zur begehrten Pr\u00e4sentbox mit Mond Pal\u00e4tzchen und Ticket-Gutschein \u2013 immer mit Herz und Humor. Aufkleber erinnern an jedem \u00d6rtchen daran, dass da was l\u00e4uft ...<\/p><\/div><\/div>\n<div class=\"fw-col-xs-12 fw-col-sm-8\">\n\t<img decoding=\"async\" src=\"\/\/designbuero-zabel.de\/wp-content\/uploads\/2021\/03\/36_WEB_MP_Webbanner_Billboard_970x250_Rabatt.gif\" alt=\"\/\/designbuero-zabel.de\/wp-content\/uploads\/2021\/03\/36_WEB_MP_Webbanner_Billboard_970x250_Rabatt.gif\" class=\"mpt-7-img-3\" \/><\/div>\n<\/div>\n\n\t<\/div>\n<\/section>\n<section class=\"fw-main-row  mpt-8\" style=\"background-color:#ffffff;\" >\n\t<div class=\"fw-container\">\n\t\t<div class=\"fw-row\">\n\t<div class=\"fw-col-xs-12\">\n\t<div class=\"mpt-8-div-1\"><h1 style=\"margin-bottom: -3px;\">Ausgezeichnetes Marketing!<\/h1><h2>\u201e... einen Tacken besser\u201c<\/h2><p>Dass der Mann im Mondpalast und seine Agentur nie die Bodenhaftung verloren haben und die Ideen immer \u201eeinen Tacken besser\u201c sind, best\u00e4tigt die Auszeichnung durch den Marketing Club Ruhr mit dem \u201eTacken, Kopf des Jahres\u201c.<\/p><\/div><img decoding=\"async\" src=\"\/\/designbuero-zabel.de\/wp-content\/uploads\/2021\/03\/37_Auszeichnung.jpg\" alt=\"\/\/designbuero-zabel.de\/wp-content\/uploads\/2021\/03\/37_Auszeichnung.jpg\" class=\"mpt-8-img-1\" \/><img decoding=\"async\" src=\"\/\/designbuero-zabel.de\/wp-content\/uploads\/2021\/03\/38_Flyer.png\" alt=\"\/\/designbuero-zabel.de\/wp-content\/uploads\/2021\/03\/38_Flyer.png\" class=\"mpt-8-img-2\" \/><\/div>\n<\/div>\n\n<div class=\"fw-row\">\n\t<div class=\"fw-col-xs-12 fw-col-sm-6\">\n\t<img decoding=\"async\" src=\"\/\/designbuero-zabel.de\/wp-content\/uploads\/2021\/03\/39_Transe.png\" alt=\"\/\/designbuero-zabel.de\/wp-content\/uploads\/2021\/03\/39_Transe.png\" class=\"mpt-8-img-3\" \/><\/div>\n<div class=\"fw-col-xs-12 fw-col-sm-6\">\n\t<img decoding=\"async\" src=\"\/\/designbuero-zabel.de\/wp-content\/uploads\/2021\/03\/40_RPR_Logo.png\" alt=\"\/\/designbuero-zabel.de\/wp-content\/uploads\/2021\/03\/40_RPR_Logo.png\" class=\"mpt-8-img-4\" \/><div class=\"mpt-8-div-2\"><h1>WOW, Stratmann macht<br \/>auch Show!<\/h1><h2>Die Travestie-Revue der Extraklasse<\/h2><p>... mit einem Klick zum <a href=\"?page_id=1993\" rel=\"noopener\"><span style=\"color: red;\">Revue-Palast<\/span><\/a>-Gl\u00fcck.<\/p><\/div><\/div>\n<\/div>\n\n<div class=\"fw-row\">\n\t<div class=\"fw-col-xs-12\">\n\t<img decoding=\"async\" src=\"\/\/designbuero-zabel.de\/wp-content\/uploads\/2021\/03\/41_Abbinder_RPR.png\" alt=\"\/\/designbuero-zabel.de\/wp-content\/uploads\/2021\/03\/41_Abbinder_RPR.png\" class=\"mpt-8-img-5\" \/><\/div>\n<\/div>\n\n\t<\/div>\n<\/section>\n<\/p>\n","protected":false},"excerpt":{"rendered":"","protected":false},"author":1,"featured_media":0,"parent":0,"menu_order":0,"comment_status":"closed","ping_status":"closed","template":"","meta":{"footnotes":""},"class_list":["post-1929","page","type-page","status-publish","hentry"],"_links":{"self":[{"href":"https:\/\/designbuero-zabel.de\/index.php?rest_route=\/wp\/v2\/pages\/1929","targetHints":{"allow":["GET"]}}],"collection":[{"href":"https:\/\/designbuero-zabel.de\/index.php?rest_route=\/wp\/v2\/pages"}],"about":[{"href":"https:\/\/designbuero-zabel.de\/index.php?rest_route=\/wp\/v2\/types\/page"}],"author":[{"embeddable":true,"href":"https:\/\/designbuero-zabel.de\/index.php?rest_route=\/wp\/v2\/users\/1"}],"replies":[{"embeddable":true,"href":"https:\/\/designbuero-zabel.de\/index.php?rest_route=%2Fwp%2Fv2%2Fcomments&post=1929"}],"version-history":[{"count":29,"href":"https:\/\/designbuero-zabel.de\/index.php?rest_route=\/wp\/v2\/pages\/1929\/revisions"}],"predecessor-version":[{"id":2344,"href":"https:\/\/designbuero-zabel.de\/index.php?rest_route=\/wp\/v2\/pages\/1929\/revisions\/2344"}],"wp:attachment":[{"href":"https:\/\/designbuero-zabel.de\/index.php?rest_route=%2Fwp%2Fv2%2Fmedia&parent=1929"}],"curies":[{"name":"wp","href":"https:\/\/api.w.org\/{rel}","templated":true}]}}