{"id":2219,"date":"2021-03-29T17:15:42","date_gmt":"2021-03-29T15:15:42","guid":{"rendered":"http:\/\/www.lp-zfb.byethost7.com\/WP_designbuero-zabel.de\/?page_id=2219"},"modified":"2022-03-17T09:11:44","modified_gmt":"2022-03-17T08:11:44","slug":"agn","status":"publish","type":"page","link":"https:\/\/designbuero-zabel.de\/?page_id=2219","title":{"rendered":"Agentur"},"content":{"rendered":"<p><section class=\"fw-main-row  agn-1\" style=\"background-color:#ffffff;\" >\n\t<div class=\"fw-container\">\n\t\t<div class=\"fw-row\">\n\t<div class=\"fw-col-xs-12\">\n\t<img decoding=\"async\" src=\"\/\/designbuero-zabel.de\/wp-content\/uploads\/2022\/03\/01_titel-7-bearb3.jpg\" alt=\"\/\/designbuero-zabel.de\/wp-content\/uploads\/2022\/03\/01_titel-7-bearb3.jpg\" class=\"\" \/><\/div>\n<\/div>\n\n<div class=\"fw-row\">\n\t<div class=\"fw-col-xs-12 fw-col-sm-2\">\n\t<\/div>\n<div class=\"fw-col-xs-12 fw-col-sm-8\">\n\t<div class=\"agn-1-div-1\"><p style=\"margin-bottom: 0 !important;\"><strong>Die Jahrtausend-Agentur<\/strong><\/p><p>Das Designb\u00fcro Zabel ist eine inhaberingef\u00fchrte, klassische Full-Service Werbeagentur: gegr\u00fcndet im Jahr 2000.<\/p><p>Schon unser Kernteam w\u00e4chst f\u00fcr spannende, kreative L\u00f6sungen regelm\u00e4\u00dfig \u00fcber sich hinaus: Bitte beachten Sie die kreative Aura, die unsere H\u00e4upter umlodert (s. Fotos)!<\/p><p>Zudem wachsen wir bedarfsweise auch zahlenm\u00e4\u00dfig an der Aufgabe. Daf\u00fcr verf\u00fcgen wir \u00fcber ein bestens eingespieltes Netzwerk von Freelancern, Fotografen und Dienstleistern.<\/p><p>Wir sind so viele wie n\u00f6tig und k\u00f6nnen alles M\u00f6gliche.<\/p><\/div><\/div>\n<div class=\"fw-col-xs-12 fw-col-sm-2\">\n\t<\/div>\n<\/div>\n\n\t<\/div>\n<\/section>\n<section class=\"fw-main-row  agn-2\" style=\"background-color:#ffffff;\" >\n\t<div class=\"fw-container\">\n\t\t<div class=\"fw-row\">\n\t<div class=\"fw-col-xs-12 fw-col-sm-2\">\n\t<\/div>\n<div class=\"fw-col-xs-12 fw-col-sm-8\">\n\t<div class=\"agn-2-div-1\"><p><strong>\u201eIch habe kein Marketing gemacht. Ich habe immer nur meine Kunden geliebt.\u201c<\/strong><\/p><p style=\"margin-top: -18px !important;\"><small>Zino Davidoff (1906 \u2013 94), schwz. Zigarrenhersteller sowj. Herkunft<\/small><\/p><p>Weil wir das ganz \u00e4hnlich sehen und unsere Kunden sehr zufrieden mit dem sind, was sie von uns bekommen, dauern unsere \u201eLiebesbeziehungen\u201c meist viele Jahre.<\/p><p>Wir denken und handeln grunds\u00e4tzlich partnerschaftlich, wirtschaftlich und l\u00f6sungsorientiert im Sinne unserer Auftraggeber. Das ist wahre Liebe.<\/p><p>Hier im Revier sprechen wir lieber Klartext als Marketing-Denglisch. Deshalb versprechen wir, auch beim dollsten \u201eStorytelling\u201c die Sprache Ihrer Zielgruppe zu sprechen.<\/p><p>Genug: Lang und grau ist der Weg der Theorie, schnell und hell der durch Beispiele. Also: Einfach ein wenig durch unsere Werkproben aus der Praxis klicken, und Sie werden sehen, wie wir ticken ...<\/p><\/div><\/div>\n<div class=\"fw-col-xs-12 fw-col-sm-2\">\n\t<\/div>\n<\/div>\n\n\t<\/div>\n<\/section>\n<\/p>\n","protected":false},"excerpt":{"rendered":"<p>Die Jahrtausend-AgenturDas Designb\u00fcro Zabel ist eine inhaberingef\u00fchrte, klassische Full-Service Werbeagentur: gegr\u00fcndet im Jahr 2000.Schon unser Kernteam w\u00e4chst f\u00fcr spannende, kreative L\u00f6sungen regelm\u00e4\u00dfig \u00fcber sich hinaus: Bitte beachten Sie die kreative Aura, die unsere H\u00e4upter umlodert (s. Fotos)!Zudem wachsen wir bedarfsweise auch zahlenm\u00e4\u00dfig an der Aufgabe. Daf\u00fcr verf\u00fcgen wir \u00fcber ein bestens eingespieltes Netzwerk von Freelancern, [&hellip;]<\/p>\n","protected":false},"author":1,"featured_media":0,"parent":0,"menu_order":0,"comment_status":"closed","ping_status":"closed","template":"","meta":{"footnotes":""},"class_list":["post-2219","page","type-page","status-publish","hentry"],"_links":{"self":[{"href":"https:\/\/designbuero-zabel.de\/index.php?rest_route=\/wp\/v2\/pages\/2219","targetHints":{"allow":["GET"]}}],"collection":[{"href":"https:\/\/designbuero-zabel.de\/index.php?rest_route=\/wp\/v2\/pages"}],"about":[{"href":"https:\/\/designbuero-zabel.de\/index.php?rest_route=\/wp\/v2\/types\/page"}],"author":[{"embeddable":true,"href":"https:\/\/designbuero-zabel.de\/index.php?rest_route=\/wp\/v2\/users\/1"}],"replies":[{"embeddable":true,"href":"https:\/\/designbuero-zabel.de\/index.php?rest_route=%2Fwp%2Fv2%2Fcomments&post=2219"}],"version-history":[{"count":15,"href":"https:\/\/designbuero-zabel.de\/index.php?rest_route=\/wp\/v2\/pages\/2219\/revisions"}],"predecessor-version":[{"id":2592,"href":"https:\/\/designbuero-zabel.de\/index.php?rest_route=\/wp\/v2\/pages\/2219\/revisions\/2592"}],"wp:attachment":[{"href":"https:\/\/designbuero-zabel.de\/index.php?rest_route=%2Fwp%2Fv2%2Fmedia&parent=2219"}],"curies":[{"name":"wp","href":"https:\/\/api.w.org\/{rel}","templated":true}]}}