{"id":2359,"date":"2021-04-08T12:00:51","date_gmt":"2021-04-08T10:00:51","guid":{"rendered":"https:\/\/designbuero-zabel.de\/?page_id=2359"},"modified":"2021-04-08T12:33:24","modified_gmt":"2021-04-08T10:33:24","slug":"mp","status":"publish","type":"page","link":"https:\/\/designbuero-zabel.de\/?page_id=2359","title":{"rendered":"MoviePark"},"content":{"rendered":"<p><section class=\"fw-main-row  mp-1\" style=\"background-color:#ffffff;\" >\n\t<div class=\"fw-container\">\n\t\t<div class=\"fw-row\">\n\t<div class=\"fw-col-xs-12\">\n\t<img decoding=\"async\" src=\"\/\/designbuero-zabel.de\/wp-content\/uploads\/2021\/04\/001_Titel.png\" alt=\"\/\/designbuero-zabel.de\/wp-content\/uploads\/2021\/04\/001_Titel.png\" class=\"\" \/><\/div>\n<\/div>\n\n\t<\/div>\n<\/section>\n<section class=\"fw-main-row  mp-2\" style=\"background-color:#ffffff;\" >\n\t<div class=\"fw-container\">\n\t\t<div class=\"fw-row\">\n\t<div class=\"fw-col-xs-12 fw-col-sm-6\">\n\t<div class=\"mp-2-div-1\"><h1>Ganz gro\u00dfes Kino!<\/h1><h2>Bewegende Bilder und filmreife Fahrgesch\u00e4fte<\/h2><p>Wenn es Logo und Corporate Design schon gibt, arbeiten wir nat\u00fcrlich auch gern adaptiv. Schlie\u00dflich l\u00e4sst jedes gute CD genug Raum f\u00fcr kreative Ideen. So durften wir uns f\u00fcr den Movie Park Germany ordentlich austoben.<\/p><p>Auf rund 45 Hektar lockt der Freizeitpark in Bottrop-Kirchhellen mit Filmmotiven, Fahrgesch\u00e4ften und Shows j\u00e4hrlich rund 1,4 Mio. Besucher. Dabei konnten wir mit verschiedensten Werbemedien mithelfen: Film ab ...<\/p><\/div><\/div>\n<div class=\"fw-col-xs-12 fw-col-sm-6\">\n\t<img decoding=\"async\" src=\"\/\/designbuero-zabel.de\/wp-content\/uploads\/2021\/04\/02_Plakat.png\" alt=\"\/\/designbuero-zabel.de\/wp-content\/uploads\/2021\/04\/02_Plakat.png\" class=\"mp-2-img-1\" \/><\/div>\n<\/div>\n\n\t<\/div>\n<\/section>\n<section class=\"fw-main-row  mp-3\" style=\"background-color:#ffffff;background-image:url(https:\/\/designbuero-zabel.de\/wp-content\/uploads\/2021\/04\/05_BG_Blue-scaled.jpg);\" >\n\t<div class=\"fw-container\">\n\t\t<div class=\"fw-row\">\n\t<div class=\"fw-col-xs-12\">\n\t<img decoding=\"async\" src=\"\/\/designbuero-zabel.de\/wp-content\/uploads\/2021\/04\/03_tickets.png\" alt=\"\/\/designbuero-zabel.de\/wp-content\/uploads\/2021\/04\/03_tickets.png\" class=\"mp-3-img-1\" \/><div class=\"mp-3-div-1\"><h2>Alles l\u00e4uft nach Plan...<\/h2><p>Wenn der Park w\u00e4chst, w\u00e4chst der Plan eben mit.<\/p><\/div><\/div>\n<\/div>\n\n\t<\/div>\n<\/section>\n<section class=\"fw-main-row  mp-4\" style=\"background-color:#ffffff;background-image:url(https:\/\/designbuero-zabel.de\/wp-content\/uploads\/2021\/04\/09_BG_Park_BW.png);\" >\n\t<div class=\"fw-container\">\n\t\t<div class=\"fw-row\">\n\t<div class=\"fw-col-xs-12 fw-col-sm-6\">\n\t<img decoding=\"async\" src=\"\/\/designbuero-zabel.de\/wp-content\/uploads\/2021\/04\/06_OOH_Plakat_1.png\" alt=\"\/\/designbuero-zabel.de\/wp-content\/uploads\/2021\/04\/06_OOH_Plakat_1.png\" class=\"mp-4-img-1\" \/><\/div>\n<div class=\"fw-col-xs-12 fw-col-sm-6\">\n\t<img decoding=\"async\" src=\"\/\/designbuero-zabel.de\/wp-content\/uploads\/2021\/04\/07_OOH_Plakat_2.png\" alt=\"\/\/designbuero-zabel.de\/wp-content\/uploads\/2021\/04\/07_OOH_Plakat_2.png\" class=\"mp-4-img-2\" \/><\/div>\n<\/div>\n\n<div class=\"fw-row\">\n\t<div class=\"fw-col-xs-12\">\n\t<img decoding=\"async\" src=\"\/\/designbuero-zabel.de\/wp-content\/uploads\/2021\/04\/08_Anzeigen_Bundle.png\" alt=\"\/\/designbuero-zabel.de\/wp-content\/uploads\/2021\/04\/08_Anzeigen_Bundle.png\" class=\"mp-4-img-3\" \/><\/div>\n<\/div>\n\n<div class=\"fw-row\">\n\t<div class=\"fw-col-xs-12 fw-col-sm-6\">\n\t<img decoding=\"async\" src=\"\/\/designbuero-zabel.de\/wp-content\/uploads\/2021\/04\/10_Anz_Lost_Temple.png\" alt=\"\/\/designbuero-zabel.de\/wp-content\/uploads\/2021\/04\/10_Anz_Lost_Temple.png\" class=\"mp-4-img-4\" \/><\/div>\n<div class=\"fw-col-xs-12 fw-col-sm-6\">\n\t<img decoding=\"async\" src=\"\/\/designbuero-zabel.de\/wp-content\/uploads\/2021\/04\/11_Anz_Turtles.png\" alt=\"\/\/designbuero-zabel.de\/wp-content\/uploads\/2021\/04\/11_Anz_Turtles.png\" class=\"mp-4-img-5\" \/><\/div>\n<\/div>\n\n\t<\/div>\n<\/section>\n<section class=\"fw-main-row  mp-5\" style=\"background-color:#ffffff;background-image:url(https:\/\/designbuero-zabel.de\/wp-content\/uploads\/2021\/04\/16_BG_HHF.png);\" >\n\t<div class=\"fw-container\">\n\t\t<div class=\"fw-row\">\n\t<div class=\"fw-col-xs-12 fw-col-sm-4\">\n\t<img decoding=\"async\" src=\"\/\/designbuero-zabel.de\/wp-content\/uploads\/2021\/04\/12_Flyer_Coupon.png\" alt=\"\/\/designbuero-zabel.de\/wp-content\/uploads\/2021\/04\/12_Flyer_Coupon.png\" class=\"mp-5-img-1\" \/><\/div>\n<div class=\"fw-col-xs-12 fw-col-sm-4\">\n\t<img decoding=\"async\" src=\"\/\/designbuero-zabel.de\/wp-content\/uploads\/2021\/04\/13_Anz_VHF_NL.png\" alt=\"\/\/designbuero-zabel.de\/wp-content\/uploads\/2021\/04\/13_Anz_VHF_NL.png\" class=\"mp-5-img-2\" \/><\/div>\n<div class=\"fw-col-xs-12 fw-col-sm-4\">\n\t<img decoding=\"async\" src=\"\/\/designbuero-zabel.de\/wp-content\/uploads\/2021\/04\/14_Coupons_bundle.png\" alt=\"\/\/designbuero-zabel.de\/wp-content\/uploads\/2021\/04\/14_Coupons_bundle.png\" class=\"mp-5-img-3\" \/><\/div>\n<\/div>\n\n<div class=\"fw-row\">\n\t<div class=\"fw-col-xs-12\">\n\t<div class=\"mp-5-div-1\"><h1>Der absolute Horror:<\/h1><h2>unsere schrecklichste Auszeichnung<\/h2><\/div><div class=\"mp-5-div-2\"><h1>\u201eMeine Fresse! Wie grauslich!\u201c<\/h1><h2>... unser schauderhafter Entwurf f\u00fcr das gro\u00dfe Halloween Horrorfest<\/h2><p>Der fand begeisterten Anklang und wurde mit einem einschl\u00e4gigen Horrorpreis gew\u00fcrdigt. Der Hoodie mit unserem Keyvisual auf der Brust war dagegen normalpreisig und unheimlich begehrt.<\/p><\/div><img decoding=\"async\" src=\"\/\/designbuero-zabel.de\/wp-content\/uploads\/2021\/04\/15_Trennung_HHF.png\" alt=\"\/\/designbuero-zabel.de\/wp-content\/uploads\/2021\/04\/15_Trennung_HHF.png\" class=\"mp-5-img-4\" \/><img decoding=\"async\" src=\"\/\/designbuero-zabel.de\/wp-content\/uploads\/2021\/04\/17_skeleton.png\" alt=\"\/\/designbuero-zabel.de\/wp-content\/uploads\/2021\/04\/17_skeleton.png\" class=\"mp-5-img-5\" \/><img decoding=\"async\" src=\"\/\/designbuero-zabel.de\/wp-content\/uploads\/2021\/04\/20_Abbinder_HHF.png\" alt=\"\/\/designbuero-zabel.de\/wp-content\/uploads\/2021\/04\/20_Abbinder_HHF.png\" class=\"mp-5-img-6\" \/><\/div>\n<\/div>\n\n\t<\/div>\n<\/section>\n<\/p>\n","protected":false},"excerpt":{"rendered":"<p>Ganz gro\u00dfes Kino!Bewegende Bilder und filmreife Fahrgesch\u00e4fteWenn es Logo und Corporate Design schon gibt, arbeiten wir nat\u00fcrlich auch gern adaptiv. Schlie\u00dflich l\u00e4sst jedes gute CD genug Raum f\u00fcr kreative Ideen. So durften wir uns f\u00fcr den Movie Park Germany ordentlich austoben.Auf rund 45 Hektar lockt der Freizeitpark in Bottrop-Kirchhellen mit Filmmotiven, Fahrgesch\u00e4ften und Shows j\u00e4hrlich [&hellip;]<\/p>\n","protected":false},"author":1,"featured_media":0,"parent":0,"menu_order":0,"comment_status":"closed","ping_status":"closed","template":"","meta":{"footnotes":""},"class_list":["post-2359","page","type-page","status-publish","hentry"],"_links":{"self":[{"href":"https:\/\/designbuero-zabel.de\/index.php?rest_route=\/wp\/v2\/pages\/2359","targetHints":{"allow":["GET"]}}],"collection":[{"href":"https:\/\/designbuero-zabel.de\/index.php?rest_route=\/wp\/v2\/pages"}],"about":[{"href":"https:\/\/designbuero-zabel.de\/index.php?rest_route=\/wp\/v2\/types\/page"}],"author":[{"embeddable":true,"href":"https:\/\/designbuero-zabel.de\/index.php?rest_route=\/wp\/v2\/users\/1"}],"replies":[{"embeddable":true,"href":"https:\/\/designbuero-zabel.de\/index.php?rest_route=%2Fwp%2Fv2%2Fcomments&post=2359"}],"version-history":[{"count":10,"href":"https:\/\/designbuero-zabel.de\/index.php?rest_route=\/wp\/v2\/pages\/2359\/revisions"}],"predecessor-version":[{"id":2386,"href":"https:\/\/designbuero-zabel.de\/index.php?rest_route=\/wp\/v2\/pages\/2359\/revisions\/2386"}],"wp:attachment":[{"href":"https:\/\/designbuero-zabel.de\/index.php?rest_route=%2Fwp%2Fv2%2Fmedia&parent=2359"}],"curies":[{"name":"wp","href":"https:\/\/api.w.org\/{rel}","templated":true}]}}