{"id":2387,"date":"2021-04-08T14:03:21","date_gmt":"2021-04-08T12:03:21","guid":{"rendered":"https:\/\/designbuero-zabel.de\/?page_id=2387"},"modified":"2021-04-13T14:24:07","modified_gmt":"2021-04-13T12:24:07","slug":"bio","status":"publish","type":"page","link":"https:\/\/designbuero-zabel.de\/?page_id=2387","title":{"rendered":"Project BIO-V"},"content":{"rendered":"<p><section class=\"fw-main-row  bio-1\" style=\"background-color:#ffffff;\" >\n\t<div class=\"fw-container\">\n\t\t<div class=\"fw-row\">\n\t<div class=\"fw-col-xs-12\">\n\t<img decoding=\"async\" src=\"\/\/designbuero-zabel.de\/wp-content\/uploads\/2021\/04\/01_Titel.png\" alt=\"\/\/designbuero-zabel.de\/wp-content\/uploads\/2021\/04\/01_Titel.png\" class=\"\" \/><\/div>\n<\/div>\n\n\t<\/div>\n<\/section>\n<section class=\"fw-main-row  bio-2\" style=\"background-color:#ffffff;\" >\n\t<div class=\"fw-container\">\n\t\t<div class=\"fw-row\">\n\t<div class=\"fw-col-xs-12 fw-col-sm-6\">\n\t<div class=\"bio-2-div-1\"><h1>Der erste L\u00f6schschaum, der auch gegen Hooligans hilft!<\/h1><h2>Bengalos entz\u00fcnden ist nicht schwer, sie sicher zu l\u00f6schen dagegen sehr!<\/h2><p>Herk\u00f6mmliche Feuerl\u00f6scher k\u00f6nnen das \u201eMagnesiumfeuer\u201c von Bengalos nicht l\u00f6schen, Wasser verst\u00e4rkt sogar die chemische Reaktion beim Abbrennen. Ein neuartiger L\u00f6schschaum l\u00f6st das Problem des sicheren L\u00f6schens und verbindet hohe L\u00f6schkraft mit Umweltvertr\u00e4glichkeit!<\/p><p>Letzteres ist bemerkenswert, weil Standardschaum Toxide enth\u00e4lt und\/oder toxische Auswaschungen aus dem L\u00f6schgut forciert.<\/p><\/div><img decoding=\"async\" src=\"\/\/designbuero-zabel.de\/wp-content\/uploads\/2021\/04\/02_Logo_Bio-V.png\" alt=\"\/\/designbuero-zabel.de\/wp-content\/uploads\/2021\/04\/02_Logo_Bio-V.png\" class=\"bio-2-img-1\" \/><div class=\"bio-2-div-2\"><h2>Innovation im Zeichen der Umwelt<\/h2><p>Ein wirklich innovatives Produkt von einem jungen Unternehmen, f\u00fcr das wir das komplette Erscheinungsbild entwickeln durften.<\/p><p>Schon im Logo signalisieren wir den in der Branche un\u00fcblichen Umweltgedanken: Die neuen L\u00f6scher schonen Wasser, Luft und Boden. Eine echtes Alleinstellungsmerkmal in einer Branche, die an traditioneller Aufmachung in Schrift und Bild h\u00e4ngt. Aufraggeber und Agentur waren sich einig: Wir sind anders und das darf man sehen.<\/p><\/div><\/div>\n<div class=\"fw-col-xs-12 fw-col-sm-6\">\n\t<img decoding=\"async\" src=\"\/\/designbuero-zabel.de\/wp-content\/uploads\/2021\/04\/03_Loescher-Szene.png\" alt=\"\/\/designbuero-zabel.de\/wp-content\/uploads\/2021\/04\/03_Loescher-Szene.png\" class=\"bio-2-img-2\" \/><\/div>\n<\/div>\n\n<div class=\"fw-row\">\n\t<div class=\"fw-col-xs-12 fw-col-sm-8\">\n\t<img decoding=\"async\" src=\"\/\/designbuero-zabel.de\/wp-content\/uploads\/2021\/04\/04_Monitor-Slider.png\" alt=\"\/\/designbuero-zabel.de\/wp-content\/uploads\/2021\/04\/04_Monitor-Slider.png\" class=\"bio-2-img-3\" \/><ul id=\"slides\"><li class=\"slide showing\"><img decoding=\"async\" src=\"https:\/\/designbuero-zabel.de\/wp-content\/uploads\/2021\/04\/05_Slider_1.png\" \/><\/li><li class=\"slide\"><img decoding=\"async\" src=\"https:\/\/designbuero-zabel.de\/wp-content\/uploads\/2021\/04\/06_Slider_2.png\" \/><\/li><li class=\"slide\"><img decoding=\"async\" src=\"https:\/\/designbuero-zabel.de\/wp-content\/uploads\/2021\/04\/07_Slider_3.png\" \/><\/li><li class=\"slide\"><img decoding=\"async\" src=\"https:\/\/designbuero-zabel.de\/wp-content\/uploads\/2021\/04\/08_Slider_4.png\" \/><\/li><\/ul><\/div>\n<div class=\"fw-col-xs-12 fw-col-sm-4\">\n\t<div class=\"bio-2-div-3\"><h2>Sauber L\u00f6schen auch im Web<\/h2><p>Das moderne, in der Branche absolut einzigartige Erscheinungsbild setzt sich im Webdesign \u201eganz nat\u00fcrlich\u201c fort.<\/p><\/div><\/div>\n<\/div>\n\n\t<\/div>\n<\/section>\n<section class=\"fw-main-row  bio-3\" style=\"background-color:#ffffff;background-image:url(https:\/\/designbuero-zabel.de\/wp-content\/uploads\/2021\/04\/09_BG_Kacheln.png);\" >\n\t<div class=\"fw-container\">\n\t\t<div class=\"fw-row\">\n\t<div class=\"fw-col-xs-12\">\n\t<img decoding=\"async\" src=\"\/\/designbuero-zabel.de\/wp-content\/uploads\/2021\/04\/10_Messestand.png\" alt=\"\/\/designbuero-zabel.de\/wp-content\/uploads\/2021\/04\/10_Messestand.png\" class=\"bio-3-img-1\" \/><\/div>\n<\/div>\n\n<div class=\"fw-row\">\n\t<div class=\"fw-col-xs-12 fw-col-sm-2\">\n\t<\/div>\n<div class=\"fw-col-xs-12 fw-col-sm-8\">\n\t<div class=\"bio-3-div-1\"><h2>Messeauftritt:<\/h2><h1>Wo alle rot sehen, treiben wir es bunt<\/h1><p>Gleich beim ersten Messeauftritt in Essen bei der Security arbeitete unser branchen-atypischer \u201e\u00d6ko\u201c-Stand trotz \u00fcberschaubarer Gr\u00f6\u00dfe als Stopper: So wirkt das Abweichen von der Norm in Farbe und Diktion. Wenn nur eine Kuh lila ist, f\u00e4llt sie auf. Da schaut mensch schon mal zwei Mal hin.<\/p><\/div><\/div>\n<div class=\"fw-col-xs-12 fw-col-sm-2\">\n\t<\/div>\n<\/div>\n\n\t<\/div>\n<\/section>\n<section class=\"fw-main-row  bio-4\" style=\"background-color:#ffffff;\" >\n\t<div class=\"fw-container\">\n\t\t<div class=\"fw-row\">\n\t<div class=\"fw-col-xs-12 fw-col-sm-4\">\n\t<img decoding=\"async\" src=\"\/\/designbuero-zabel.de\/wp-content\/uploads\/2021\/04\/11_Loesch-Etikett.png\" alt=\"\/\/designbuero-zabel.de\/wp-content\/uploads\/2021\/04\/11_Loesch-Etikett.png\" class=\"bio-4-img-1\" \/><div class=\"bio-4-div-1\"><h2>Etiketten mit Akkuratesse:<br \/>Alles zum Schaum auf engstem Raum<\/h2><p>Wo viel Info auf wenig Fl\u00e4che muss, verlangt der Umgang mit Typografie, Fl\u00e4chenaufteilung und Piktogrammen Erfahrung und penibelsten Ordnungssinn. Kleines kann eine gro\u00dfe gestalterische Herausforderung sein. Das gilt bei sicherheitsrelevanten Etiketten, aber auch bei Packaging-Design, das klein und handlich sein muss.<\/p><\/div><\/div>\n<div class=\"fw-col-xs-12 fw-col-sm-8\">\n\t<img decoding=\"async\" src=\"\/\/designbuero-zabel.de\/wp-content\/uploads\/2021\/04\/12_EQ-Anleitung.png\" alt=\"\/\/designbuero-zabel.de\/wp-content\/uploads\/2021\/04\/12_EQ-Anleitung.png\" class=\"bio-4-img-2\" \/><\/div>\n<\/div>\n\n<div class=\"fw-row\">\n\t<div class=\"fw-col-xs-12 fw-col-sm-9\">\n\t<img decoding=\"async\" src=\"\/\/designbuero-zabel.de\/wp-content\/uploads\/2021\/04\/13_Anwendung-Bundle.png\" alt=\"\/\/designbuero-zabel.de\/wp-content\/uploads\/2021\/04\/13_Anwendung-Bundle.png\" class=\"bio-4-img-3\" \/><img decoding=\"async\" src=\"\/\/designbuero-zabel.de\/wp-content\/uploads\/2021\/04\/14_Anw_Einzeln_Koch.png\" alt=\"\/\/designbuero-zabel.de\/wp-content\/uploads\/2021\/04\/14_Anw_Einzeln_Koch.png\" class=\"bio-4-img-3-mob\" \/><img decoding=\"async\" src=\"\/\/designbuero-zabel.de\/wp-content\/uploads\/2021\/04\/15_Anw_Einzeln_Landwirt.png\" alt=\"\/\/designbuero-zabel.de\/wp-content\/uploads\/2021\/04\/15_Anw_Einzeln_Landwirt.png\" class=\"bio-4-img-3-mob\" \/><img decoding=\"async\" src=\"\/\/designbuero-zabel.de\/wp-content\/uploads\/2021\/04\/16_Anw_Einzeln_Foerster.png\" alt=\"\/\/designbuero-zabel.de\/wp-content\/uploads\/2021\/04\/16_Anw_Einzeln_Foerster.png\" class=\"bio-4-img-3-mob\" \/><img decoding=\"async\" src=\"\/\/designbuero-zabel.de\/wp-content\/uploads\/2021\/04\/17_Anw_Einzeln_Security.png\" alt=\"\/\/designbuero-zabel.de\/wp-content\/uploads\/2021\/04\/17_Anw_Einzeln_Security.png\" class=\"bio-4-img-3-mob\" \/><img decoding=\"async\" src=\"\/\/designbuero-zabel.de\/wp-content\/uploads\/2021\/04\/18_Anw_Einzeln_Feuerwehrmann.png\" alt=\"\/\/designbuero-zabel.de\/wp-content\/uploads\/2021\/04\/18_Anw_Einzeln_Feuerwehrmann.png\" class=\"bio-4-img-3-mob\" \/><\/div>\n<div class=\"fw-col-xs-12 fw-col-sm-3\">\n\t<div class=\"bio-4-div-2\"><h1>Eine f\u00fcr alle!<\/h1><h2>Eine Pr\u00e4sentationsmappe mit anwenderspezifischen Flyer<\/h2><p>Da ist f\u00fcr jede Anwendergruppe das Passende drin: farbcodiert und gut verst\u00e4ndlich nach Brandklassen<br \/>sortiert<\/p><\/div><img decoding=\"async\" src=\"\/\/designbuero-zabel.de\/wp-content\/uploads\/2021\/04\/21_square.png\" alt=\"\/\/designbuero-zabel.de\/wp-content\/uploads\/2021\/04\/21_square.png\" class=\"bio-4-img-4\" \/><\/div>\n<\/div>\n\n<div class=\"fw-row\">\n\t<div class=\"fw-col-xs-12\">\n\t<img decoding=\"async\" src=\"\/\/designbuero-zabel.de\/wp-content\/uploads\/2021\/04\/20_Sammelmappe.png\" alt=\"\/\/designbuero-zabel.de\/wp-content\/uploads\/2021\/04\/20_Sammelmappe.png\" class=\"bio-4-img-5\" \/><\/div>\n<\/div>\n\n\t<\/div>\n<\/section>\n<\/p>\n","protected":false},"excerpt":{"rendered":"<p>Der erste L\u00f6schschaum, der auch gegen Hooligans hilft!Bengalos entz\u00fcnden ist nicht schwer, sie sicher zu l\u00f6schen dagegen sehr!Herk\u00f6mmliche Feuerl\u00f6scher k\u00f6nnen das \u201eMagnesiumfeuer\u201c von Bengalos nicht l\u00f6schen, Wasser verst\u00e4rkt sogar die chemische Reaktion beim Abbrennen. Ein neuartiger L\u00f6schschaum l\u00f6st das Problem des sicheren L\u00f6schens und verbindet hohe L\u00f6schkraft mit Umweltvertr\u00e4glichkeit!Letzteres ist bemerkenswert, weil Standardschaum Toxide enth\u00e4lt [&hellip;]<\/p>\n","protected":false},"author":1,"featured_media":0,"parent":0,"menu_order":0,"comment_status":"closed","ping_status":"closed","template":"","meta":{"footnotes":""},"class_list":["post-2387","page","type-page","status-publish","hentry"],"_links":{"self":[{"href":"https:\/\/designbuero-zabel.de\/index.php?rest_route=\/wp\/v2\/pages\/2387","targetHints":{"allow":["GET"]}}],"collection":[{"href":"https:\/\/designbuero-zabel.de\/index.php?rest_route=\/wp\/v2\/pages"}],"about":[{"href":"https:\/\/designbuero-zabel.de\/index.php?rest_route=\/wp\/v2\/types\/page"}],"author":[{"embeddable":true,"href":"https:\/\/designbuero-zabel.de\/index.php?rest_route=\/wp\/v2\/users\/1"}],"replies":[{"embeddable":true,"href":"https:\/\/designbuero-zabel.de\/index.php?rest_route=%2Fwp%2Fv2%2Fcomments&post=2387"}],"version-history":[{"count":8,"href":"https:\/\/designbuero-zabel.de\/index.php?rest_route=\/wp\/v2\/pages\/2387\/revisions"}],"predecessor-version":[{"id":2465,"href":"https:\/\/designbuero-zabel.de\/index.php?rest_route=\/wp\/v2\/pages\/2387\/revisions\/2465"}],"wp:attachment":[{"href":"https:\/\/designbuero-zabel.de\/index.php?rest_route=%2Fwp%2Fv2%2Fmedia&parent=2387"}],"curies":[{"name":"wp","href":"https:\/\/api.w.org\/{rel}","templated":true}]}}