{"id":2412,"date":"2021-04-09T14:58:02","date_gmt":"2021-04-09T12:58:02","guid":{"rendered":"https:\/\/designbuero-zabel.de\/?page_id=2412"},"modified":"2021-04-16T13:14:38","modified_gmt":"2021-04-16T11:14:38","slug":"bbm","status":"publish","type":"page","link":"https:\/\/designbuero-zabel.de\/?page_id=2412","title":{"rendered":"Bochumer Symphoniker \/ Deutsches Bergbau-Museum"},"content":{"rendered":"<p><section class=\"fw-main-row  bbm-desktop\" style=\"background-color:#ffffff;\" >\n\t<div class=\"fw-container\">\n\t\t<div class=\"fw-row\">\n\t<div class=\"fw-col-xs-12\">\n\t<img decoding=\"async\" src=\"\/\/designbuero-zabel.de\/wp-content\/uploads\/2021\/04\/03_Titel.jpg\" alt=\"\/\/designbuero-zabel.de\/wp-content\/uploads\/2021\/04\/03_Titel.jpg\" class=\"\" \/><\/div>\n<\/div>\n\n<div class=\"fw-row\">\n\t<div class=\"fw-col-xs-12 fw-col-sm-6\">\n\t<div class=\"bbm-desktop-div-1\"><h2>Harmonielehre der Werbung: So sch\u00f6n kann \u201eAkkordarbeit\u201c sein<\/h2><p>In einem \u00f6ffentlichen Teilnahmewettbewerb haben wir den Etat f\u00fcr die Bochumer Symphoniker gewonnen.<\/p><p>Neben klassischen Werbeplakaten haben wir u. a. Postkarten konzipiert und gestaltet: harmonisch abgestimmt auf die verschiedenen St\u00fccke der Spielzeit.<\/p><p><\/p><p>Auch die Foto-Shootings mit Steven Sloane und seinem Ensemble haben wir arrangiert und dirigiert.<\/p><\/div><div class=\"bbm-desktop-div-2\"><script type=\"text\/javascript\">\r\ndocument.addEventListener(\"DOMContentLoaded\", function(event) { \r\n\tjQuery( '#slider-pro-3-2428' ).sliderPro({\r\n\t\t\/\/width\r\n\t\t\t\twidth: \"100%\",\r\n\t\t\t\t\r\n\t\t\/\/height\r\n\t\t\t\tautoHeight: true,\r\n\t\t\t\t\r\n\t\t\/\/autoplay\r\n\t\t\t\tautoplay:  true,\r\n\t\tautoplayOnHover: 'none',\r\n\t\t\t\t\t\t\t\tautoplayDelay: 5000,\r\n\t\t\r\n\t\t\r\n\t\tarrows: false,\r\n\t\tbuttons: true,\r\n\t\tsmallSize: 500,\r\n\t\tmediumSize: 1000,\r\n\t\tlargeSize: 3000,\r\n\t\tfade: true,\r\n\t\t\r\n\t\t\/\/thumbnail\r\n\t\tthumbnailArrows: true,\r\n\t\tthumbnailWidth: 120,\r\n\t\tthumbnailHeight: 120,\r\n\t\t\t\t\t\tthumbnailsPosition: 'bottom',\r\n\t\t\t\t\t\tcenterImage: true,\r\n\t\timageScaleMode: 'cover',\r\n\t\tallowScaleUp: true,\r\n\t\t\t\tstartSlide: 0,\r\n\t\tloop: true,\r\n\t\tslideDistance: 5,\r\n\t\tautoplayDirection: 'normal',\r\n\t\ttouchSwipe: true,\r\n\t\tfullScreen: false,\r\n\t});\r\n});\r\n<\/script>\r\n<style>\r\n\/* Layout 3 *\/\r\n\/* border *\/\r\n#slider-pro-3-2428 .sp-selected-thumbnail {\r\n\tborder: 4px solid #000000;\r\n}\r\n\r\n\/* font + color *\/\r\n.title-in  {\r\n\tfont-family: Arial !important;\r\n\tcolor: #FFFFFF !important;\r\n\tbackground-color: #000000 !important;\r\n\topacity: 0.7 !important;\r\n}\r\n.desc-in  {\r\n\tfont-family: Arial !important;\r\n\tcolor: #FFFFFF !important;\r\n\tbackground-color: #00000 !important;\r\n\topacity: 0.7 !important;\r\n}\r\n\r\n\/* bullets color *\/\r\n.sp-button  {\r\n\tborder: 2px solid #000000 !important;\r\n}\r\n.sp-selected-button  {\r\n\tbackground-color: #000000 !important;\r\n}\r\n\r\n\/* pointer color - bottom *\/\r\n.sp-selected-thumbnail::before {\r\n\tborder-bottom: 5px solid #000000 !important;\r\n}\r\n.sp-selected-thumbnail::after {\r\n\tborder-bottom: 13px solid #000000 !important;\r\n}\r\n\r\n\/* pointer color - top *\/\r\n\r\n\/* full screen icon *\/\r\n.sp-full-screen-button::before {\r\n    color: #FFFFFF !important;\r\n}\r\n\r\n\/* hover navigation icon color *\/\r\n.sp-next-arrow::after, .sp-next-arrow::before {\r\n\tbackground-color: #FFFFFF !important;\r\n}\r\n.sp-previous-arrow::after, .sp-previous-arrow::before {\r\n\tbackground-color: #FFFFFF !important;\r\n}\r\n\r\n#slider-pro-3-2428 .title-in {\r\n\tcolor: #FFFFFF !important;\r\n\tfont-weight: bolder;\r\n\ttext-align: center;\r\n}\r\n\r\n#slider-pro-3-2428 .title-in-bg {\r\n\tbackground: rgba(255, 255, 255, 0.7); !important;\r\n\twhite-space: unset !important;\r\n\tmax-width: 90%;\r\n\tmin-width: 40%;\r\n\ttransform: initial !important;\r\n\t-webkit-transform: initial !important;\r\n\tfont-size: 14px !important;\r\n}\r\n\r\n#slider-pro-3-2428 .desc-in {\r\n\tcolor: #FFFFFF !important;\r\n\ttext-align: center;\r\n}\r\n#slider-pro-3-2428 .desc-in-bg {\r\n\tbackground: rgba(#00000, 0.7) !important;\r\n\twhite-space: unset !important;\r\n\twidth: 80% !important;\r\n\tmin-width: 30%;\r\n\ttransform: initial !important;\r\n\t-webkit-transform: initial !important;\r\n\tfont-size: 13px !important;\r\n}\r\n\r\n@media (max-width: 640px) {\r\n\t#slider-pro-3-2428 .hide-small-screen {\r\n\t\tdisplay: none;\r\n\t}\r\n}\r\n\r\n@media (max-width: 860px) {\r\n\t#slider-pro-3-2428 .sp-layer {\r\n\t\tfont-size: 18px;\r\n\t}\r\n\t\r\n\t#slider-pro-3-2428 .hide-medium-screen {\r\n\t\tdisplay: none;\r\n\t}\r\n}\r\n.slides-not-found {\r\n\tbackground-color: #a92929;\r\n\tborder-radius: 5px;\r\n\tcolor: #fff;\r\n\tfont-family: initial;\r\n\ttext-align: center;\r\n\tpadding:12px;\r\n}\r\n\/* Custom CSS *\/\r\n.sp-button { width: 10px !important; height: 10px !important; border: 1px solid #000 !important; }<\/style>\r\n\t\t<div id=\"slider-pro-3-2428\" class=\"slider-pro\">\r\n\t\t\t<!---- slides div start ---->\r\n\t\t\t<div class=\"sp-slides\">\r\n\t\t\t\t\t\t\t\t\t\t<div class=\"sp-slide\">\r\n\t\t\t\t\t\t\t<img decoding=\"async\" class=\"sp-image\" alt=\"02_BoSys_Slider_1\" src=\"https:\/\/designbuero-zabel.de\/wp-content\/plugins\/ultimate-responsive-image-slider\/assets\/css\/images\/blank.gif\" data-src=\"https:\/\/designbuero-zabel.de\/wp-content\/uploads\/2021\/04\/02_BoSys_Slider_1.png\" \/>\r\n\r\n\t\t\t\t\t\t\t\r\n\t\t\t\t\t\t\t\t\t\t\t\t\t<\/div>\r\n\t\t\t\t\t\t\t\t\t\t\t\t<div class=\"sp-slide\">\r\n\t\t\t\t\t\t\t<img decoding=\"async\" class=\"sp-image\" alt=\"04_BoSys_Slider_3\" src=\"https:\/\/designbuero-zabel.de\/wp-content\/plugins\/ultimate-responsive-image-slider\/assets\/css\/images\/blank.gif\" data-src=\"https:\/\/designbuero-zabel.de\/wp-content\/uploads\/2021\/04\/04_BoSys_Slider_3.png\" \/>\r\n\r\n\t\t\t\t\t\t\t\r\n\t\t\t\t\t\t\t\t\t\t\t\t\t<\/div>\r\n\t\t\t\t\t\t\t\t\t\t\t\t<div class=\"sp-slide\">\r\n\t\t\t\t\t\t\t<img decoding=\"async\" class=\"sp-image\" alt=\"03_BoSys_Slider_2\" src=\"https:\/\/designbuero-zabel.de\/wp-content\/plugins\/ultimate-responsive-image-slider\/assets\/css\/images\/blank.gif\" data-src=\"https:\/\/designbuero-zabel.de\/wp-content\/uploads\/2021\/04\/03_BoSys_Slider_2.png\" \/>\r\n\r\n\t\t\t\t\t\t\t\r\n\t\t\t\t\t\t\t\t\t\t\t\t\t<\/div>\r\n\t\t\t\t\t\t\t\t\t<\/div>\r\n\t\t\t\r\n\t\t\t<!---- slides div end ---->\r\n\t\t\t\t\t\t<!-- slides thumbnails div end -->\r\n\t\t<\/div>\r\n<\/div><div class=\"bbm-desktop-div-3\"><h2>Das volle Programm: advertising in concert<\/h2><p>City-Lights, Spielplan-Flyer, das Spielplanheft, die Sonderausgabe zum 10-J\u00e4hrigen \u201eDienstjubil\u00e4um\u201c von Generalmusikdirektor Steven Sloane, das Jubel-Signet, die Verkehrsmittelwerbung ... wir haben das gesamte Instrumentarium zum Klingen gebracht.<\/p><\/div><img decoding=\"async\" src=\"\/\/designbuero-zabel.de\/wp-content\/uploads\/2021\/04\/05_zsm_bild.png\" alt=\"\/\/designbuero-zabel.de\/wp-content\/uploads\/2021\/04\/05_zsm_bild.png\" class=\"bbw-desktop-img-1\" \/><img decoding=\"async\" src=\"\/\/designbuero-zabel.de\/wp-content\/uploads\/2021\/04\/15_BoSys_Plakat_Slider_Mock-Up.png\" alt=\"\/\/designbuero-zabel.de\/wp-content\/uploads\/2021\/04\/15_BoSys_Plakat_Slider_Mock-Up.png\" class=\"bbw-desktop-img-2\" \/><ul id=\"slides\"><li class=\"slide showing\"><img decoding=\"async\" src=\"https:\/\/designbuero-zabel.de\/wp-content\/uploads\/2021\/04\/16_BoSys_Slider_1.png\" \/><\/li><li class=\"slide\"><img decoding=\"async\" src=\"https:\/\/designbuero-zabel.de\/wp-content\/uploads\/2021\/04\/17_BoSys_Slider_2.png\" \/><\/li><li class=\"slide\"><img decoding=\"async\" src=\"https:\/\/designbuero-zabel.de\/wp-content\/uploads\/2021\/04\/18_BoSys_Slider_3.png\" \/><\/li><\/ul><div class=\"bbm-desktop-div-4\"><h2>Vivace!<\/h2><p><strong>Bilder bewegen, mit Bildern bewegen<\/strong><\/p><p>Bedruckte Pergamin-Zwischenbl\u00e4tter \u00fcber den Fotos geben diesen lebhafte Dynamik.<\/p><\/div><img decoding=\"async\" src=\"\/\/designbuero-zabel.de\/wp-content\/uploads\/2021\/04\/20-21_imgs.png\" alt=\"\/\/designbuero-zabel.de\/wp-content\/uploads\/2021\/04\/20-21_imgs.png\" class=\"bbw-desktop-img-3\" \/><img decoding=\"async\" src=\"\/\/designbuero-zabel.de\/wp-content\/uploads\/2021\/04\/22-23_imgs.png\" alt=\"\/\/designbuero-zabel.de\/wp-content\/uploads\/2021\/04\/22-23_imgs.png\" class=\"bbw-desktop-img-4\" \/><img decoding=\"async\" src=\"\/\/designbuero-zabel.de\/wp-content\/uploads\/2021\/04\/25_BoSys_10_Jahre_Buch.png\" alt=\"\/\/designbuero-zabel.de\/wp-content\/uploads\/2021\/04\/25_BoSys_10_Jahre_Buch.png\" class=\"bbw-desktop-img-5\" \/><img decoding=\"async\" src=\"\/\/designbuero-zabel.de\/wp-content\/uploads\/2021\/04\/26_BoSys_S-Bahn.png\" alt=\"\/\/designbuero-zabel.de\/wp-content\/uploads\/2021\/04\/26_BoSys_S-Bahn.png\" class=\"bbw-desktop-img-6\" \/><img decoding=\"async\" src=\"\/\/designbuero-zabel.de\/wp-content\/uploads\/2021\/04\/27_BoSys_Bus.png\" alt=\"\/\/designbuero-zabel.de\/wp-content\/uploads\/2021\/04\/27_BoSys_Bus.png\" class=\"bbw-desktop-img-7\" \/><img decoding=\"async\" src=\"\/\/designbuero-zabel.de\/wp-content\/uploads\/2021\/04\/28_BoSys_Abbinder.png\" alt=\"\/\/designbuero-zabel.de\/wp-content\/uploads\/2021\/04\/28_BoSys_Abbinder.png\" class=\"bbw-desktop-img-8\" \/><\/div>\n<div class=\"fw-col-xs-12 fw-col-sm-6\">\n\t<div class=\"bbm-desktop-div-5\"><h1>History = Storytelling<small style=\"margin-top: -5px !important;    position: absolute;\">2<\/small><\/h1><h2>Auch dabei k\u00f6nnen Sie mit uns rechnen<\/h2><\/div><img decoding=\"async\" src=\"\/\/designbuero-zabel.de\/wp-content\/uploads\/2021\/04\/05_BBM_Baender.png\" alt=\"\/\/designbuero-zabel.de\/wp-content\/uploads\/2021\/04\/05_BBM_Baender.png\" class=\"bbw-desktop-img-9\" \/><img decoding=\"async\" src=\"\/\/designbuero-zabel.de\/wp-content\/uploads\/2021\/04\/06_BBM_Ausstellung.png\" alt=\"\/\/designbuero-zabel.de\/wp-content\/uploads\/2021\/04\/06_BBM_Ausstellung.png\" class=\"bbw-desktop-img-10\" \/><div class=\"bbm-desktop-div-6\"><h2>Das Wissensrevier<br \/>\u2013 Geschichte einer Institution<\/h2><p>150 Jahre Bergbauforschung und Ausbildung bei der Westf\u00e4lischen Berggewerkschaftskasse\/ DMT-Gesellschaft f\u00fcr Lehre und Bildung auf 860 Seiten in 2 B\u00e4nden: Wir scheuen keine M\u00fche und arbeiten auch gut und gerne mit Wissenschaftlern zusammen.<\/p><\/div><img decoding=\"async\" src=\"\/\/designbuero-zabel.de\/wp-content\/uploads\/2021\/04\/07-10_imgs.png\" alt=\"\/\/designbuero-zabel.de\/wp-content\/uploads\/2021\/04\/07-10_imgs.png\" class=\"bbw-desktop-img-11\" \/><img decoding=\"async\" src=\"\/\/designbuero-zabel.de\/wp-content\/uploads\/2021\/04\/19_BBM_Band_1.png\" alt=\"\/\/designbuero-zabel.de\/wp-content\/uploads\/2021\/04\/19_BBM_Band_1.png\" class=\"bbw-desktop-img-12\" \/><img decoding=\"async\" src=\"\/\/designbuero-zabel.de\/wp-content\/uploads\/2021\/04\/24_BBM_Band_2.png\" alt=\"\/\/designbuero-zabel.de\/wp-content\/uploads\/2021\/04\/24_BBM_Band_2.png\" class=\"bbw-desktop-img-13\" \/><img decoding=\"async\" src=\"\/\/designbuero-zabel.de\/wp-content\/uploads\/2021\/04\/29_BBM_Abbinder.png\" alt=\"\/\/designbuero-zabel.de\/wp-content\/uploads\/2021\/04\/29_BBM_Abbinder.png\" class=\"bbw-desktop-img-14\" \/><\/div>\n<\/div>\n\n\t<\/div>\n<\/section>\n<section class=\"fw-main-row  bbm-mobile\" style=\"background-color:#f5eee4;\" >\n\t<div class=\"fw-container\">\n\t\t<div class=\"fw-row\">\n\t<div class=\"fw-col-xs-12\">\n\t<img decoding=\"async\" src=\"\/\/designbuero-zabel.de\/wp-content\/uploads\/2021\/04\/01_Titel-scaled.jpg\" alt=\"\/\/designbuero-zabel.de\/wp-content\/uploads\/2021\/04\/01_Titel-scaled.jpg\" class=\"\" \/><div class=\"bbm-mobile-div-1\"><h2>Harmonielehre der Werbung: So sch\u00f6n kann \u201eAkkordarbeit\u201c sein<\/h2><p>In einem \u00f6ffentlichen Teilnahmewettbewerb haben wir den Etat f\u00fcr die Bochumer Symphoniker gewonnen.<\/p><p>Neben klassischen Werbeplakaten haben wir u. a. Postkarten konzipiert und gestaltet: harmonisch abgestimmt auf die verschiedenen St\u00fccke der Spielzeit.<\/p><p>&nbsp;<\/p><p>Auch die Foto-Shootings mit Steven Sloane und seinem Ensemble haben wir arrangiert und dirigiert.<\/p><\/div><div class=\"bbm-mobile-div-2\"><script type=\"text\/javascript\">\r\ndocument.addEventListener(\"DOMContentLoaded\", function(event) { \r\n\tjQuery( '#slider-pro-3-2470' ).sliderPro({\r\n\t\t\/\/width\r\n\t\t\t\twidth: \"100%\",\r\n\t\t\t\t\r\n\t\t\/\/height\r\n\t\t\t\tautoHeight: true,\r\n\t\t\t\t\r\n\t\t\/\/autoplay\r\n\t\t\t\tautoplay:  true,\r\n\t\tautoplayOnHover: 'none',\r\n\t\t\t\t\t\t\t\tautoplayDelay: 5000,\r\n\t\t\r\n\t\t\r\n\t\tarrows: false,\r\n\t\tbuttons: true,\r\n\t\tsmallSize: 500,\r\n\t\tmediumSize: 1000,\r\n\t\tlargeSize: 3000,\r\n\t\tfade: true,\r\n\t\t\r\n\t\t\/\/thumbnail\r\n\t\tthumbnailArrows: true,\r\n\t\tthumbnailWidth: 120,\r\n\t\tthumbnailHeight: 120,\r\n\t\t\t\t\t\tthumbnailsPosition: 'bottom',\r\n\t\t\t\t\t\tcenterImage: true,\r\n\t\timageScaleMode: 'cover',\r\n\t\tallowScaleUp: false,\r\n\t\t\t\tstartSlide: 0,\r\n\t\tloop: true,\r\n\t\tslideDistance: 5,\r\n\t\tautoplayDirection: 'normal',\r\n\t\ttouchSwipe: true,\r\n\t\tfullScreen: true,\r\n\t});\r\n});\r\n<\/script>\r\n<style>\r\n\/* Layout 3 *\/\r\n\/* border *\/\r\n#slider-pro-3-2470 .sp-selected-thumbnail {\r\n\tborder: 4px solid #000000;\r\n}\r\n\r\n\/* font + color *\/\r\n.title-in  {\r\n\tfont-family: Arial !important;\r\n\tcolor: #FFFFFF !important;\r\n\tbackground-color: #000000 !important;\r\n\topacity: 0.7 !important;\r\n}\r\n.desc-in  {\r\n\tfont-family: Arial !important;\r\n\tcolor: #FFFFFF !important;\r\n\tbackground-color: #00000 !important;\r\n\topacity: 0.7 !important;\r\n}\r\n\r\n\/* bullets color *\/\r\n.sp-button  {\r\n\tborder: 2px solid #000000 !important;\r\n}\r\n.sp-selected-button  {\r\n\tbackground-color: #000000 !important;\r\n}\r\n\r\n\/* pointer color - bottom *\/\r\n.sp-selected-thumbnail::before {\r\n\tborder-bottom: 5px solid #000000 !important;\r\n}\r\n.sp-selected-thumbnail::after {\r\n\tborder-bottom: 13px solid #000000 !important;\r\n}\r\n\r\n\/* pointer color - top *\/\r\n\r\n\/* full screen icon *\/\r\n.sp-full-screen-button::before {\r\n    color: #FFFFFF !important;\r\n}\r\n\r\n\/* hover navigation icon color *\/\r\n.sp-next-arrow::after, .sp-next-arrow::before {\r\n\tbackground-color: #FFFFFF !important;\r\n}\r\n.sp-previous-arrow::after, .sp-previous-arrow::before {\r\n\tbackground-color: #FFFFFF !important;\r\n}\r\n\r\n#slider-pro-3-2470 .title-in {\r\n\tcolor: #FFFFFF !important;\r\n\tfont-weight: bolder;\r\n\ttext-align: center;\r\n}\r\n\r\n#slider-pro-3-2470 .title-in-bg {\r\n\tbackground: rgba(255, 255, 255, 0.7); !important;\r\n\twhite-space: unset !important;\r\n\tmax-width: 90%;\r\n\tmin-width: 40%;\r\n\ttransform: initial !important;\r\n\t-webkit-transform: initial !important;\r\n\tfont-size: 14px !important;\r\n}\r\n\r\n#slider-pro-3-2470 .desc-in {\r\n\tcolor: #FFFFFF !important;\r\n\ttext-align: center;\r\n}\r\n#slider-pro-3-2470 .desc-in-bg {\r\n\tbackground: rgba(#00000, 0.7) !important;\r\n\twhite-space: unset !important;\r\n\twidth: 80% !important;\r\n\tmin-width: 30%;\r\n\ttransform: initial !important;\r\n\t-webkit-transform: initial !important;\r\n\tfont-size: 13px !important;\r\n}\r\n\r\n@media (max-width: 640px) {\r\n\t#slider-pro-3-2470 .hide-small-screen {\r\n\t\tdisplay: none;\r\n\t}\r\n}\r\n\r\n@media (max-width: 860px) {\r\n\t#slider-pro-3-2470 .sp-layer {\r\n\t\tfont-size: 18px;\r\n\t}\r\n\t\r\n\t#slider-pro-3-2470 .hide-medium-screen {\r\n\t\tdisplay: none;\r\n\t}\r\n}\r\n.slides-not-found {\r\n\tbackground-color: #a92929;\r\n\tborder-radius: 5px;\r\n\tcolor: #fff;\r\n\tfont-family: initial;\r\n\ttext-align: center;\r\n\tpadding:12px;\r\n}\r\n\/* Custom CSS *\/\r\n.sp-button { width: 10px !important; height: 10px !important; border: 1px solid #000 !important; }<\/style>\r\n\t\t<div id=\"slider-pro-3-2470\" class=\"slider-pro\">\r\n\t\t\t<!---- slides div start ---->\r\n\t\t\t<div class=\"sp-slides\">\r\n\t\t\t\t\t\t\t\t\t\t<div class=\"sp-slide\">\r\n\t\t\t\t\t\t\t<img decoding=\"async\" class=\"sp-image\" alt=\"02_BoSys_Slider_1\" src=\"https:\/\/designbuero-zabel.de\/wp-content\/plugins\/ultimate-responsive-image-slider\/assets\/css\/images\/blank.gif\" data-src=\"https:\/\/designbuero-zabel.de\/wp-content\/uploads\/2021\/04\/02_BoSys_Slider_1.png\" \/>\r\n\r\n\t\t\t\t\t\t\t\r\n\t\t\t\t\t\t\t\t\t\t\t\t\t<\/div>\r\n\t\t\t\t\t\t\t\t\t\t\t\t<div class=\"sp-slide\">\r\n\t\t\t\t\t\t\t<img decoding=\"async\" class=\"sp-image\" alt=\"03_BoSys_Slider_2\" src=\"https:\/\/designbuero-zabel.de\/wp-content\/plugins\/ultimate-responsive-image-slider\/assets\/css\/images\/blank.gif\" data-src=\"https:\/\/designbuero-zabel.de\/wp-content\/uploads\/2021\/04\/03_BoSys_Slider_2.png\" \/>\r\n\r\n\t\t\t\t\t\t\t\r\n\t\t\t\t\t\t\t\t\t\t\t\t\t<\/div>\r\n\t\t\t\t\t\t\t\t\t\t\t\t<div class=\"sp-slide\">\r\n\t\t\t\t\t\t\t<img decoding=\"async\" class=\"sp-image\" alt=\"04_BoSys_Slider_3\" src=\"https:\/\/designbuero-zabel.de\/wp-content\/plugins\/ultimate-responsive-image-slider\/assets\/css\/images\/blank.gif\" data-src=\"https:\/\/designbuero-zabel.de\/wp-content\/uploads\/2021\/04\/04_BoSys_Slider_3.png\" \/>\r\n\r\n\t\t\t\t\t\t\t\r\n\t\t\t\t\t\t\t\t\t\t\t\t\t<\/div>\r\n\t\t\t\t\t\t\t\t\t<\/div>\r\n\t\t\t\r\n\t\t\t<!---- slides div end ---->\r\n\t\t\t\t\t\t<!-- slides thumbnails div end -->\r\n\t\t<\/div>\r\n<\/div><div class=\"bbm-mobile-div-3\"><h2>Das volle Programm: advertising in concert<\/h2><p>City-Lights, Spielplan-Flyer, das Spielplanheft, die Sonderausgabe zum 10-J\u00e4hrigen \u201eDienstjubil\u00e4um\u201c von Generalmusikdirektor Steven Sloane, das Jubel-Signet, die Verkehrsmittelwerbung ... wir haben das gesamte Instrumentarium zum Klingen gebracht.<\/p><\/div><img decoding=\"async\" src=\"\/\/designbuero-zabel.de\/wp-content\/uploads\/2021\/04\/mob_bild-1.png\" alt=\"\/\/designbuero-zabel.de\/wp-content\/uploads\/2021\/04\/mob_bild-1.png\" class=\"bbw-mobile-img-1\" \/><img decoding=\"async\" src=\"\/\/designbuero-zabel.de\/wp-content\/uploads\/2021\/04\/15_BoSys_Plakat_Slider_Mock-Up.png\" alt=\"\/\/designbuero-zabel.de\/wp-content\/uploads\/2021\/04\/15_BoSys_Plakat_Slider_Mock-Up.png\" class=\"bbw-mobile-img-2\" \/><ul id=\"slides\"><li class=\"slide showing\"><img decoding=\"async\" src=\"https:\/\/designbuero-zabel.de\/wp-content\/uploads\/2021\/04\/16_BoSys_Slider_1.png\" \/><\/li><li class=\"slide\"><img decoding=\"async\" src=\"https:\/\/designbuero-zabel.de\/wp-content\/uploads\/2021\/04\/17_BoSys_Slider_2.png\" \/><\/li><li class=\"slide\"><img decoding=\"async\" src=\"https:\/\/designbuero-zabel.de\/wp-content\/uploads\/2021\/04\/18_BoSys_Slider_3.png\" \/><\/li><\/ul><div class=\"bbm-mobile-div-4\"><h2>Vivace!<\/h2><p><strong>Bilder bewegen, mit Bildern bewegen<\/strong><\/p><p>Bedruckte Pergamin-Zwischenbl\u00e4tter \u00fcber den Fotos geben diesen lebhafte Dynamik.<\/p><\/div><img decoding=\"async\" src=\"\/\/designbuero-zabel.de\/wp-content\/uploads\/2021\/04\/20-21_imgs.png\" alt=\"\/\/designbuero-zabel.de\/wp-content\/uploads\/2021\/04\/20-21_imgs.png\" class=\"bbw-mobile-img-3\" \/><img decoding=\"async\" src=\"\/\/designbuero-zabel.de\/wp-content\/uploads\/2021\/04\/22-23_imgs.png\" alt=\"\/\/designbuero-zabel.de\/wp-content\/uploads\/2021\/04\/22-23_imgs.png\" class=\"bbw-mobile-img-4\" \/><img decoding=\"async\" src=\"\/\/designbuero-zabel.de\/wp-content\/uploads\/2021\/04\/25_BoSys_10_Jahre_Buch.png\" alt=\"\/\/designbuero-zabel.de\/wp-content\/uploads\/2021\/04\/25_BoSys_10_Jahre_Buch.png\" class=\"bbw-mobile-img-5\" \/><img decoding=\"async\" src=\"\/\/designbuero-zabel.de\/wp-content\/uploads\/2021\/04\/26_BoSys_S-Bahn.png\" alt=\"\/\/designbuero-zabel.de\/wp-content\/uploads\/2021\/04\/26_BoSys_S-Bahn.png\" class=\"bbw-mobile-img-6\" \/><img decoding=\"async\" src=\"\/\/designbuero-zabel.de\/wp-content\/uploads\/2021\/04\/27_BoSys_Bus.png\" alt=\"\/\/designbuero-zabel.de\/wp-content\/uploads\/2021\/04\/27_BoSys_Bus.png\" class=\"bbw-mobile-img-7\" \/><img decoding=\"async\" src=\"\/\/designbuero-zabel.de\/wp-content\/uploads\/2021\/04\/28_BoSys_Abbinder.png\" alt=\"\/\/designbuero-zabel.de\/wp-content\/uploads\/2021\/04\/28_BoSys_Abbinder.png\" class=\"bbw-mobile-img-8\" \/><\/div>\n<\/div>\n\n\t<\/div>\n<\/section>\n<section class=\"fw-main-row  bbm-mobile\" style=\"background-color:#d6d6d6;\" >\n\t<div class=\"fw-container\">\n\t\t<div class=\"fw-row\">\n\t<div class=\"fw-col-xs-12\">\n\t<img decoding=\"async\" src=\"\/\/designbuero-zabel.de\/wp-content\/uploads\/2021\/04\/02_Titel-scaled.jpg\" alt=\"\/\/designbuero-zabel.de\/wp-content\/uploads\/2021\/04\/02_Titel-scaled.jpg\" class=\"\" \/><div class=\"bbm-mobile-div-5\"><h1>History = Storytelling2<\/h1><h2>Auch dabei k\u00f6nnen Sie mit uns rechnen<\/h2><\/div><img decoding=\"async\" src=\"\/\/designbuero-zabel.de\/wp-content\/uploads\/2021\/04\/05_BBM_Baender.png\" alt=\"\/\/designbuero-zabel.de\/wp-content\/uploads\/2021\/04\/05_BBM_Baender.png\" class=\"bbw-mobile-img-9\" \/><img decoding=\"async\" src=\"\/\/designbuero-zabel.de\/wp-content\/uploads\/2021\/04\/06_BBM_Ausstellung.png\" alt=\"\/\/designbuero-zabel.de\/wp-content\/uploads\/2021\/04\/06_BBM_Ausstellung.png\" class=\"bbw-mobile-img-10\" \/><div class=\"bbm-mobile-div-6\"><h2>Das Wissensrevier<br \/>\u2013 Geschichte einer Institution<\/h2><p>150 Jahre Bergbauforschung und Ausbildung bei der Westf\u00e4lischen Berggewerkschaftskasse\/ DMT-Gesellschaft f\u00fcr Lehre und Bildung auf 860 Seiten in 2 B\u00e4nden: Wir scheuen keine M\u00fche und arbeiten auch gut und gerne mit Wissenschaftlern zusammen.<\/p><\/div><img decoding=\"async\" src=\"\/\/designbuero-zabel.de\/wp-content\/uploads\/2021\/04\/07-10_imgs.png\" alt=\"\/\/designbuero-zabel.de\/wp-content\/uploads\/2021\/04\/07-10_imgs.png\" class=\"bbw-mobile-img-11\" \/><img decoding=\"async\" src=\"\/\/designbuero-zabel.de\/wp-content\/uploads\/2021\/04\/19_BBM_Band_1_MOBIL.png\" alt=\"\/\/designbuero-zabel.de\/wp-content\/uploads\/2021\/04\/19_BBM_Band_1_MOBIL.png\" class=\"bbw-mobile-img-12\" \/><img decoding=\"async\" src=\"\/\/designbuero-zabel.de\/wp-content\/uploads\/2021\/04\/20_BBM_Band_2_MOBIL.png\" alt=\"\/\/designbuero-zabel.de\/wp-content\/uploads\/2021\/04\/20_BBM_Band_2_MOBIL.png\" class=\"bbw-mobile-img-13\" \/><img decoding=\"async\" src=\"\/\/designbuero-zabel.de\/wp-content\/uploads\/2021\/04\/29_BBM_Abbinder.png\" alt=\"\/\/designbuero-zabel.de\/wp-content\/uploads\/2021\/04\/29_BBM_Abbinder.png\" class=\"bbw-mobile-img-14\" \/><\/div>\n<\/div>\n\n\t<\/div>\n<\/section>\n<\/p>\n","protected":false},"excerpt":{"rendered":"","protected":false},"author":1,"featured_media":0,"parent":0,"menu_order":0,"comment_status":"closed","ping_status":"closed","template":"","meta":{"footnotes":""},"class_list":["post-2412","page","type-page","status-publish","hentry"],"_links":{"self":[{"href":"https:\/\/designbuero-zabel.de\/index.php?rest_route=\/wp\/v2\/pages\/2412","targetHints":{"allow":["GET"]}}],"collection":[{"href":"https:\/\/designbuero-zabel.de\/index.php?rest_route=\/wp\/v2\/pages"}],"about":[{"href":"https:\/\/designbuero-zabel.de\/index.php?rest_route=\/wp\/v2\/types\/page"}],"author":[{"embeddable":true,"href":"https:\/\/designbuero-zabel.de\/index.php?rest_route=\/wp\/v2\/users\/1"}],"replies":[{"embeddable":true,"href":"https:\/\/designbuero-zabel.de\/index.php?rest_route=%2Fwp%2Fv2%2Fcomments&post=2412"}],"version-history":[{"count":34,"href":"https:\/\/designbuero-zabel.de\/index.php?rest_route=\/wp\/v2\/pages\/2412\/revisions"}],"predecessor-version":[{"id":2488,"href":"https:\/\/designbuero-zabel.de\/index.php?rest_route=\/wp\/v2\/pages\/2412\/revisions\/2488"}],"wp:attachment":[{"href":"https:\/\/designbuero-zabel.de\/index.php?rest_route=%2Fwp%2Fv2%2Fmedia&parent=2412"}],"curies":[{"name":"wp","href":"https:\/\/api.w.org\/{rel}","templated":true}]}}