{"id":381,"date":"2021-01-20T07:57:56","date_gmt":"2021-01-20T06:57:56","guid":{"rendered":"http:\/\/localhost:8888\/?page_id=381"},"modified":"2021-03-31T11:48:40","modified_gmt":"2021-03-31T09:48:40","slug":"gut","status":"publish","type":"page","link":"https:\/\/designbuero-zabel.de\/?page_id=381","title":{"rendered":"Geheim &#038; Tipp"},"content":{"rendered":"<p><section class=\"fw-main-row  gut-1\" style=\"background-color:#ffffff;\" >\n\t<div class=\"fw-container\">\n\t\t<div class=\"fw-row\">\n\t<div class=\"fw-col-xs-12\">\n\t<img decoding=\"async\" src=\"\/\/designbuero-zabel.de\/wp-content\/uploads\/2021\/01\/01_titel.jpg\" alt=\"\/\/designbuero-zabel.de\/wp-content\/uploads\/2021\/01\/01_titel.jpg\" class=\"\" \/><\/div>\n<\/div>\n\n\t<\/div>\n<\/section>\n<section class=\"fw-main-row  gut-2\" style=\"background-color:#ffffff;\" >\n\t<div class=\"fw-container\">\n\t\t<div class=\"fw-row\">\n\t<div class=\"fw-col-xs-12 fw-col-sm-6\">\n\t<\/div>\n<div class=\"fw-col-xs-12 fw-col-sm-6\">\n\t<h1>Von Mensch zu Mensch!<\/h1><p>Was unterscheidet den analogen PoS vom Online-Handel?<br \/>Der Verkaufskontakt von Mensch zu Mensch.<br \/>Was zeichnet den Fachmarkt aus?<br \/>Die Kompetenz seiner Mitarbeiter*innen.<br \/>Lassen wir sie also zu Wort kommen ...<\/p><\/div>\n<\/div>\n\n\t<\/div>\n<\/section>\n<section class=\"fw-main-row  gut-3\" style=\"background-color:#999999;\" >\n\t<div class=\"fw-container\">\n\t\t<div class=\"fw-row\">\n\t<div class=\"fw-col-xs-12\">\n\t\n\t<div class=\"fw-divider-space\" style=\"padding-top: 35px;\"><\/div>\n<\/div>\n<\/div>\n\n<div class=\"fw-row\">\n\t<div class=\"fw-col-xs-12 fw-col-sm-6\">\n\t<img decoding=\"async\" src=\"\/\/designbuero-zabel.de\/wp-content\/uploads\/2021\/03\/02_mensch_01.png\" alt=\"\/\/designbuero-zabel.de\/wp-content\/uploads\/2021\/03\/02_mensch_01.png\" class=\"gut-3-img-1\" \/><\/div>\n<div class=\"fw-col-xs-12 fw-col-sm-3\">\n\t<img decoding=\"async\" src=\"\/\/designbuero-zabel.de\/wp-content\/uploads\/2021\/01\/03_mensch_02.png\" alt=\"\/\/designbuero-zabel.de\/wp-content\/uploads\/2021\/01\/03_mensch_02.png\" class=\"gut-3-img-2\" \/><\/div>\n<div class=\"fw-col-xs-12 fw-col-sm-3\">\n\t<img decoding=\"async\" src=\"\/\/designbuero-zabel.de\/wp-content\/uploads\/2021\/01\/04_mensch_03.png\" alt=\"\/\/designbuero-zabel.de\/wp-content\/uploads\/2021\/01\/04_mensch_03.png\" class=\"gut-3-img-3\" \/><\/div>\n<\/div>\n\n<div class=\"fw-row\">\n\t<div class=\"fw-col-xs-12 fw-col-sm-3\">\n\t<img decoding=\"async\" src=\"\/\/designbuero-zabel.de\/wp-content\/uploads\/2021\/01\/05_mensch_04.png\" alt=\"\/\/designbuero-zabel.de\/wp-content\/uploads\/2021\/01\/05_mensch_04.png\" class=\"gut-3-img-4\" \/><\/div>\n<div class=\"fw-col-xs-12 fw-col-sm-3\">\n\t<img decoding=\"async\" src=\"\/\/designbuero-zabel.de\/wp-content\/uploads\/2021\/01\/06_mensch_05.png\" alt=\"\/\/designbuero-zabel.de\/wp-content\/uploads\/2021\/01\/06_mensch_05.png\" class=\"gut-3-img-5\" \/><\/div>\n<div class=\"fw-col-xs-12 fw-col-sm-3\">\n\t<img decoding=\"async\" src=\"\/\/designbuero-zabel.de\/wp-content\/uploads\/2021\/01\/07_mensch_06.png\" alt=\"\/\/designbuero-zabel.de\/wp-content\/uploads\/2021\/01\/07_mensch_06.png\" class=\"gut-3-img-6\" \/><\/div>\n<div class=\"fw-col-xs-12 fw-col-sm-3\">\n\t<img decoding=\"async\" src=\"\/\/designbuero-zabel.de\/wp-content\/uploads\/2021\/01\/08_mensch_07.png\" alt=\"\/\/designbuero-zabel.de\/wp-content\/uploads\/2021\/01\/08_mensch_07.png\" class=\"gut-3-img-7\" \/><\/div>\n<\/div>\n\n<div class=\"fw-row\">\n\t<div class=\"fw-col-xs-12\">\n\t\n\t<div class=\"fw-divider-space\" style=\"padding-top: 80px;\"><\/div>\n<\/div>\n<\/div>\n\n\t<\/div>\n<\/section>\n<section class=\"fw-main-row  gut-4\" style=\"background-color:#999999;background-image:url(https:\/\/designbuero-zabel.de\/wp-content\/uploads\/2021\/03\/11_erfolg_03_fond.png);\" >\n\t<div class=\"fw-container\">\n\t\t<div class=\"fw-row\">\n\t<div class=\"fw-col-xs-12 fw-col-sm-8\">\n\t<h1 class=\"gut-4-h1-1\">Erfolg durch Pers\u00f6nlichkeit!<\/h1><h1 class=\"gut-4-h1-2\">... motiviert ganz pers\u00f6nlich<\/h1><p>Kunden erleben ihr Fachmarkpersonal als den freundlichen Berater von nebenan. Die Mitarbeiter*innen erleben den Erfolg ihrer pers\u00f6nlichen Tipps durch die Wertsch\u00e4tzung ihrer Kunden. Kann man nat\u00fcrlich auch auf Neudeutsch sagen: Customer-Relationship Marketing \u2013 als Interaktion auf die gute alte, menschelnde Art.<\/p><img decoding=\"async\" src=\"\/\/designbuero-zabel.de\/wp-content\/uploads\/2021\/03\/10_erfolg_02_mail.png\" alt=\"\/\/designbuero-zabel.de\/wp-content\/uploads\/2021\/03\/10_erfolg_02_mail.png\" class=\"gut-4-img-1\" \/><\/div>\n<div class=\"fw-col-xs-12 fw-col-sm-4\">\n\t<img decoding=\"async\" src=\"\/\/designbuero-zabel.de\/wp-content\/uploads\/2021\/01\/09_erfolg_01.png\" alt=\"\/\/designbuero-zabel.de\/wp-content\/uploads\/2021\/01\/09_erfolg_01.png\" class=\"gut-4-img-2\" \/><\/div>\n<\/div>\n\n<div class=\"fw-row\">\n\t<div class=\"fw-col-xs-12\">\n\t\n\t<div class=\"fw-divider-space\" style=\"padding-top: 40px;\"><\/div>\n<\/div>\n<\/div>\n\n\t<\/div>\n<\/section>\n<section class=\"fw-main-row  gut-5\" style=\"background-color:#ffffff;\" >\n\t<div class=\"fw-container\">\n\t\t<div class=\"fw-row\">\n\t<div class=\"fw-col-xs-12 fw-col-sm-6\">\n\t<h1>3 auf einen Streich:<\/h1><h2>+ Abverkauf steigern<br \/>+ Fachkompetenz erh\u00f6hen<br \/>+ Unternehmensidentifikation st\u00e4rken<br \/><\/h2><p>Jeder Mitarbeiter wird zum \u00fcberzeugenden Markenbotschafter und hochmotivierten Multiplikator. Selbst freie Mitarbeiter wie Amor und der Weihnachtsmann machen liebend gern mit.<\/p><h2>Mitarbeiter*innen machen Markt + Marke!<\/h2><p>... und dabei k\u00f6nnen ganz gezielt Filialen gepusht werden, denen das besonders guttut.<\/p><\/div>\n<div class=\"fw-col-xs-12 fw-col-sm-3\">\n\t<img decoding=\"async\" src=\"\/\/designbuero-zabel.de\/wp-content\/uploads\/2021\/01\/12_erfolg_04.png\" alt=\"\/\/designbuero-zabel.de\/wp-content\/uploads\/2021\/01\/12_erfolg_04.png\" class=\"gut-5-img-1\" \/><\/div>\n<div class=\"fw-col-xs-12 fw-col-sm-3\">\n\t<img decoding=\"async\" src=\"\/\/designbuero-zabel.de\/wp-content\/uploads\/2021\/01\/13_erfolg_05.png\" alt=\"\/\/designbuero-zabel.de\/wp-content\/uploads\/2021\/01\/13_erfolg_05.png\" class=\"gut-5-img-2\" \/><\/div>\n<\/div>\n\n\t<\/div>\n<\/section>\n<section class=\"fw-main-row  gut-6\" style=\"background-color:#ffffff;\" >\n\t<div class=\"fw-container\">\n\t\t<div class=\"fw-row\">\n\t<div class=\"fw-col-xs-12 fw-col-sm-6\">\n\t<img decoding=\"async\" src=\"\/\/designbuero-zabel.de\/wp-content\/uploads\/2021\/01\/16_drei_03.png\" alt=\"\/\/designbuero-zabel.de\/wp-content\/uploads\/2021\/01\/16_drei_03.png\" class=\"gut-6-img-3\" \/><img decoding=\"async\" src=\"\/\/designbuero-zabel.de\/wp-content\/uploads\/2021\/03\/14_drei_01.png\" alt=\"\/\/designbuero-zabel.de\/wp-content\/uploads\/2021\/03\/14_drei_01.png\" class=\"gut-6-img-1\" \/><\/div>\n<div class=\"fw-col-xs-12 fw-col-sm-6\">\n\t<img decoding=\"async\" src=\"\/\/designbuero-zabel.de\/wp-content\/uploads\/2021\/01\/15_drei_02.png\" alt=\"\/\/designbuero-zabel.de\/wp-content\/uploads\/2021\/01\/15_drei_02.png\" class=\"gut-6-img-2\" \/><\/div>\n<\/div>\n\n<div class=\"fw-row\">\n\t<div class=\"fw-col-xs-12\">\n\t\n\t<div class=\"fw-divider-space\" style=\"padding-top: 25px;\"><\/div>\n<\/div>\n<\/div>\n\n\t<\/div>\n<\/section>\n<section class=\"fw-main-row  gut-7\" style=\"background-image:url(https:\/\/designbuero-zabel.de\/wp-content\/uploads\/2021\/01\/26_like_10_Fond-scaled.jpg);\" >\n\t<div class=\"fw-container\">\n\t\t<div class=\"fw-row\">\n\t<div class=\"fw-col-xs-12 fw-col-sm-6\">\n\t<img decoding=\"async\" src=\"\/\/designbuero-zabel.de\/wp-content\/uploads\/2021\/01\/17_like_01.png\" alt=\"\/\/designbuero-zabel.de\/wp-content\/uploads\/2021\/01\/17_like_01.png\" class=\"gut-7-img-1\" \/><\/div>\n<div class=\"fw-col-xs-12 fw-col-sm-3\">\n\t<img decoding=\"async\" src=\"\/\/designbuero-zabel.de\/wp-content\/uploads\/2021\/01\/18_like_02.png\" alt=\"\/\/designbuero-zabel.de\/wp-content\/uploads\/2021\/01\/18_like_02.png\" class=\"gut-7-img-2\" \/><\/div>\n<div class=\"fw-col-xs-12 fw-col-sm-3\">\n\t<\/div>\n<\/div>\n\n<div class=\"fw-row\">\n\t<div class=\"fw-col-xs-12 fw-col-sm-6\">\n\t<div class=\"gut-7-div-1\"><h1>Teilen und mitteilen,<br \/>was man mag<\/h1><p>Was k\u00f6nnte sich besser f\u00fcr Social Media eignen als Tipps und Rezepturen? Es ist der digitale Vorgeschmack auf das analoge Ansto\u00dfen in geselliger Runde unter Freunden.<br \/><span style=\"color: #ffffff;\">Da geh\u2019n die Posts ab! ... <\/span>und dann die Abverk\u00e4ufe<\/p><\/div><img decoding=\"async\" src=\"\/\/designbuero-zabel.de\/wp-content\/uploads\/2021\/01\/20_like_04.jpg\" alt=\"\/\/designbuero-zabel.de\/wp-content\/uploads\/2021\/01\/20_like_04.jpg\" class=\"gut-7-img-4\" \/><img decoding=\"async\" src=\"\/\/designbuero-zabel.de\/wp-content\/uploads\/2021\/01\/22_like_06.jpg\" alt=\"\/\/designbuero-zabel.de\/wp-content\/uploads\/2021\/01\/22_like_06.jpg\" class=\"gut-7-img-6\" \/><img decoding=\"async\" src=\"\/\/designbuero-zabel.de\/wp-content\/uploads\/2021\/01\/18_like_02.png\" alt=\"\/\/designbuero-zabel.de\/wp-content\/uploads\/2021\/01\/18_like_02.png\" class=\"gut-7-img-8\" \/><\/div>\n<div class=\"fw-col-xs-12 fw-col-sm-6\">\n\t<img decoding=\"async\" src=\"\/\/designbuero-zabel.de\/wp-content\/uploads\/2021\/01\/19_like_03.jpg\" alt=\"\/\/designbuero-zabel.de\/wp-content\/uploads\/2021\/01\/19_like_03.jpg\" class=\"gut-7-img-3\" \/><img decoding=\"async\" src=\"\/\/designbuero-zabel.de\/wp-content\/uploads\/2021\/01\/21_like_05.jpg\" alt=\"\/\/designbuero-zabel.de\/wp-content\/uploads\/2021\/01\/21_like_05.jpg\" class=\"gut-7-img-5\" \/><img decoding=\"async\" src=\"\/\/designbuero-zabel.de\/wp-content\/uploads\/2021\/01\/23_like_07.jpg\" alt=\"\/\/designbuero-zabel.de\/wp-content\/uploads\/2021\/01\/23_like_07.jpg\" class=\"gut-7-img-7\" \/><\/div>\n<\/div>\n\n<div class=\"fw-row\">\n\t<div class=\"fw-col-xs-12\">\n\t<img decoding=\"async\" src=\"\/\/designbuero-zabel.de\/wp-content\/uploads\/2021\/01\/25_like_09.jpg\" alt=\"\/\/designbuero-zabel.de\/wp-content\/uploads\/2021\/01\/25_like_09.jpg\" class=\"gut-7-img-9\" \/><\/div>\n<\/div>\n\n\t<\/div>\n<\/section>\n<\/p>\n","protected":false},"excerpt":{"rendered":"<p>Von Mensch zu Mensch!Was unterscheidet den analogen PoS vom Online-Handel?Der Verkaufskontakt von Mensch zu Mensch.Was zeichnet den Fachmarkt aus?Die Kompetenz seiner Mitarbeiter*innen.Lassen wir sie also zu Wort kommen &#8230; Erfolg durch Pers\u00f6nlichkeit!&#8230; motiviert ganz pers\u00f6nlichKunden erleben ihr Fachmarkpersonal als den freundlichen Berater von nebenan. Die Mitarbeiter*innen erleben den Erfolg ihrer pers\u00f6nlichen Tipps durch die Wertsch\u00e4tzung [&hellip;]<\/p>\n","protected":false},"author":1,"featured_media":0,"parent":0,"menu_order":0,"comment_status":"closed","ping_status":"closed","template":"","meta":{"footnotes":""},"class_list":["post-381","page","type-page","status-publish","hentry"],"_links":{"self":[{"href":"https:\/\/designbuero-zabel.de\/index.php?rest_route=\/wp\/v2\/pages\/381","targetHints":{"allow":["GET"]}}],"collection":[{"href":"https:\/\/designbuero-zabel.de\/index.php?rest_route=\/wp\/v2\/pages"}],"about":[{"href":"https:\/\/designbuero-zabel.de\/index.php?rest_route=\/wp\/v2\/types\/page"}],"author":[{"embeddable":true,"href":"https:\/\/designbuero-zabel.de\/index.php?rest_route=\/wp\/v2\/users\/1"}],"replies":[{"embeddable":true,"href":"https:\/\/designbuero-zabel.de\/index.php?rest_route=%2Fwp%2Fv2%2Fcomments&post=381"}],"version-history":[{"count":50,"href":"https:\/\/designbuero-zabel.de\/index.php?rest_route=\/wp\/v2\/pages\/381\/revisions"}],"predecessor-version":[{"id":2286,"href":"https:\/\/designbuero-zabel.de\/index.php?rest_route=\/wp\/v2\/pages\/381\/revisions\/2286"}],"wp:attachment":[{"href":"https:\/\/designbuero-zabel.de\/index.php?rest_route=%2Fwp%2Fv2%2Fmedia&parent=381"}],"curies":[{"name":"wp","href":"https:\/\/api.w.org\/{rel}","templated":true}]}}