{"id":448,"date":"2021-01-20T12:53:40","date_gmt":"2021-01-20T11:53:40","guid":{"rendered":"http:\/\/localhost:8888\/?page_id=448"},"modified":"2021-03-31T11:59:00","modified_gmt":"2021-03-31T09:59:00","slug":"mwg","status":"publish","type":"page","link":"https:\/\/designbuero-zabel.de\/?page_id=448","title":{"rendered":"Mehrweg"},"content":{"rendered":"<p><section class=\"fw-main-row  mwg-1\" style=\"background-color:#ffffff;\" >\n\t<div class=\"fw-container\">\n\t\t<div class=\"fw-row\">\n\t<div class=\"fw-col-xs-12\">\n\t<img decoding=\"async\" src=\"\/\/designbuero-zabel.de\/wp-content\/uploads\/2021\/01\/01_titel.png\" alt=\"\/\/designbuero-zabel.de\/wp-content\/uploads\/2021\/01\/01_titel.png\" class=\"\" \/><\/div>\n<\/div>\n\n\t<\/div>\n<\/section>\n<section class=\"fw-main-row  mwg-2\" style=\"background-color:#ffffff;\" >\n\t<div class=\"fw-container\">\n\t\t<div class=\"fw-row\">\n\t<div class=\"fw-col-xs-12 fw-col-sm-6\">\n\t<h1>Eine klassische Gebindeform in wegweisend aktueller Top-Form<\/h1><p>Mineralw\u00e4sser, Limonaden und Biere machen seit Jahrzehnten vor, wie\u2018s gehen kann: gut funktionierende Mehrwegsysteme, die M\u00fcll vermeiden und Ressourcen, Umwelt und Klima schonen. Unser Sonderhandzettel bringt passende Produkte ganz gro\u00df raus \u2013 vor Recyclingpapier-Hintergrund und gespickt mit \u00fcberzeugenden Fakten.<\/p><\/div>\n<div class=\"fw-col-xs-12 fw-col-sm-6\">\n\t<img decoding=\"async\" src=\"\/\/designbuero-zabel.de\/wp-content\/uploads\/2021\/01\/02_logo_mw.png\" alt=\"\/\/designbuero-zabel.de\/wp-content\/uploads\/2021\/01\/02_logo_mw.png\" class=\"mwg-2-img-1\" \/><img decoding=\"async\" src=\"\/\/designbuero-zabel.de\/wp-content\/uploads\/2021\/01\/03_weltkugel.png\" alt=\"\/\/designbuero-zabel.de\/wp-content\/uploads\/2021\/01\/03_weltkugel.png\" class=\"mwg-2-img-2\" \/><\/div>\n<\/div>\n\n<div class=\"fw-row\">\n\t<div class=\"fw-col-xs-12\">\n\t<div class=\"mwg-2-div-1\"><p><div class=\"_df_book df-lite\" id=\"df_461\"  data-title=\"mehrweg\" _slug=\"mehrweg\" wpoptions=\"true\" thumbtype=\"bg\" ><p class=\"df-raw-loading\">Please wait while flipbook is loading. For more related info, FAQs and issues please refer to <a href=\"https:\/\/wordpress.org\/plugins\/3d-flipbook-dflip-lite\/#installation\">DearFlip WordPress Flipbook Plugin Help<\/a> documentation.<\/p><\/div><script class=\"df-shortcode-script\" type=\"application\/javascript\">window.option_df_461 = {\"webgl\":\"false\",\"outline\":[],\"backgroundColor\":\"#ffffff\",\"forceFit\":\"false\",\"autoEnableOutline\":\"false\",\"autoEnableThumbnail\":\"false\",\"overwritePDFOutline\":\"false\",\"enableDownload\":\"false\",\"direction\":\"1\",\"pageSize\":\"0\",\"pageMode\":\"2\",\"singlePageMode\":\"2\",\"controlsPosition\":\"bottom\",\"soundEnable\":\"false\",\"autoPlay\":\"false\",\"source\":\"https:\\\/\\\/designbuero-zabel.de\\\/wp-content\\\/uploads\\\/2021\\\/01\\\/04_shz_kw_34_mehrweg_compressed.pdf\",\"wpOptions\":\"true\"}; if(window.DFLIP && window.DFLIP.parseBooks){window.DFLIP.parseBooks();}<\/script><\/p><\/div><\/div>\n<\/div>\n\n\t<\/div>\n<\/section>\n<section class=\"fw-main-row  mwg-3\" style=\"background-color:#ffffff;\" >\n\t<div class=\"fw-container\">\n\t\t<div class=\"fw-row\">\n\t<div class=\"fw-col-xs-12\">\n\t<img decoding=\"async\" src=\"\/\/designbuero-zabel.de\/wp-content\/uploads\/2021\/03\/05_mehrwegsystem.png\" alt=\"\/\/designbuero-zabel.de\/wp-content\/uploads\/2021\/03\/05_mehrwegsystem.png\" class=\"\" \/><\/div>\n<\/div>\n\n\t<\/div>\n<\/section>\n<section class=\"fw-main-row  mwg-4\" style=\"background-color:#ffffff;\" >\n\t<div class=\"fw-container\">\n\t\t<div class=\"fw-row\">\n\t<div class=\"fw-col-xs-12 fw-col-sm-4\">\n\t<\/div>\n<div class=\"fw-col-xs-12 fw-col-sm-4\">\n\t<\/div>\n<div class=\"fw-col-xs-12 fw-col-sm-4\">\n\t<div class=\"mwg-4-div-1\"><h1>CO<span style=\"font-size: 14px !important; margin-bottom: -5px !important;\">2<\/span>-Emissionen im Vergleich<\/h1><h2>Getr\u00e4nkeverpackungen f\u00fcr Mineralwasser<\/h2><p><span style=\"color: #76af43;\">*<\/span> Transportentfernung: 258 km,<br \/>Mehrwegdurchl\u00e4ufe: 40,<br \/>F\u00fcllgr\u00f6\u00dfe: 0,7 Liter<\/p><h5>Quelle: GDB \u00d6kobilanz 2008\/IFEU<\/h5><\/div><\/div>\n<\/div>\n\n<div class=\"fw-row\">\n\t<div class=\"fw-col-xs-12\">\n\t<img decoding=\"async\" src=\"\/\/designbuero-zabel.de\/wp-content\/uploads\/2021\/01\/06_co2-emission.png\" alt=\"\/\/designbuero-zabel.de\/wp-content\/uploads\/2021\/01\/06_co2-emission.png\" class=\"mwg-4-img-1\" \/><\/div>\n<\/div>\n\n\t<\/div>\n<\/section>\n<section class=\"fw-main-row  mwg-5\" style=\"background-color:#ffffff;background-image:url(http:\/\/www.lp-zfb.byethost7.com\/WP_designbuero-zabel.de\/wp-content\/uploads\/2021\/01\/11_zeitgeist_fond.png);\" >\n\t<div class=\"fw-container\">\n\t\t<div class=\"fw-row\">\n\t<div class=\"fw-col-xs-12 fw-col-sm-4\">\n\t<\/div>\n<div class=\"fw-col-xs-12 fw-col-sm-4\">\n\t<\/div>\n<div class=\"fw-col-xs-12 fw-col-sm-4\">\n\t<div class=\"mwg-5-div-1\"><h3>Wenn der Handel seine Kundschaft ganz, ganz lieb hat ...<\/h3><p>... dann begl\u00fcckt er seine K\u00e4ufer*innen mit unverbl\u00fcmten Wahrheiten zu Themen mit hoher aktueller Relevanz.<\/p><p>Schlau, wenn dabei schon heute bedacht wird, wer morgen Haushaltsvorstand sein wird \u2013 aber auch schon heute Kaufentscheidungen diskursiv beeinflusst:<br \/><strong>Achtung, Eltern h\u00f6ren auf ihre Kinder!<\/strong><\/p><\/div><\/div>\n<\/div>\n\n<div class=\"fw-row\">\n\t<div class=\"fw-col-xs-12\">\n\t<h1>Der Zeitgeist aus der Flasche<\/h1><h2>Aufkl\u00e4rung, aber ohne Bienchen und Bl\u00fcmchen<\/h2><div class=\"mwg-5-div-1-mob\"><h3>Wenn der Handel seine Kundschaft ganz, ganz lieb hat ...<\/h3><p>... dann begl\u00fcckt er seine K\u00e4ufer*innen mit unverbl\u00fcmten Wahrheiten zu Themen mit hoher aktueller Relevanz.<\/p><p>Schlau, wenn dabei schon heute bedacht wird, wer morgen Haushaltsvorstand sein wird \u2013 aber auch schon heute Kaufentscheidungen diskursiv beeinflusst:<br \/><strong>Achtung, Eltern h\u00f6ren auf ihre Kinder!<\/strong><\/p><\/div><img decoding=\"async\" src=\"\/\/designbuero-zabel.de\/wp-content\/uploads\/2021\/01\/07_zeitgeist_01.png\" alt=\"\/\/designbuero-zabel.de\/wp-content\/uploads\/2021\/01\/07_zeitgeist_01.png\" class=\"mwg-5-img-1\" \/><\/div>\n<\/div>\n\n<div class=\"fw-row\">\n\t<div class=\"fw-col-xs-12 fw-col-sm-4\">\n\t<img decoding=\"async\" src=\"\/\/designbuero-zabel.de\/wp-content\/uploads\/2021\/01\/08_zeitgeist_02.png\" alt=\"\/\/designbuero-zabel.de\/wp-content\/uploads\/2021\/01\/08_zeitgeist_02.png\" class=\"mwg-5-img-2\" \/><\/div>\n<div class=\"fw-col-xs-12 fw-col-sm-8\">\n\t<img decoding=\"async\" src=\"\/\/designbuero-zabel.de\/wp-content\/uploads\/2021\/01\/09_zeitgeist_03.png\" alt=\"\/\/designbuero-zabel.de\/wp-content\/uploads\/2021\/01\/09_zeitgeist_03.png\" class=\"\" \/><\/div>\n<\/div>\n\n\t<\/div>\n<\/section>\n<section class=\"fw-main-row  mwg-6\" style=\"background-color:#ffffff;\" >\n\t<div class=\"fw-container\">\n\t\t<div class=\"fw-row\">\n\t<div class=\"fw-col-xs-12\">\n\t<img decoding=\"async\" src=\"\/\/designbuero-zabel.de\/wp-content\/uploads\/2021\/02\/10_zeitgeist_04.png\" alt=\"\/\/designbuero-zabel.de\/wp-content\/uploads\/2021\/02\/10_zeitgeist_04.png\" class=\"mwg-6-img-1\" \/><\/div>\n<\/div>\n\n<div class=\"fw-row\">\n\t<div class=\"fw-col-xs-12\">\n\t<img decoding=\"async\" src=\"\/\/designbuero-zabel.de\/wp-content\/uploads\/2021\/01\/12_vorreiter_01.png\" alt=\"\/\/designbuero-zabel.de\/wp-content\/uploads\/2021\/01\/12_vorreiter_01.png\" class=\"mwg-6-img-2\" \/><\/div>\n<\/div>\n\n\t<\/div>\n<\/section>\n<section class=\"fw-main-row  mwg-7\" style=\"background-color:#ffffff;\" >\n\t<div class=\"fw-container\">\n\t\t<div class=\"fw-row\">\n\t<div class=\"fw-col-xs-12 fw-col-sm-6\">\n\t<div class=\"mwg-7-div-1\"><h3>Den anderen zeigen, wo es lang geht.<\/h3><p>Seit einem halben Jahrhundert wegweisend \u2013 und keine\/r hat\u2018s bemerkt oder inzwischen wieder vergessen. So kann\u2018s nicht weitergehn! Also, das eigene Licht nicht unter den Scheffel stellen, sondern leuchten lassen: erhellend f\u00fcr Generationen.<\/p><\/div><\/div>\n<div class=\"fw-col-xs-12 fw-col-sm-6\">\n\t<\/div>\n<\/div>\n\n\t<\/div>\n<\/section>\n<section class=\"fw-main-row  mwg-8\" style=\"background-color:#ffffff;\" >\n\t<div class=\"fw-container\">\n\t\t<div class=\"fw-row\">\n\t<div class=\"fw-col-xs-12 fw-col-sm-6\">\n\t<img decoding=\"async\" src=\"\/\/designbuero-zabel.de\/wp-content\/uploads\/2021\/01\/13_vorreiter_02.jpg\" alt=\"\/\/designbuero-zabel.de\/wp-content\/uploads\/2021\/01\/13_vorreiter_02.jpg\" class=\"\" \/><\/div>\n<div class=\"fw-col-xs-12 fw-col-sm-6\">\n\t<div class=\"mwg-8-div-1\"><h3>Der RRRichtige Weg<\/h3><p>... reduce, refuse, recycle: Das sind Postulate der Vernunft, weil sie das \u00f6kologisch Gebotene mit dem \u00f6konomisch Vern\u00fcnftigen vereinen.<\/p><p><strong>Auf dieser Grundlage k\u00f6nnen Menschen unterschiedlichster Altersstufen eine Sprache sprechen \u2013 und angesprochen werden.<\/strong><\/p><\/div><img decoding=\"async\" src=\"\/\/designbuero-zabel.de\/wp-content\/uploads\/2021\/01\/14_vorreiter_03.png\" alt=\"\/\/designbuero-zabel.de\/wp-content\/uploads\/2021\/01\/14_vorreiter_03.png\" class=\"mwg-8-img-1\" \/><div class=\"mwg-8-div-2\"><p>Neue Wert, neue Vorlieben, neue Anspr\u00fcche: Das Zurechtweisen und ganz doll Ausschimpfen \u00fcberlassen wir Politikern. Wir kommunizieren auch erfolgreich mit der \u201eGeneration Z\u201c oder wie immer Soziologen oder Marketingkollegen die \u201eJugend von heute\u201c benennen und typisieren m\u00f6gen. Die Jungs und M\u00e4dels sind n\u00e4mlich bei uns zuhause.<\/p><\/div><\/div>\n<\/div>\n\n\t<\/div>\n<\/section>\n<section class=\"fw-main-row  mwg-9\" style=\"background-color:#ffffff;\" >\n\t<div class=\"fw-container\">\n\t\t<div class=\"fw-row\">\n\t<div class=\"fw-col-xs-12 fw-col-sm-6\">\n\t<\/div>\n<div class=\"fw-col-xs-12 fw-col-sm-6\">\n\t<div class=\"mwg-9-div-1\"><h3>Sch\u00f6n und gut:<br \/>unser Charity-Schokikalender!<\/h3><p><strong>Voll gut:<\/strong> auch die J\u00fcngsten an das Thema Leergut heranzuf\u00fchren. Durchdacht, designed und illustriert von A bis Zabel. Das perfekte Give-away zur Spendenzeit<\/p><p><strong>Doppelt gut:<\/strong> sensibilisiert Eltern und Kinder nachhaltig f\u00fcr Recycling \u2013 und zugunsten der Aktion Lichtblicke.<\/p><\/div><\/div>\n<\/div>\n\n<div class=\"fw-row\">\n\t<div class=\"fw-col-xs-12\">\n\t<img decoding=\"async\" src=\"\/\/designbuero-zabel.de\/wp-content\/uploads\/2021\/01\/25_frue_gruppe.png\" alt=\"\/\/designbuero-zabel.de\/wp-content\/uploads\/2021\/01\/25_frue_gruppe.png\" class=\"mwg-9-img-1\" \/><\/div>\n<\/div>\n\n\t<\/div>\n<\/section>\n<section class=\"fw-main-row  mwg-10\" style=\"background-color:#ffffff;\" >\n\t<div class=\"fw-container\">\n\t\t<div class=\"fw-row\">\n\t<div class=\"fw-col-xs-12\">\n\t<div class=\"mwg-10-div-1\"><h1 style=\"color: #00914b;\">Wenn Mehrweg noch zu kurz kommt:<\/h1><h1>Upcycling-Design-Ideen, Goodies mit Zeitgeist!<\/h1><\/div><\/div>\n<\/div>\n\n\t<\/div>\n<\/section>\n<section class=\"fw-main-row  mwg-11\" style=\"background-color:#ffffff;\" >\n\t<div class=\"fw-container\">\n\t\t<div class=\"fw-row\">\n\t<div class=\"fw-col-xs-12 fw-col-sm-3\">\n\t<img decoding=\"async\" src=\"\/\/designbuero-zabel.de\/wp-content\/uploads\/2021\/01\/26_goodies_01.jpg\" alt=\"\/\/designbuero-zabel.de\/wp-content\/uploads\/2021\/01\/26_goodies_01.jpg\" class=\"\" \/><div class=\"mwg-11-div-2\"><h3>Eine Dose f\u00fcr die Rose<\/h3><p>Eindrucksvolle Dekovase. Farbspray auf Wei\u00dfblech.<\/p><\/div><\/div>\n<div class=\"fw-col-xs-12 fw-col-sm-3\">\n\t<img decoding=\"async\" src=\"\/\/designbuero-zabel.de\/wp-content\/uploads\/2021\/01\/27_goodies_02.jpg\" alt=\"\/\/designbuero-zabel.de\/wp-content\/uploads\/2021\/01\/27_goodies_02.jpg\" class=\"\" \/><div class=\"mwg-11-div-2\"><h3>Blitzsaubere Schnapsidee<\/h3><p>Hochprozentiger Seifenspender. Lotionspumpe auf Glas.<\/p><\/div><\/div>\n<div class=\"fw-col-xs-12 fw-col-sm-3\">\n\t<img decoding=\"async\" src=\"\/\/designbuero-zabel.de\/wp-content\/uploads\/2021\/01\/28_goodies_03.jpg\" alt=\"\/\/designbuero-zabel.de\/wp-content\/uploads\/2021\/01\/28_goodies_03.jpg\" class=\"\" \/><div class=\"mwg-11-div-2\"><h3>Ei, der Daus ...<\/h3><p>das schl\u00e4gt dem Fass den Boden aus! Ei im Weinflaschenboden.<\/p><\/div><\/div>\n<div class=\"fw-col-xs-12 fw-col-sm-3\">\n\t<img decoding=\"async\" src=\"\/\/designbuero-zabel.de\/wp-content\/uploads\/2021\/01\/29_goodies_04.jpg\" alt=\"\/\/designbuero-zabel.de\/wp-content\/uploads\/2021\/01\/29_goodies_04.jpg\" class=\"\" \/><div class=\"mwg-11-div-1\"><h3>Glanzlicht Simsalabim<\/h3><p>Gut durchdochte \u00d6llampe.<br \/>Docht auf Duft\u00f6l in Design-Weinflasche.<\/p><\/div><\/div>\n<\/div>\n\n\t<\/div>\n<\/section>\n<section class=\"fw-main-row  mwg-12\" style=\"background-color:#ffffff;\" >\n\t<div class=\"fw-container\">\n\t\t<div class=\"fw-row\">\n\t<div class=\"fw-col-xs-12\">\n\t<img decoding=\"async\" src=\"\/\/designbuero-zabel.de\/wp-content\/uploads\/2021\/01\/31_volle_pulle.jpg\" alt=\"\/\/designbuero-zabel.de\/wp-content\/uploads\/2021\/01\/31_volle_pulle.jpg\" class=\"\" \/><\/div>\n<\/div>\n\n\t<\/div>\n<\/section>\n<\/p>\n","protected":false},"excerpt":{"rendered":"<p>Eine klassische Gebindeform in wegweisend aktueller Top-FormMineralw\u00e4sser, Limonaden und Biere machen seit Jahrzehnten vor, wie\u2018s gehen kann: gut funktionierende Mehrwegsysteme, die M\u00fcll vermeiden und Ressourcen, Umwelt und Klima schonen. Unser Sonderhandzettel bringt passende Produkte ganz gro\u00df raus \u2013 vor Recyclingpapier-Hintergrund und gespickt mit \u00fcberzeugenden Fakten. Please wait while flipbook is loading. For more related info, [&hellip;]<\/p>\n","protected":false},"author":1,"featured_media":0,"parent":0,"menu_order":0,"comment_status":"closed","ping_status":"closed","template":"","meta":{"footnotes":""},"class_list":["post-448","page","type-page","status-publish","hentry"],"_links":{"self":[{"href":"https:\/\/designbuero-zabel.de\/index.php?rest_route=\/wp\/v2\/pages\/448","targetHints":{"allow":["GET"]}}],"collection":[{"href":"https:\/\/designbuero-zabel.de\/index.php?rest_route=\/wp\/v2\/pages"}],"about":[{"href":"https:\/\/designbuero-zabel.de\/index.php?rest_route=\/wp\/v2\/types\/page"}],"author":[{"embeddable":true,"href":"https:\/\/designbuero-zabel.de\/index.php?rest_route=\/wp\/v2\/users\/1"}],"replies":[{"embeddable":true,"href":"https:\/\/designbuero-zabel.de\/index.php?rest_route=%2Fwp%2Fv2%2Fcomments&post=448"}],"version-history":[{"count":74,"href":"https:\/\/designbuero-zabel.de\/index.php?rest_route=\/wp\/v2\/pages\/448\/revisions"}],"predecessor-version":[{"id":2291,"href":"https:\/\/designbuero-zabel.de\/index.php?rest_route=\/wp\/v2\/pages\/448\/revisions\/2291"}],"wp:attachment":[{"href":"https:\/\/designbuero-zabel.de\/index.php?rest_route=%2Fwp%2Fv2%2Fmedia&parent=448"}],"curies":[{"name":"wp","href":"https:\/\/api.w.org\/{rel}","templated":true}]}}