{"id":641,"date":"2021-02-03T10:58:14","date_gmt":"2021-02-03T09:58:14","guid":{"rendered":"http:\/\/localhost:8888\/?page_id=641"},"modified":"2021-03-31T15:47:20","modified_gmt":"2021-03-31T13:47:20","slug":"relaunch","status":"publish","type":"page","link":"https:\/\/designbuero-zabel.de\/?page_id=641","title":{"rendered":"Relaunch 2018"},"content":{"rendered":"<p><section class=\"fw-main-row  rel-1\" style=\"background-color:#ffffff;\" >\n\t<div class=\"fw-container\">\n\t\t<div class=\"fw-row\">\n\t<div class=\"fw-col-xs-12\">\n\t<img decoding=\"async\" src=\"\/\/designbuero-zabel.de\/wp-content\/uploads\/2021\/02\/01_Titel-1.png\" alt=\"\/\/designbuero-zabel.de\/wp-content\/uploads\/2021\/02\/01_Titel-1.png\" class=\"\" \/><\/div>\n<\/div>\n\n\t<\/div>\n<\/section>\n<section class=\"fw-main-row  rel-2\" style=\"background-color:#ffffff;\" >\n\t<div class=\"fw-container\">\n\t\t<div class=\"fw-row\">\n\t<div class=\"fw-col-xs-12 fw-col-sm-8\">\n\t<h1>Das ist mehr als <span style=\"color: #ee6f00;\">recht <span style=\"color: #008d55;\">&amp;<\/span> <span style=\"color: #ee6f00;\">billig<\/span><\/span><\/h1><p>Billig kann jeder Discounter.<br \/>Wer \u201eIhr Getr\u00e4nkefachmarkt\u201c als Claim hat, kann mehr.<\/p><h2><span style=\"color: #ee6f00;\">Das 3-in-1-Versprechen:<\/span><\/h2><p><strong>preisg\u00fcnstig<br \/>+ fachkompetent<br \/>+ kundennah<br \/>= verkaufsstark.<\/strong><\/p><h3>So werden hei\u00dfe Preise zum coolen Image.<\/h3><\/div>\n<div class=\"fw-col-xs-12 fw-col-sm-4\">\n\t<\/div>\n<\/div>\n\n\t<\/div>\n<\/section>\n<section class=\"fw-main-row  rel-3\" style=\"background-color:#dedede;\" >\n\t<div class=\"fw-container\">\n\t\t<div class=\"fw-row\">\n\t<div class=\"fw-col-xs-12\">\n\t<img decoding=\"async\" src=\"\/\/designbuero-zabel.de\/wp-content\/uploads\/2021\/03\/02_Handzettel-1.png\" alt=\"\/\/designbuero-zabel.de\/wp-content\/uploads\/2021\/03\/02_Handzettel-1.png\" class=\"rel-3-img-1\" \/><\/div>\n<\/div>\n\n<div class=\"fw-row\">\n\t<div class=\"fw-col-xs-12 fw-col-sm-6\">\n\t<div class=\"rel-3-div-1 rel-3-div-2\"><h3><span style=\"color: #ee6f00;\">Ausgabe bis 2018:<\/span> Hallo Sonne!<\/h3><p>... ach ja, wie herrlich vertr\u00e4umt doch die Welt sein kann. Ein Idyll im soften Kontrast zum glasharten Produkt.<\/p><p style=\"margin-top: 7px;\"><strong>Motivierender Kaufimpuls: Pustekuchen!<\/strong><\/p><\/div><\/div>\n<div class=\"fw-col-xs-12 fw-col-sm-6\">\n\t<div class=\"rel-3-div-1\"><h3><span style=\"color: #e4001b;\">Relaunch ab Nov. 18:<\/span> Hallo wach!<\/h3><p>K\u00f6nig Kunde ist keine Schlafm\u00fctze und teilweise noch unter 70. Wir nehmen und machen ihn wichtig. Etwas j\u00fcnger und moderner.<br \/><span style=\"color: #e4001b;\"><strong>Und siehe da:<\/strong><\/span> f\u00fcr Produktpr\u00e4sentation mit starker Preisauslobung und Hervorhebungen bleibt Platz genug.<\/p><\/div><\/div>\n<\/div>\n\n\t<\/div>\n<\/section>\n<section class=\"fw-main-row  rel-4\" style=\"background-color:#000000;\" >\n\t<div class=\"fw-container\">\n\t\t<div class=\"fw-row\">\n\t<div class=\"fw-col-xs-12\">\n\t<p><script type=\"text\/javascript\">\r\ndocument.addEventListener(\"DOMContentLoaded\", function(event) { \r\n\tjQuery( '#slider-pro-3-2147' ).sliderPro({\r\n\t\t\/\/width\r\n\t\t\t\twidth: \"100%\",\r\n\t\t\t\t\r\n\t\t\/\/height\r\n\t\t\t\tautoHeight: true,\r\n\t\t\t\t\r\n\t\t\/\/autoplay\r\n\t\t\t\tautoplay:  true,\r\n\t\tautoplayOnHover: 'none',\r\n\t\t\t\t\t\t\t\tautoplayDelay: 5000,\r\n\t\t\r\n\t\t\r\n\t\tarrows: false,\r\n\t\tbuttons: true,\r\n\t\tsmallSize: 500,\r\n\t\tmediumSize: 1000,\r\n\t\tlargeSize: 3000,\r\n\t\tfade: true,\r\n\t\t\r\n\t\t\/\/thumbnail\r\n\t\tthumbnailArrows: true,\r\n\t\tthumbnailWidth: 120,\r\n\t\tthumbnailHeight: 120,\r\n\t\t\t\t\t\tthumbnailsPosition: 'bottom',\r\n\t\t\t\t\t\tcenterImage: true,\r\n\t\timageScaleMode: 'cover',\r\n\t\tallowScaleUp: true,\r\n\t\t\t\tstartSlide: 0,\r\n\t\tloop: true,\r\n\t\tslideDistance: 5,\r\n\t\tautoplayDirection: 'normal',\r\n\t\ttouchSwipe: true,\r\n\t\tfullScreen: false,\r\n\t});\r\n});\r\n<\/script>\r\n<style>\r\n\/* Layout 3 *\/\r\n\/* border *\/\r\n#slider-pro-3-2147 .sp-selected-thumbnail {\r\n\tborder: 4px solid #000000;\r\n}\r\n\r\n\/* font + color *\/\r\n.title-in  {\r\n\tfont-family: Arial !important;\r\n\tcolor: #FFFFFF !important;\r\n\tbackground-color: #000000 !important;\r\n\topacity: 0.7 !important;\r\n}\r\n.desc-in  {\r\n\tfont-family: Arial !important;\r\n\tcolor: #FFFFFF !important;\r\n\tbackground-color: #00000 !important;\r\n\topacity: 0.7 !important;\r\n}\r\n\r\n\/* bullets color *\/\r\n.sp-button  {\r\n\tborder: 2px solid #ffffff !important;\r\n}\r\n.sp-selected-button  {\r\n\tbackground-color: #ffffff !important;\r\n}\r\n\r\n\/* pointer color - bottom *\/\r\n.sp-selected-thumbnail::before {\r\n\tborder-bottom: 5px solid #000000 !important;\r\n}\r\n.sp-selected-thumbnail::after {\r\n\tborder-bottom: 13px solid #000000 !important;\r\n}\r\n\r\n\/* pointer color - top *\/\r\n\r\n\/* full screen icon *\/\r\n.sp-full-screen-button::before {\r\n    color: #FFFFFF !important;\r\n}\r\n\r\n\/* hover navigation icon color *\/\r\n.sp-next-arrow::after, .sp-next-arrow::before {\r\n\tbackground-color: #FFFFFF !important;\r\n}\r\n.sp-previous-arrow::after, .sp-previous-arrow::before {\r\n\tbackground-color: #FFFFFF !important;\r\n}\r\n\r\n#slider-pro-3-2147 .title-in {\r\n\tcolor: #FFFFFF !important;\r\n\tfont-weight: bolder;\r\n\ttext-align: center;\r\n}\r\n\r\n#slider-pro-3-2147 .title-in-bg {\r\n\tbackground: rgba(255, 255, 255, 0.7); !important;\r\n\twhite-space: unset !important;\r\n\tmax-width: 90%;\r\n\tmin-width: 40%;\r\n\ttransform: initial !important;\r\n\t-webkit-transform: initial !important;\r\n\tfont-size: 14px !important;\r\n}\r\n\r\n#slider-pro-3-2147 .desc-in {\r\n\tcolor: #FFFFFF !important;\r\n\ttext-align: center;\r\n}\r\n#slider-pro-3-2147 .desc-in-bg {\r\n\tbackground: rgba(#00000, 0.7) !important;\r\n\twhite-space: unset !important;\r\n\twidth: 80% !important;\r\n\tmin-width: 30%;\r\n\ttransform: initial !important;\r\n\t-webkit-transform: initial !important;\r\n\tfont-size: 13px !important;\r\n}\r\n\r\n@media (max-width: 640px) {\r\n\t#slider-pro-3-2147 .hide-small-screen {\r\n\t\tdisplay: none;\r\n\t}\r\n}\r\n\r\n@media (max-width: 860px) {\r\n\t#slider-pro-3-2147 .sp-layer {\r\n\t\tfont-size: 18px;\r\n\t}\r\n\t\r\n\t#slider-pro-3-2147 .hide-medium-screen {\r\n\t\tdisplay: none;\r\n\t}\r\n}\r\n.slides-not-found {\r\n\tbackground-color: #a92929;\r\n\tborder-radius: 5px;\r\n\tcolor: #fff;\r\n\tfont-family: initial;\r\n\ttext-align: center;\r\n\tpadding:12px;\r\n}\r\n\/* Custom CSS *\/\r\n.sp-button { width: 10px !important; height: 10px !important; border: 1px solid #fff !important; }<\/style>\r\n\t\t<div id=\"slider-pro-3-2147\" class=\"slider-pro\">\r\n\t\t\t<!---- slides div start ---->\r\n\t\t\t<div class=\"sp-slides\">\r\n\t\t\t\t\t\t\t\t\t\t<div class=\"sp-slide\">\r\n\t\t\t\t\t\t\t<img decoding=\"async\" class=\"sp-image\" alt=\"01_Slider_Alt_Neu\" src=\"https:\/\/designbuero-zabel.de\/wp-content\/plugins\/ultimate-responsive-image-slider\/assets\/css\/images\/blank.gif\" data-src=\"https:\/\/designbuero-zabel.de\/wp-content\/uploads\/2021\/03\/01_Slider_Alt_Neu.jpg\" \/>\r\n\r\n\t\t\t\t\t\t\t\r\n\t\t\t\t\t\t\t\t\t\t\t\t\t<\/div>\r\n\t\t\t\t\t\t\t\t\t\t\t\t<div class=\"sp-slide\">\r\n\t\t\t\t\t\t\t<img decoding=\"async\" class=\"sp-image\" alt=\"02_Slider_Alt_Neu\" src=\"https:\/\/designbuero-zabel.de\/wp-content\/plugins\/ultimate-responsive-image-slider\/assets\/css\/images\/blank.gif\" data-src=\"https:\/\/designbuero-zabel.de\/wp-content\/uploads\/2021\/03\/02_Slider_Alt_Neu.jpg\" \/>\r\n\r\n\t\t\t\t\t\t\t\r\n\t\t\t\t\t\t\t\t\t\t\t\t\t<\/div>\r\n\t\t\t\t\t\t\t\t\t\t\t\t<div class=\"sp-slide\">\r\n\t\t\t\t\t\t\t<img decoding=\"async\" class=\"sp-image\" alt=\"03_Slider_Alt_Neu\" src=\"https:\/\/designbuero-zabel.de\/wp-content\/plugins\/ultimate-responsive-image-slider\/assets\/css\/images\/blank.gif\" data-src=\"https:\/\/designbuero-zabel.de\/wp-content\/uploads\/2021\/03\/03_Slider_Alt_Neu.jpg\" \/>\r\n\r\n\t\t\t\t\t\t\t\r\n\t\t\t\t\t\t\t\t\t\t\t\t\t<\/div>\r\n\t\t\t\t\t\t\t\t\t\t\t\t<div class=\"sp-slide\">\r\n\t\t\t\t\t\t\t<img decoding=\"async\" class=\"sp-image\" alt=\"04_Slider_Alt_Neu\" src=\"https:\/\/designbuero-zabel.de\/wp-content\/plugins\/ultimate-responsive-image-slider\/assets\/css\/images\/blank.gif\" data-src=\"https:\/\/designbuero-zabel.de\/wp-content\/uploads\/2021\/03\/04_Slider_Alt_Neu.jpg\" \/>\r\n\r\n\t\t\t\t\t\t\t\r\n\t\t\t\t\t\t\t\t\t\t\t\t\t<\/div>\r\n\t\t\t\t\t\t\t\t\t\t\t\t<div class=\"sp-slide\">\r\n\t\t\t\t\t\t\t<img decoding=\"async\" class=\"sp-image\" alt=\"05_Slider_Alt_Neu\" src=\"https:\/\/designbuero-zabel.de\/wp-content\/plugins\/ultimate-responsive-image-slider\/assets\/css\/images\/blank.gif\" data-src=\"https:\/\/designbuero-zabel.de\/wp-content\/uploads\/2021\/03\/05_Slider_Alt_Neu.jpg\" \/>\r\n\r\n\t\t\t\t\t\t\t\r\n\t\t\t\t\t\t\t\t\t\t\t\t\t<\/div>\r\n\t\t\t\t\t\t\t\t\t<\/div>\r\n\t\t\t\r\n\t\t\t<!---- slides div end ---->\r\n\t\t\t\t\t\t<!-- slides thumbnails div end -->\r\n\t\t<\/div>\r\n<\/p><\/div>\n<\/div>\n\n\t<\/div>\n<\/section>\n<section class=\"fw-main-row  rel-5\" style=\"background-color:#9dbe41;\" >\n\t<div class=\"fw-container\">\n\t\t<div class=\"fw-row\">\n\t<div class=\"fw-col-xs-12 fw-col-sm-6\">\n\t<h2>2017<\/h2><\/div>\n<div class=\"fw-col-xs-12 fw-col-sm-6\">\n\t<h1>2018<\/h1><\/div>\n<\/div>\n\n<div class=\"fw-row\">\n\t<div class=\"fw-col-xs-12\">\n\t<img decoding=\"async\" src=\"\/\/designbuero-zabel.de\/wp-content\/uploads\/2021\/02\/04_Rueckseite-1.png\" alt=\"\/\/designbuero-zabel.de\/wp-content\/uploads\/2021\/02\/04_Rueckseite-1.png\" class=\"rel-5-img-1\" \/><\/div>\n<\/div>\n\n<div class=\"fw-row\">\n\t<div class=\"fw-col-xs-12 fw-col-sm-6\">\n\t<div class=\"rel-5-div-1\"><h3>In Reih und Glied<\/h3><p>Gleichf\u00f6rmig werden die Produktreihen pr\u00e4sentiert:<br \/>packend wie ein Schraubenkatalog.<\/p><\/div><\/div>\n<div class=\"fw-col-xs-12 fw-col-sm-6\">\n\t<div class=\"rel-5-div-1\"><h3>Nur \u00c4kschn bringt Satisfaction!<\/h3><p>Imagestark und passgenau das PET-Upcycling-Sparschwein aus der Flasche. Laut und Lecker die Verkaufsaktion.<\/p><\/div><\/div>\n<\/div>\n\n<div class=\"fw-row\">\n\t<div class=\"fw-col-xs-12\">\n\t<p class=\"rel-5-bg-text\">R\u00dcCKSEITE<\/p><\/div>\n<\/div>\n\n\t<\/div>\n<\/section>\n<section class=\"fw-main-row  rel-6\" style=\"background-color:#ffffff;\" >\n\t<div class=\"fw-container\">\n\t\t<div class=\"fw-row\">\n\t<div class=\"fw-col-xs-12\">\n\t<img decoding=\"async\" src=\"\/\/designbuero-zabel.de\/wp-content\/uploads\/2021\/03\/05_Sonderplatzhirsch.png\" alt=\"\/\/designbuero-zabel.de\/wp-content\/uploads\/2021\/03\/05_Sonderplatzhirsch.png\" class=\"rel-6-img-1\" \/><\/div>\n<\/div>\n\n\t<\/div>\n<\/section>\n<section class=\"fw-main-row  rel-7\" style=\"background-color:#ffffff;\" >\n\t<div class=\"fw-container\">\n\t\t<div class=\"fw-row\">\n\t<div class=\"fw-col-xs-12 fw-col-sm-4\">\n\t<div class=\"rel-7-div-1\"><h1>Ein Markt vom Fach<\/h1><h1 style=\"font-weight: bold;\">macht nicht blo\u00df Krach<\/h1><p>In vino veritas. Hier geh\u00f6ren ein sauberes Image und ein bek\u00f6mmlicher Aktionspreis gleicherma\u00dfen zur Wahrheit.<\/p><p>Und zu einem hochgeistigen Getr\u00e4nk wie Whisky darf ein Fachmarkt auch gern Kompetenz mit ausschenken.<\/p><\/div><\/div>\n<div class=\"fw-col-xs-12 fw-col-sm-8\">\n\t<img decoding=\"async\" src=\"\/\/designbuero-zabel.de\/wp-content\/uploads\/2021\/02\/06_Mehrweg_Wein.png\" alt=\"\/\/designbuero-zabel.de\/wp-content\/uploads\/2021\/02\/06_Mehrweg_Wein.png\" class=\"rel-7-img-1\" \/><\/div>\n<\/div>\n\n<div class=\"fw-row\">\n\t<div class=\"fw-col-xs-12\">\n\t<img decoding=\"async\" src=\"\/\/designbuero-zabel.de\/wp-content\/uploads\/2021\/02\/07_Whisky_Time.png\" alt=\"\/\/designbuero-zabel.de\/wp-content\/uploads\/2021\/02\/07_Whisky_Time.png\" class=\"\" \/><\/div>\n<\/div>\n\n<div class=\"fw-row\">\n\t<div class=\"fw-col-xs-12 fw-col-sm-6\">\n\t<img decoding=\"async\" src=\"\/\/designbuero-zabel.de\/wp-content\/uploads\/2021\/02\/08_Wein-Vergleich.png\" alt=\"\/\/designbuero-zabel.de\/wp-content\/uploads\/2021\/02\/08_Wein-Vergleich.png\" class=\"rel-7-img-2\" \/><\/div>\n<div class=\"fw-col-xs-12 fw-col-sm-6\">\n\t<img decoding=\"async\" src=\"\/\/designbuero-zabel.de\/wp-content\/uploads\/2021\/02\/09_Mischwoche.png\" alt=\"\/\/designbuero-zabel.de\/wp-content\/uploads\/2021\/02\/09_Mischwoche.png\" class=\"rel-7-img-3\" \/><\/div>\n<\/div>\n\n\t<\/div>\n<\/section>\n<section class=\"fw-main-row  rel-8\" style=\"background-color:#ffffff;\" >\n\t<div class=\"fw-container\">\n\t\t<div class=\"fw-row\">\n\t<div class=\"fw-col-xs-12\">\n\t<img decoding=\"async\" src=\"\/\/designbuero-zabel.de\/wp-content\/uploads\/2021\/02\/10_SpaWo_BlaFri.png\" alt=\"\/\/designbuero-zabel.de\/wp-content\/uploads\/2021\/02\/10_SpaWo_BlaFri.png\" class=\"\" \/><\/div>\n<\/div>\n\n\t<\/div>\n<\/section>\n<section class=\"fw-main-row  rel-9\" style=\"background-color:#ffffff;\" >\n\t<div class=\"fw-container\">\n\t\t<div class=\"fw-row\">\n\t<div class=\"fw-col-xs-12\">\n\t<img decoding=\"async\" src=\"\/\/designbuero-zabel.de\/wp-content\/uploads\/2021\/02\/11_Gin_Tonic.png\" alt=\"\/\/designbuero-zabel.de\/wp-content\/uploads\/2021\/02\/11_Gin_Tonic.png\" class=\"rel-8-img-1\" \/><\/div>\n<\/div>\n\n\t<\/div>\n<\/section>\n<section class=\"fw-main-row  rel-10\" style=\"background-color:#ee6f00;\" >\n\t<div class=\"fw-container\">\n\t\t<div class=\"fw-row\">\n\t<div class=\"fw-col-xs-12\">\n\t\n\t<div class=\"fw-divider-space\" style=\"padding-top: 60px;\"><\/div>\n<\/div>\n<\/div>\n\n<div class=\"fw-row\">\n\t<div class=\"fw-col-xs-12 fw-col-sm-6\">\n\t<img decoding=\"async\" src=\"\/\/designbuero-zabel.de\/wp-content\/uploads\/2021\/02\/12_Image_Ding.png\" alt=\"\/\/designbuero-zabel.de\/wp-content\/uploads\/2021\/02\/12_Image_Ding.png\" class=\"rel-10-img-2\" \/><h1>Millennials wollen wissen, was kauf ich da eigentlich?<\/h1><p>Also sagen wir\u2019s ihnen, denn wir sind ein Fachmarkt mit jeder Menge Fachwissen. Das zahlt sich aus!<\/p><h2>Im Wein liegt Wahrheit. Im Wasser Klarheit.<\/h2><p>Ein Genussmittel wie Wein und das Lebensmittel Nr.1 behandeln wir als High-Interest-Products: mit spannenden redaktionellen Produktinfos. Verkaufen kommt dabei nicht zu kurz.<\/p><h2 style=\"color: #ffffff;\">Alles hat seinen Preis \u2013 aber der Preis ist nicht alles!<\/h2><\/div>\n<div class=\"fw-col-xs-12 fw-col-sm-6\">\n\t<img decoding=\"async\" src=\"\/\/designbuero-zabel.de\/wp-content\/uploads\/2021\/02\/12_Amalaya.png\" alt=\"\/\/designbuero-zabel.de\/wp-content\/uploads\/2021\/02\/12_Amalaya.png\" class=\"rel-10-img-3\" \/><\/div>\n<\/div>\n\n<div class=\"fw-row\">\n\t<div class=\"fw-col-xs-12\">\n\t<img decoding=\"async\" src=\"\/\/designbuero-zabel.de\/wp-content\/uploads\/2021\/02\/13_TuS_HZ_KW12_MiWa_V3.png\" alt=\"\/\/designbuero-zabel.de\/wp-content\/uploads\/2021\/02\/13_TuS_HZ_KW12_MiWa_V3.png\" class=\"rel-10-img-1\" \/><\/div>\n<\/div>\n\n\t<\/div>\n<\/section>\n<section class=\"fw-main-row  rel-11\" style=\"background-color:#ffffff;\" >\n\t<div class=\"fw-container\">\n\t\t<div class=\"fw-row\">\n\t<div class=\"fw-col-xs-12\">\n\t\n\t<div class=\"fw-divider-space\" style=\"padding-top: 100px;\"><\/div>\n<\/div>\n<\/div>\n\n<div class=\"fw-row\">\n\t<div class=\"fw-col-xs-12\">\n\t<img decoding=\"async\" src=\"\/\/designbuero-zabel.de\/wp-content\/uploads\/2021\/02\/14_Schnaps_Idee.png\" alt=\"\/\/designbuero-zabel.de\/wp-content\/uploads\/2021\/02\/14_Schnaps_Idee.png\" class=\"rel-11-img-1\" \/><\/div>\n<\/div>\n\n\t<\/div>\n<\/section>\n<section class=\"fw-main-row  rel-12\" style=\"background-color:#ffffff;\" >\n\t<div class=\"fw-container\">\n\t\t<div class=\"fw-row\">\n\t<div class=\"fw-col-xs-12\">\n\t<img decoding=\"async\" src=\"\/\/designbuero-zabel.de\/wp-content\/uploads\/2021\/03\/15_Mensch_im_Mittelpunkt.png\" alt=\"\/\/designbuero-zabel.de\/wp-content\/uploads\/2021\/03\/15_Mensch_im_Mittelpunkt.png\" class=\"rel-12-img-1\" \/><\/div>\n<\/div>\n\n\t<\/div>\n<\/section>\n<section class=\"fw-main-row  rel-13\" style=\"background-color:#ffffff;\" >\n\t<div class=\"fw-container\">\n\t\t<div class=\"fw-row\">\n\t<div class=\"fw-col-xs-12\">\n\t<h1 class=\"rel-13-bg-text\">MILLENNIALS SCHAUEN<br \/>GENAUER HIN!<\/h1><img decoding=\"async\" src=\"\/\/designbuero-zabel.de\/wp-content\/uploads\/2021\/02\/16_Millennials.jpg\" alt=\"\/\/designbuero-zabel.de\/wp-content\/uploads\/2021\/02\/16_Millennials.jpg\" class=\"rel-13-img-1\" \/><\/div>\n<\/div>\n\n\t<\/div>\n<\/section>\n<section class=\"fw-main-row  rel-14\" style=\"background-color:#ffffff;background-image:url(https:\/\/designbuero-zabel.de\/wp-content\/uploads\/2021\/02\/16_Millennials-bg-scaled.jpg);\" >\n\t<div class=\"fw-container\">\n\t\t<div class=\"fw-row\">\n\t<div class=\"fw-col-xs-12 fw-col-sm-8\">\n\t<h1>DIGITAL CONTENT UND SOCIAL MEDIA<\/h1><img decoding=\"async\" src=\"\/\/designbuero-zabel.de\/wp-content\/uploads\/2021\/02\/17_We_like.png\" alt=\"\/\/designbuero-zabel.de\/wp-content\/uploads\/2021\/02\/17_We_like.png\" class=\"rel-14-img-1\" \/><h3 class=\"rel-14-h3-hidden-mobile\">ONLINE HANDZETTEL<\/h3><\/div>\n<div class=\"fw-col-xs-12 fw-col-sm-4\">\n\t<h2>GOOGLE ADS<\/h2><img decoding=\"async\" src=\"\/\/designbuero-zabel.de\/wp-content\/uploads\/2021\/02\/18_Lay_GoogleAd_KW19_1200x1200_2.png\" alt=\"\/\/designbuero-zabel.de\/wp-content\/uploads\/2021\/02\/18_Lay_GoogleAd_KW19_1200x1200_2.png\" class=\"rel-14-img-2\" \/><\/div>\n<\/div>\n\n<div class=\"fw-row\">\n\t<div class=\"fw-col-xs-12 fw-col-sm-6\">\n\t<img decoding=\"async\" src=\"\/\/designbuero-zabel.de\/wp-content\/uploads\/2021\/02\/19_RZ_TuS_Online_Flyer_Food_KW_35.png\" alt=\"\/\/designbuero-zabel.de\/wp-content\/uploads\/2021\/02\/19_RZ_TuS_Online_Flyer_Food_KW_35.png\" class=\"rel-14-img-3\" \/><\/div>\n<div class=\"fw-col-xs-12 fw-col-sm-6\">\n\t<img decoding=\"async\" src=\"\/\/designbuero-zabel.de\/wp-content\/uploads\/2021\/02\/20_Online_HZ_1.png\" alt=\"\/\/designbuero-zabel.de\/wp-content\/uploads\/2021\/02\/20_Online_HZ_1.png\" class=\"rel-14-img-4\" \/><img decoding=\"async\" src=\"\/\/designbuero-zabel.de\/wp-content\/uploads\/2021\/02\/21_Online_HZ_2.png\" alt=\"\/\/designbuero-zabel.de\/wp-content\/uploads\/2021\/02\/21_Online_HZ_2.png\" class=\"rel-14-img-5\" \/><\/div>\n<\/div>\n\n<div class=\"fw-row\">\n\t<div class=\"fw-col-xs-12 fw-col-sm-6\">\n\t<h3 class=\"rel-14-h1-1\">HOMEPAGE-BANNER<\/h3><img decoding=\"async\" src=\"\/\/designbuero-zabel.de\/wp-content\/uploads\/2021\/02\/22_RZ_HP-Banner_Oktoberfest_2020.png\" alt=\"\/\/designbuero-zabel.de\/wp-content\/uploads\/2021\/02\/22_RZ_HP-Banner_Oktoberfest_2020.png\" class=\"rel-14-img-6\" \/><img decoding=\"async\" src=\"\/\/designbuero-zabel.de\/wp-content\/uploads\/2021\/02\/24_RZ_TUS_HP_Banner_Wasser.png\" alt=\"\/\/designbuero-zabel.de\/wp-content\/uploads\/2021\/02\/24_RZ_TUS_HP_Banner_Wasser.png\" class=\"rel-14-img-8\" \/><h3 class=\"rel-14-h1-1\">FACEBOOK-POSTINGS<\/h3><\/div>\n<div class=\"fw-col-xs-12 fw-col-sm-6\">\n\t<img decoding=\"async\" src=\"\/\/designbuero-zabel.de\/wp-content\/uploads\/2021\/02\/23_RZ_TuS_Banner_HP_Maibockzeit_1920x400.png\" alt=\"\/\/designbuero-zabel.de\/wp-content\/uploads\/2021\/02\/23_RZ_TuS_Banner_HP_Maibockzeit_1920x400.png\" class=\"rel-14-img-7\" \/><img decoding=\"async\" src=\"\/\/designbuero-zabel.de\/wp-content\/uploads\/2021\/02\/25_RZ_HP-Banner_Mehrweg.png\" alt=\"\/\/designbuero-zabel.de\/wp-content\/uploads\/2021\/02\/25_RZ_HP-Banner_Mehrweg.png\" class=\"rel-14-img-9\" \/><\/div>\n<\/div>\n\n<div class=\"fw-row\">\n\t<div class=\"fw-col-xs-12 fw-col-sm-3\">\n\t<img decoding=\"async\" src=\"\/\/designbuero-zabel.de\/wp-content\/uploads\/2021\/03\/26_RZ_FB_Post_KW_40_RedB.png\" alt=\"\/\/designbuero-zabel.de\/wp-content\/uploads\/2021\/03\/26_RZ_FB_Post_KW_40_RedB.png\" class=\"rel-14-img-10\" \/><img decoding=\"async\" src=\"\/\/designbuero-zabel.de\/wp-content\/uploads\/2021\/02\/30_FB_Post_Glasflaschenrueckgabe.png\" alt=\"\/\/designbuero-zabel.de\/wp-content\/uploads\/2021\/02\/30_FB_Post_Glasflaschenrueckgabe.png\" class=\"rel-14-img-11\" \/><\/div>\n<div class=\"fw-col-xs-12 fw-col-sm-3\">\n\t<img decoding=\"async\" src=\"\/\/designbuero-zabel.de\/wp-content\/uploads\/2021\/02\/27_RZ_FB_Post_KW_50_Knabberein.png\" alt=\"\/\/designbuero-zabel.de\/wp-content\/uploads\/2021\/02\/27_RZ_FB_Post_KW_50_Knabberein.png\" class=\"rel-14-img-10\" \/><img decoding=\"async\" src=\"\/\/designbuero-zabel.de\/wp-content\/uploads\/2021\/02\/31_RZ_FB_GuT_Biershampoo.png\" alt=\"\/\/designbuero-zabel.de\/wp-content\/uploads\/2021\/02\/31_RZ_FB_GuT_Biershampoo.png\" class=\"rel-14-img-11\" \/><\/div>\n<div class=\"fw-col-xs-12 fw-col-sm-3\">\n\t<img decoding=\"async\" src=\"\/\/designbuero-zabel.de\/wp-content\/uploads\/2021\/02\/28_RZ_FB_Post_KW31_Kraken.png\" alt=\"\/\/designbuero-zabel.de\/wp-content\/uploads\/2021\/02\/28_RZ_FB_Post_KW31_Kraken.png\" class=\"rel-14-img-10\" \/><img decoding=\"async\" src=\"\/\/designbuero-zabel.de\/wp-content\/uploads\/2021\/02\/32_RZ_FB_Post_KW_37_Mehrweg_4.png\" alt=\"\/\/designbuero-zabel.de\/wp-content\/uploads\/2021\/02\/32_RZ_FB_Post_KW_37_Mehrweg_4.png\" class=\"rel-14-img-11\" \/><\/div>\n<div class=\"fw-col-xs-12 fw-col-sm-3\">\n\t<img decoding=\"async\" src=\"\/\/designbuero-zabel.de\/wp-content\/uploads\/2021\/02\/29_RZ_FB_Post_KW32_Monster.png\" alt=\"\/\/designbuero-zabel.de\/wp-content\/uploads\/2021\/02\/29_RZ_FB_Post_KW32_Monster.png\" class=\"rel-14-img-10\" \/><img decoding=\"async\" src=\"\/\/designbuero-zabel.de\/wp-content\/uploads\/2021\/02\/33_RZ_FB_Post_KW_30_Sprizz.png\" alt=\"\/\/designbuero-zabel.de\/wp-content\/uploads\/2021\/02\/33_RZ_FB_Post_KW_30_Sprizz.png\" class=\"rel-14-img-11\" \/><\/div>\n<\/div>\n\n<div class=\"fw-row\">\n\t<div class=\"fw-col-xs-12\">\n\t<h3 class=\"rel-14-h1-1\">MARKTJAGD-ANZEIGEN<\/h3><\/div>\n<\/div>\n\n<div class=\"fw-row\">\n\t<div class=\"fw-col-xs-12 fw-col-sm-15\">\n\t<img decoding=\"async\" src=\"\/\/designbuero-zabel.de\/wp-content\/uploads\/2021\/02\/34_Marktjagd_1.png\" alt=\"\/\/designbuero-zabel.de\/wp-content\/uploads\/2021\/02\/34_Marktjagd_1.png\" class=\"rel-14-img-12\" \/><\/div>\n<div class=\"fw-col-xs-12 fw-col-sm-15\">\n\t<img decoding=\"async\" src=\"\/\/designbuero-zabel.de\/wp-content\/uploads\/2021\/02\/35_Marktjagd_2.png\" alt=\"\/\/designbuero-zabel.de\/wp-content\/uploads\/2021\/02\/35_Marktjagd_2.png\" class=\"rel-14-img-12\" \/><\/div>\n<div class=\"fw-col-xs-12 fw-col-sm-15\">\n\t<img decoding=\"async\" src=\"\/\/designbuero-zabel.de\/wp-content\/uploads\/2021\/02\/36_Marktjagd_3.png\" alt=\"\/\/designbuero-zabel.de\/wp-content\/uploads\/2021\/02\/36_Marktjagd_3.png\" class=\"rel-14-img-12\" \/><\/div>\n<div class=\"fw-col-xs-12 fw-col-sm-15\">\n\t<img decoding=\"async\" src=\"\/\/designbuero-zabel.de\/wp-content\/uploads\/2021\/02\/37_Marktjagd_4.png\" alt=\"\/\/designbuero-zabel.de\/wp-content\/uploads\/2021\/02\/37_Marktjagd_4.png\" class=\"rel-14-img-12\" \/><\/div>\n<div class=\"fw-col-xs-12 fw-col-sm-15\">\n\t<img decoding=\"async\" src=\"\/\/designbuero-zabel.de\/wp-content\/uploads\/2021\/02\/38_Marktjagd_5.png\" alt=\"\/\/designbuero-zabel.de\/wp-content\/uploads\/2021\/02\/38_Marktjagd_5.png\" class=\"rel-14-img-12\" \/><\/div>\n<\/div>\n\n\t<\/div>\n<\/section>\n<\/p>\n","protected":false},"excerpt":{"rendered":"","protected":false},"author":1,"featured_media":0,"parent":0,"menu_order":0,"comment_status":"closed","ping_status":"closed","template":"","meta":{"footnotes":""},"class_list":["post-641","page","type-page","status-publish","hentry"],"_links":{"self":[{"href":"https:\/\/designbuero-zabel.de\/index.php?rest_route=\/wp\/v2\/pages\/641","targetHints":{"allow":["GET"]}}],"collection":[{"href":"https:\/\/designbuero-zabel.de\/index.php?rest_route=\/wp\/v2\/pages"}],"about":[{"href":"https:\/\/designbuero-zabel.de\/index.php?rest_route=\/wp\/v2\/types\/page"}],"author":[{"embeddable":true,"href":"https:\/\/designbuero-zabel.de\/index.php?rest_route=\/wp\/v2\/users\/1"}],"replies":[{"embeddable":true,"href":"https:\/\/designbuero-zabel.de\/index.php?rest_route=%2Fwp%2Fv2%2Fcomments&post=641"}],"version-history":[{"count":103,"href":"https:\/\/designbuero-zabel.de\/index.php?rest_route=\/wp\/v2\/pages\/641\/revisions"}],"predecessor-version":[{"id":2334,"href":"https:\/\/designbuero-zabel.de\/index.php?rest_route=\/wp\/v2\/pages\/641\/revisions\/2334"}],"wp:attachment":[{"href":"https:\/\/designbuero-zabel.de\/index.php?rest_route=%2Fwp%2Fv2%2Fmedia&parent=641"}],"curies":[{"name":"wp","href":"https:\/\/api.w.org\/{rel}","templated":true}]}}