{"id":808,"date":"2021-02-08T10:23:22","date_gmt":"2021-02-08T09:23:22","guid":{"rendered":"http:\/\/localhost:8888\/?page_id=808"},"modified":"2021-03-31T11:50:08","modified_gmt":"2021-03-31T09:50:08","slug":"corb","status":"publish","type":"page","link":"https:\/\/designbuero-zabel.de\/?page_id=808","title":{"rendered":"Heimatbier Corona"},"content":{"rendered":"<p><section class=\"fw-main-row  corb-1\" style=\"background-color:#ffffff;\" >\n\t<div class=\"fw-container\">\n\t\t<div class=\"fw-row\">\n\t<div class=\"fw-col-xs-12\">\n\t<img decoding=\"async\" src=\"\/\/designbuero-zabel.de\/wp-content\/uploads\/2021\/03\/01_Titel-3-1.jpg\" alt=\"\/\/designbuero-zabel.de\/wp-content\/uploads\/2021\/03\/01_Titel-3-1.jpg\" class=\"corb-1-img-1\" \/><img decoding=\"async\" src=\"\/\/designbuero-zabel.de\/wp-content\/uploads\/2021\/03\/01_Titel-3-unter.jpg\" alt=\"\/\/designbuero-zabel.de\/wp-content\/uploads\/2021\/03\/01_Titel-3-unter.jpg\" class=\"corb-1-unterimg-1\" \/><\/div>\n<\/div>\n\n<div class=\"fw-row\">\n\t<div class=\"fw-col-xs-12\">\n\t<div class=\"corb-1-div-1\"><h2>Ziehen, dr\u00fccken: Flasch\u2018bier schm\u00fccken<\/h2><p>Wenn Corona die Gastronomie trocken legt, m\u00fcssen die Freunde der gepflegten Gerstenkaltschale in die Puschen kommen und ihr Pilsken zuhaus auf der Couch schl\u00fcrfen.<\/p><p><strong>Um was zu bewegen, hilft ziehen und dr\u00fccken:<\/strong><br \/>Im Push-Pull-Mix machen wir dem Kunden, neue, kleine feine Spezialit\u00e4ten schmackhaft und dr\u00fccken (dank M\u00e4rchensteuer) den Preis.<\/p><p>Zugleich bedienen wir den anziehenden Regio-Trend. Das passt perfekt zu den Local Heroes der Braubranche.<\/p><\/div><\/div>\n<\/div>\n\n\t<\/div>\n<\/section>\n<section class=\"fw-main-row  corb-2\" style=\"background-color:#ffffff;\" >\n\t<div class=\"fw-container\">\n\t\t<div class=\"fw-row\">\n\t<div class=\"fw-col-xs-12 fw-col-sm-4\">\n\t<img decoding=\"async\" src=\"\/\/designbuero-zabel.de\/wp-content\/uploads\/2021\/02\/02_Mission_Heimatbier.png\" alt=\"\/\/designbuero-zabel.de\/wp-content\/uploads\/2021\/02\/02_Mission_Heimatbier.png\" class=\"corb-2-img-1\" \/><\/div>\n<div class=\"fw-col-xs-12 fw-col-sm-8\">\n\t<img decoding=\"async\" src=\"\/\/designbuero-zabel.de\/wp-content\/uploads\/2021\/02\/03_Pusher_Puller.png\" alt=\"\/\/designbuero-zabel.de\/wp-content\/uploads\/2021\/02\/03_Pusher_Puller.png\" class=\"corb-2-img-2\" \/><\/div>\n<\/div>\n\n\t<\/div>\n<\/section>\n<section class=\"fw-main-row  corb-3\" style=\"background-color:#cccccc;\" >\n\t<div class=\"fw-container\">\n\t\t<div class=\"fw-row\">\n\t<div class=\"fw-col-xs-12 fw-col-sm-4\">\n\t<h2>\u201ebis dat, qui quito dat\u201c ...<\/h2><p>... hei\u00dft es im Volksmund so treffend, und dat stimmt genau: Doppelt gibt, wer schnell gibt. Also haben wir mal wieder alles gegeben und binnen 3 Tagen das Konzept \u201eMission Heimat Bier\u201c erarbeitet. Unser Blitz-Vakzin gegen die katastrophalen Umsatzeinbu\u00dfen von kleinen Privatbrauereien mit ehedem starkem Gastrovertrieb.<\/p><\/div>\n<div class=\"fw-col-xs-12 fw-col-sm-8\">\n\t<h1>HEIMATHILFE,<br \/>ABER HOPP, HOPP!<\/h1><\/div>\n<\/div>\n\n<div class=\"fw-row\">\n\t<div class=\"fw-col-xs-12\">\n\t<img decoding=\"async\" src=\"\/\/designbuero-zabel.de\/wp-content\/uploads\/2021\/02\/04_MHB_Banner-1.png\" alt=\"\/\/designbuero-zabel.de\/wp-content\/uploads\/2021\/02\/04_MHB_Banner-1.png\" class=\"corb-3-img-1\" \/><\/div>\n<\/div>\n\n\t<\/div>\n<\/section>\n<section class=\"fw-main-row  corb-4\" style=\"background-image:url(https:\/\/designbuero-zabel.de\/wp-content\/uploads\/2021\/02\/05_Background_NRW_Map-scaled.jpg);\" >\n\t<div class=\"fw-container\">\n\t\t<div class=\"fw-row\">\n\t<div class=\"fw-col-xs-12\">\n\t<h1>Prosit! Lateinisch f\u00fcr \u201eEs m\u00f6ge n\u00fctzen!\u201c<\/h1><h2>... und Mission Heimat-Bier hat sich SEHR n\u00fctzlich gemacht:<\/h2><p>Regionale Brauereien k\u00f6nnen einen Teil der Gastro-Umsatzausf\u00e4lle kompensieren.<\/p><img decoding=\"async\" src=\"\/\/designbuero-zabel.de\/wp-content\/uploads\/2021\/02\/06_Anzeige_MHB.png\" alt=\"\/\/designbuero-zabel.de\/wp-content\/uploads\/2021\/02\/06_Anzeige_MHB.png\" class=\"corb-4-img-1\" \/><\/div>\n<\/div>\n\n\t<\/div>\n<\/section>\n<section class=\"fw-main-row  corb-5\" style=\"background-color:#ffffff;\" >\n\t<div class=\"fw-container\">\n\t\t<div class=\"fw-row\">\n\t<div class=\"fw-col-xs-12\">\n\t<img decoding=\"async\" src=\"\/\/designbuero-zabel.de\/wp-content\/uploads\/2021\/02\/07_Plakat_Handy.png\" alt=\"\/\/designbuero-zabel.de\/wp-content\/uploads\/2021\/02\/07_Plakat_Handy.png\" class=\"corb-5-img-1\" \/><\/div>\n<\/div>\n\n\t<\/div>\n<\/section>\n<section class=\"fw-main-row  corb-6\" style=\"background-color:#ffffff;\" >\n\t<div class=\"fw-container\">\n\t\t<div class=\"fw-row\">\n\t<div class=\"fw-col-xs-12\">\n\t<img decoding=\"async\" src=\"\/\/designbuero-zabel.de\/wp-content\/uploads\/2021\/02\/08_Megaphon-1.jpg\" alt=\"\/\/designbuero-zabel.de\/wp-content\/uploads\/2021\/02\/08_Megaphon-1.jpg\" class=\"\" \/><div class=\"corb-6-div-1\"><h2>Pullen: medial vorverkaufen \u2013 m\u00f6glichst auf allen Kan\u00e4len<\/h2><p>Von Print bis Social Media: Heimat-Bier zieht!<br \/>Die Kunden wollen regionale Produkte. Wir geben ihnen die N\u00e4he, die sie sich w\u00fcnschen.<\/p><\/div><\/div>\n<\/div>\n\n\t<\/div>\n<\/section>\n<section class=\"fw-main-row  corb-7\" style=\"background-color:#ffffff;\" >\n\t<div class=\"fw-container\">\n\t\t<div class=\"fw-row\">\n\t<div class=\"fw-col-xs-12\">\n\t<img decoding=\"async\" src=\"\/\/designbuero-zabel.de\/wp-content\/uploads\/2021\/02\/10_Corona.jpg\" alt=\"\/\/designbuero-zabel.de\/wp-content\/uploads\/2021\/02\/10_Corona.jpg\" class=\"corb-7-img-1\" \/><div class=\"corb-7-div-1\"><h1>SAGEN,<br \/>WAS<br \/>SACHE<br \/>IST<\/h1><h2>Schnell, einfach, klipp + klar<\/h2><p>Verhaltensregeln w\u00e4hrend der Pandemie m\u00fcssen rasch und gut verst\u00e4ndlich kommuniziert werden. Gut, wenn die Agentur dann auch fix ist.<\/p><\/div><\/div>\n<\/div>\n\n\t<\/div>\n<\/section>\n<section class=\"fw-main-row  corb-8\" style=\"background-color:#ffffff;\" >\n\t<div class=\"fw-container\">\n\t\t<div class=\"fw-row\">\n\t<div class=\"fw-col-xs-12\">\n\t<img decoding=\"async\" src=\"\/\/designbuero-zabel.de\/wp-content\/uploads\/2021\/02\/11_icons.png\" alt=\"\/\/designbuero-zabel.de\/wp-content\/uploads\/2021\/02\/11_icons.png\" class=\"corb-8-img-1\" \/><\/div>\n<\/div>\n\n\t<\/div>\n<\/section>\n<section class=\"fw-main-row  corb-9\" style=\"background-color:#cccccc;\" >\n\t<div class=\"fw-container\">\n\t\t<div class=\"fw-row\">\n\t<div class=\"fw-col-xs-12 fw-col-sm-4\">\n\t<img decoding=\"async\" src=\"\/\/designbuero-zabel.de\/wp-content\/uploads\/2021\/02\/12_FB-Post_1-1.png\" alt=\"\/\/designbuero-zabel.de\/wp-content\/uploads\/2021\/02\/12_FB-Post_1-1.png\" class=\"corb-9-img-1\" \/><h2>Keine Pflicht ohne K\u00fcr<\/h2><p>Auch wichtig: Kunden und Mitarbeitern Respekt und Anerkennung zeigen. Denn schon der olle Cicero wusste: \u201eKeine Schuld ist dringender als die, Danke zu sagen.\u201c<\/p><\/div>\n<div class=\"fw-col-xs-12 fw-col-sm-4\">\n\t<img decoding=\"async\" src=\"\/\/designbuero-zabel.de\/wp-content\/uploads\/2021\/02\/13_FB-Post_2-1.png\" alt=\"\/\/designbuero-zabel.de\/wp-content\/uploads\/2021\/02\/13_FB-Post_2-1.png\" class=\"corb-9-img-1\" \/><\/div>\n<div class=\"fw-col-xs-12 fw-col-sm-4\">\n\t<img decoding=\"async\" src=\"\/\/designbuero-zabel.de\/wp-content\/uploads\/2021\/02\/14_FB-Post_3-1.png\" alt=\"\/\/designbuero-zabel.de\/wp-content\/uploads\/2021\/02\/14_FB-Post_3-1.png\" class=\"corb-9-img-1\" \/><\/div>\n<\/div>\n\n\t<\/div>\n<\/section>\n<section class=\"fw-main-row  corb-10\" style=\"background-color:#ffffff;\" >\n\t<div class=\"fw-container\">\n\t\t<div class=\"fw-row\">\n\t<div class=\"fw-col-xs-12 fw-col-sm-6\">\n\t<h1>PUSHEN DURCH PREISDRUCK MACHEN<\/h1><h2>Der Staat wird nachl\u00e4ssig: 16 statt 19<\/h2><p>Klar wie Maische, wenn Vater Staat solche Vorlagen gibt, muss man sie nur noch reinmachen.<br \/>Und fertig ist der Sparpreis mit WUMMS!<\/p><img decoding=\"async\" src=\"\/\/designbuero-zabel.de\/wp-content\/uploads\/2021\/02\/15_MwSt_1-1.png\" alt=\"\/\/designbuero-zabel.de\/wp-content\/uploads\/2021\/02\/15_MwSt_1-1.png\" class=\"corb-10-img-2\" \/><img decoding=\"async\" src=\"\/\/designbuero-zabel.de\/wp-content\/uploads\/2021\/02\/16_MwSt_2-1.png\" alt=\"\/\/designbuero-zabel.de\/wp-content\/uploads\/2021\/02\/16_MwSt_2-1.png\" class=\"corb-10-img-3\" \/><\/div>\n<div class=\"fw-col-xs-12 fw-col-sm-6\">\n\t<img decoding=\"async\" src=\"\/\/designbuero-zabel.de\/wp-content\/uploads\/2021\/02\/17_MwSt_3-1.png\" alt=\"\/\/designbuero-zabel.de\/wp-content\/uploads\/2021\/02\/17_MwSt_3-1.png\" class=\"corb-10-img-1\" \/><img decoding=\"async\" src=\"\/\/designbuero-zabel.de\/wp-content\/uploads\/2021\/02\/18_MwSt_4-1.png\" alt=\"\/\/designbuero-zabel.de\/wp-content\/uploads\/2021\/02\/18_MwSt_4-1.png\" class=\"\" \/><\/div>\n<\/div>\n\n<div class=\"fw-row\">\n\t<div class=\"fw-col-xs-12\">\n\t\n\t<div class=\"fw-divider-space\" style=\"padding-top: 50px;\"><\/div>\n<\/div>\n<\/div>\n\n\t<\/div>\n<\/section>\n<\/p>\n","protected":false},"excerpt":{"rendered":"<p>Ziehen, dr\u00fccken: Flasch\u2018bier schm\u00fcckenWenn Corona die Gastronomie trocken legt, m\u00fcssen die Freunde der gepflegten Gerstenkaltschale in die Puschen kommen und ihr Pilsken zuhaus auf der Couch schl\u00fcrfen.Um was zu bewegen, hilft ziehen und dr\u00fccken:Im Push-Pull-Mix machen wir dem Kunden, neue, kleine feine Spezialit\u00e4ten schmackhaft und dr\u00fccken (dank M\u00e4rchensteuer) den Preis.Zugleich bedienen wir den anziehenden Regio-Trend. [&hellip;]<\/p>\n","protected":false},"author":1,"featured_media":0,"parent":0,"menu_order":0,"comment_status":"closed","ping_status":"closed","template":"","meta":{"footnotes":""},"class_list":["post-808","page","type-page","status-publish","hentry"],"_links":{"self":[{"href":"https:\/\/designbuero-zabel.de\/index.php?rest_route=\/wp\/v2\/pages\/808","targetHints":{"allow":["GET"]}}],"collection":[{"href":"https:\/\/designbuero-zabel.de\/index.php?rest_route=\/wp\/v2\/pages"}],"about":[{"href":"https:\/\/designbuero-zabel.de\/index.php?rest_route=\/wp\/v2\/types\/page"}],"author":[{"embeddable":true,"href":"https:\/\/designbuero-zabel.de\/index.php?rest_route=\/wp\/v2\/users\/1"}],"replies":[{"embeddable":true,"href":"https:\/\/designbuero-zabel.de\/index.php?rest_route=%2Fwp%2Fv2%2Fcomments&post=808"}],"version-history":[{"count":59,"href":"https:\/\/designbuero-zabel.de\/index.php?rest_route=\/wp\/v2\/pages\/808\/revisions"}],"predecessor-version":[{"id":2287,"href":"https:\/\/designbuero-zabel.de\/index.php?rest_route=\/wp\/v2\/pages\/808\/revisions\/2287"}],"wp:attachment":[{"href":"https:\/\/designbuero-zabel.de\/index.php?rest_route=%2Fwp%2Fv2%2Fmedia&parent=808"}],"curies":[{"name":"wp","href":"https:\/\/api.w.org\/{rel}","templated":true}]}}