{"id":936,"date":"2021-02-15T08:12:27","date_gmt":"2021-02-15T07:12:27","guid":{"rendered":"http:\/\/localhost:8888\/?page_id=936"},"modified":"2021-03-31T12:40:19","modified_gmt":"2021-03-31T10:40:19","slug":"eanz","status":"publish","type":"page","link":"https:\/\/designbuero-zabel.de\/?page_id=936","title":{"rendered":"You get what you give"},"content":{"rendered":"<p><section class=\"fw-main-row  eanz-1\" style=\"background-color:#ffffff;\" >\n\t<div class=\"fw-container\">\n\t\t<div class=\"fw-row\">\n\t<div class=\"fw-col-xs-12\">\n\t<img decoding=\"async\" src=\"\/\/designbuero-zabel.de\/wp-content\/uploads\/2021\/03\/01_titel-2.jpg\" alt=\"\/\/designbuero-zabel.de\/wp-content\/uploads\/2021\/03\/01_titel-2.jpg\" class=\"\" \/><\/div>\n<\/div>\n\n\t<\/div>\n<\/section>\n<section class=\"fw-main-row  eanz-2\" style=\"background-color:#ffffff;\" >\n\t<div class=\"fw-container\">\n\t\t<div class=\"fw-row\">\n\t<div class=\"fw-col-xs-12 fw-col-sm-6\">\n\t<div class=\"eanz-2-div-1\"><h2>Wer seine Kunden liebt, der gibt ...<\/h2><p>... ihnen das entscheidende bisschen mehr: neben einem guten Produkt zu einem guten Preise eine gute Geschichte. Das neudeutsche Zauberwort \u201eStorytelling\u201c meint ein Angebot, das der Kunde nicht ablehnen kann. Denn es spricht seine Gef\u00fchle an und erlaubt es ihm, eigene Erinnerungen und Projektionen anzukn\u00fcpfen.<\/p><p>Tipps und Tricks zum Selbermachen tun dies auf einfache und wirkungsvolle Weise. Zumal wenn sie sich auf die sch\u00f6nen Dinge des Lebens beziehen: feiern, schenken, genie\u00dfen ... wie z. B. unsere Wiesn-Deko nach dem Motto: <strong>Erst trinken dann aufbrezeln.<\/strong><\/p><\/div><\/div>\n<div class=\"fw-col-xs-12 fw-col-sm-6\">\n\t<img decoding=\"async\" src=\"\/\/designbuero-zabel.de\/wp-content\/uploads\/2021\/03\/02_strauss_bier.png\" alt=\"\/\/designbuero-zabel.de\/wp-content\/uploads\/2021\/03\/02_strauss_bier.png\" class=\"eanz-2-img-1\" \/><\/div>\n<\/div>\n\n<div class=\"fw-row\">\n\t<div class=\"fw-col-xs-12 fw-col-sm-8\">\n\t<img decoding=\"async\" src=\"\/\/designbuero-zabel.de\/wp-content\/uploads\/2021\/02\/03_hz_hand-min.png\" alt=\"\/\/designbuero-zabel.de\/wp-content\/uploads\/2021\/02\/03_hz_hand-min.png\" class=\"eanz-2-img-2\" \/><img decoding=\"async\" src=\"\/\/designbuero-zabel.de\/wp-content\/uploads\/2021\/02\/05-09_ergebnisse.png\" alt=\"\/\/designbuero-zabel.de\/wp-content\/uploads\/2021\/02\/05-09_ergebnisse.png\" class=\"eanz-2-img-4\" \/><\/div>\n<div class=\"fw-col-xs-12 fw-col-sm-4\">\n\t<img decoding=\"async\" src=\"\/\/designbuero-zabel.de\/wp-content\/uploads\/2021\/02\/04_e-anz_wiesn-min.png\" alt=\"\/\/designbuero-zabel.de\/wp-content\/uploads\/2021\/02\/04_e-anz_wiesn-min.png\" class=\"eanz-2-img-3\" \/><\/div>\n<\/div>\n\n<div class=\"fw-row\">\n\t<div class=\"fw-col-xs-12 fw-col-sm-6\">\n\t<div class=\"eanz-2-div-2\"><h1>Sch\u00f6n, kreativ, lecker, schlau<\/h1><h3>Alles, was Freu(n)de macht!<\/h3><p>Shampoo aus Bier, bezaubernde Deko-Ideen, knackige Gem\u00fcse-Chips, coole Melonenkugeln, der clevere Gartenk\u00fchlschrank aus Tont\u00f6pfen, tierisch witzige Flaschenverschl\u00fcsse u.v.a.<\/p><p><strong>So macht man sich beliebt und schafft sich treue \u201eFollower\u201c ...<\/strong><\/p><\/div><\/div>\n<div class=\"fw-col-xs-12 fw-col-sm-6\">\n\t<img decoding=\"async\" src=\"\/\/designbuero-zabel.de\/wp-content\/uploads\/2021\/02\/10_ergebisse_06-min-scaled.jpg\" alt=\"\/\/designbuero-zabel.de\/wp-content\/uploads\/2021\/02\/10_ergebisse_06-min-scaled.jpg\" class=\"eanz-2-img-5\" \/><\/div>\n<\/div>\n\n\t<\/div>\n<\/section>\n<section class=\"fw-main-row  eanz-3\" style=\"background-color:#ffffff;\" >\n\t<div class=\"fw-container\">\n\t\t<div class=\"fw-row\">\n\t<div class=\"fw-col-xs-12\">\n\t<img decoding=\"async\" src=\"\/\/designbuero-zabel.de\/wp-content\/uploads\/2021\/02\/11_korkentiere-min-scaled.jpg\" alt=\"\/\/designbuero-zabel.de\/wp-content\/uploads\/2021\/02\/11_korkentiere-min-scaled.jpg\" class=\"eanz-3-img-1\" \/><\/div>\n<\/div>\n\n\t<\/div>\n<\/section>\n<section class=\"fw-main-row  eanz-4\" style=\"background-color:#ffffff;background-image:url(https:\/\/designbuero-zabel.de\/wp-content\/uploads\/2021\/02\/20_posts_hintergrund-min-scaled.jpg);\" >\n\t<div class=\"fw-container\">\n\t\t<div class=\"fw-row\">\n\t<div class=\"fw-col-xs-12 fw-col-sm-8\">\n\t<img decoding=\"async\" src=\"\/\/designbuero-zabel.de\/wp-content\/uploads\/2021\/02\/12_crossmedial-min.png\" alt=\"\/\/designbuero-zabel.de\/wp-content\/uploads\/2021\/02\/12_crossmedial-min.png\" class=\"eanz-4-img-1\" \/><\/div>\n<div class=\"fw-col-xs-12 fw-col-sm-4\">\n\t<h1>Must-haves \u2013 und schon macht\u2019s Klick!<\/h1><h2>Traffic bis die Homepage brummt<\/h2><p>Logisch, dass alle Ideen vom Print auch ins Web f\u00fchren. Da gibt\u2019s genaue Do-it-yourself Anleitun- gen und mehr: z. B. Bastelb\u00f6gen zum Ausdrucken und pfiffige Druckvorlagen.<\/p><\/div>\n<\/div>\n\n<div class=\"fw-row\">\n\t<div class=\"fw-col-xs-12\">\n\t<img decoding=\"async\" src=\"\/\/designbuero-zabel.de\/wp-content\/uploads\/2021\/02\/13_crossmedial_schema-min.png\" alt=\"\/\/designbuero-zabel.de\/wp-content\/uploads\/2021\/02\/13_crossmedial_schema-min.png\" class=\"eanz-4-img-2\" \/><p class=\"eanz-4-text-1\">Empfehlungsanzeigen im Handzettel<\/p><p class=\"eanz-4-text-2\">Website \u201eTRENDS\u201c<\/p><p class=\"eanz-4-text-3\">Unterseite \u201eGl\u00fcckslichter\u201c<\/p><p class=\"eanz-4-text-4\">Bastelbogen DIN A4 als Download<\/p><img decoding=\"async\" src=\"\/\/designbuero-zabel.de\/wp-content\/uploads\/2021\/02\/14_posts-min.png\" alt=\"\/\/designbuero-zabel.de\/wp-content\/uploads\/2021\/02\/14_posts-min.png\" class=\"eanz-4-img-3\" \/><\/div>\n<\/div>\n\n<div class=\"fw-row\">\n\t<div class=\"fw-col-xs-12 fw-col-sm-6\">\n\t<img decoding=\"async\" src=\"\/\/designbuero-zabel.de\/wp-content\/uploads\/2021\/02\/15_posts_01-min.jpg\" alt=\"\/\/designbuero-zabel.de\/wp-content\/uploads\/2021\/02\/15_posts_01-min.jpg\" class=\"eanz-4-img-4\" \/><img decoding=\"async\" src=\"\/\/designbuero-zabel.de\/wp-content\/uploads\/2021\/02\/17_posts_03-min.jpg\" alt=\"\/\/designbuero-zabel.de\/wp-content\/uploads\/2021\/02\/17_posts_03-min.jpg\" class=\"eanz-4-img-5\" \/><img decoding=\"async\" src=\"\/\/designbuero-zabel.de\/wp-content\/uploads\/2021\/02\/19_posts_05-min.jpg\" alt=\"\/\/designbuero-zabel.de\/wp-content\/uploads\/2021\/02\/19_posts_05-min.jpg\" class=\"eanz-4-img-5\" \/><\/div>\n<div class=\"fw-col-xs-12 fw-col-sm-6\">\n\t<img decoding=\"async\" src=\"\/\/designbuero-zabel.de\/wp-content\/uploads\/2021\/02\/16_posts_02-min.jpg\" alt=\"\/\/designbuero-zabel.de\/wp-content\/uploads\/2021\/02\/16_posts_02-min.jpg\" class=\"eanz-4-img-6\" \/><img decoding=\"async\" src=\"\/\/designbuero-zabel.de\/wp-content\/uploads\/2021\/02\/18_posts_04-min.jpg\" alt=\"\/\/designbuero-zabel.de\/wp-content\/uploads\/2021\/02\/18_posts_04-min.jpg\" class=\"\" \/><div class=\"eanz-4-div-1\"><h1>Wie gro\u00df ist die Liebe?<\/h1><h2>Doch, doch, das l\u00e4sst sich nachmessen:<\/h2><p>Likes, User-Klicks und Downloads auf Ihrer Website zeigen, wie gut Goodies &amp; Co. ankommen.<br \/><strong>W\u00e4re doch traurig, wenn die Liebe einseitig bliebe.<\/strong><\/p><\/div><\/div>\n<\/div>\n\n\t<\/div>\n<\/section>\n<\/p>\n","protected":false},"excerpt":{"rendered":"<p>Wer seine Kunden liebt, der gibt &#8230;&#8230; ihnen das entscheidende bisschen mehr: neben einem guten Produkt zu einem guten Preise eine gute Geschichte. Das neudeutsche Zauberwort \u201eStorytelling\u201c meint ein Angebot, das der Kunde nicht ablehnen kann. Denn es spricht seine Gef\u00fchle an und erlaubt es ihm, eigene Erinnerungen und Projektionen anzukn\u00fcpfen.Tipps und Tricks zum Selbermachen [&hellip;]<\/p>\n","protected":false},"author":1,"featured_media":0,"parent":0,"menu_order":0,"comment_status":"closed","ping_status":"closed","template":"","meta":{"footnotes":""},"class_list":["post-936","page","type-page","status-publish","hentry"],"_links":{"self":[{"href":"https:\/\/designbuero-zabel.de\/index.php?rest_route=\/wp\/v2\/pages\/936","targetHints":{"allow":["GET"]}}],"collection":[{"href":"https:\/\/designbuero-zabel.de\/index.php?rest_route=\/wp\/v2\/pages"}],"about":[{"href":"https:\/\/designbuero-zabel.de\/index.php?rest_route=\/wp\/v2\/types\/page"}],"author":[{"embeddable":true,"href":"https:\/\/designbuero-zabel.de\/index.php?rest_route=\/wp\/v2\/users\/1"}],"replies":[{"embeddable":true,"href":"https:\/\/designbuero-zabel.de\/index.php?rest_route=%2Fwp%2Fv2%2Fcomments&post=936"}],"version-history":[{"count":34,"href":"https:\/\/designbuero-zabel.de\/index.php?rest_route=\/wp\/v2\/pages\/936\/revisions"}],"predecessor-version":[{"id":2320,"href":"https:\/\/designbuero-zabel.de\/index.php?rest_route=\/wp\/v2\/pages\/936\/revisions\/2320"}],"wp:attachment":[{"href":"https:\/\/designbuero-zabel.de\/index.php?rest_route=%2Fwp%2Fv2%2Fmedia&parent=936"}],"curies":[{"name":"wp","href":"https:\/\/api.w.org\/{rel}","templated":true}]}}